{"id":37831,"date":"2025-02-20T23:29:52","date_gmt":"2025-02-20T22:29:52","guid":{"rendered":"https:\/\/olemosaic.orbitalia.org\/producto\/bol-de-coco-azul-sardina-3\/"},"modified":"2025-07-25T20:39:57","modified_gmt":"2025-07-25T18:39:57","slug":"taca-de-coco-azul-sardinha-3-pt-pt","status":"publish","type":"product","link":"https:\/\/olemosaic.orbitalia.org\/pt-pt\/produto\/taca-de-coco-azul-sardinha-3-pt-pt\/","title":{"rendered":"Ta\u00e7a de coco azul. Sardinha. Portugal. Fundo marinho."},"content":{"rendered":"<p>Esta ta\u00e7a de coco azul \u00e9 uma aut\u00eantica joia que evoca a ess\u00eancia do mar Mediterr\u00e2neo, ideal para adicionar um toque marinho a qualquer casa. O seu design apresenta um fundo azul claro salpicado de c\u00edrculos em diferentes tonalidades de azul, que simulam as ondula\u00e7\u00f5es da \u00e1gua, criando um efeito visual refrescante. No centro, destaca-se uma sardinha estilizada em terracota, que oferece um contraste atraente e se torna o ponto focal da pe\u00e7a.<\/p>\n<p>Fabricada de forma artesanal, esta ta\u00e7a n\u00e3o s\u00f3 \u00e9 funcional, como tamb\u00e9m atua como um objeto decorativo que celebra a gastronomia e cultura mar\u00edtima das regi\u00f5es costeiras. Ideal para servir aperitivos ou como elemento decorativo em qualquer mesa, esta ta\u00e7a \u00e9 um excelente souvenir que recorda a tradi\u00e7\u00e3o piscat\u00f3ria de muitas localidades.<\/p>\n<p>Na Ol\u00e9 Mosaic, especializamo-nos na distribui\u00e7\u00e3o de souvenirs por grosso, e esta ta\u00e7a de coco \u00e9 um presente distintivo perfeito para lojas de presentes tur\u00edsticos. A sua autenticidade e design representativo tornam-na uma op\u00e7\u00e3o excelente para turistas que procuram recorda\u00e7\u00f5es genu\u00ednas da sua visita, fazendo com que cada utiliza\u00e7\u00e3o desta ta\u00e7a seja uma celebra\u00e7\u00e3o do patrim\u00f3nio costeiro.<\/p>\n","protected":false},"excerpt":{"rendered":"<p>Ta\u00e7a de coco azul decorada com um elegante design de sardinha no centro, ideal para dar um toque marinho \u00e0 sua casa. Esta ta\u00e7a, feita de coco, apresenta um belo contraste entre o tom azul claro do fundo e os c\u00edrculos decorativos azuis, evocando a frescura do mar. A sardinha, estilizada em cor terracota, destaca-se no centro, oferecendo um atraente ponto de aten\u00e7\u00e3o visual. Perfeita para servir aperitivos ou como objeto decorativo.<\/p>\n","protected":false},"featured_media":11849,"template":"","meta":{"_acf_changed":false},"product_brand":[],"product_cat":[513],"product_tag":[516],"class_list":{"0":"post-37831","1":"product","2":"type-product","3":"status-publish","4":"has-post-thumbnail","6":"product_cat-bols","7":"product_tag-animais","8":"pa_motivo-sardinhas","10":"first","11":"instock","12":"shipping-taxable","13":"product-type-simple"},"acf":[],"_links":{"self":[{"href":"https:\/\/olemosaic.orbitalia.org\/pt-pt\/wp-json\/wp\/v2\/product\/37831","targetHints":{"allow":["GET"]}}],"collection":[{"href":"https:\/\/olemosaic.orbitalia.org\/pt-pt\/wp-json\/wp\/v2\/product"}],"about":[{"href":"https:\/\/olemosaic.orbitalia.org\/pt-pt\/wp-json\/wp\/v2\/types\/product"}],"wp:featuredmedia":[{"embeddable":true,"href":"https:\/\/olemosaic.orbitalia.org\/pt-pt\/wp-json\/wp\/v2\/media\/11849"}],"wp:attachment":[{"href":"https:\/\/olemosaic.orbitalia.org\/pt-pt\/wp-json\/wp\/v2\/media?parent=37831"}],"wp:term":[{"taxonomy":"product_brand","embeddable":true,"href":"https:\/\/olemosaic.orbitalia.org\/pt-pt\/wp-json\/wp\/v2\/product_brand?post=37831"},{"taxonomy":"product_cat","embeddable":true,"href":"https:\/\/olemosaic.orbitalia.org\/pt-pt\/wp-json\/wp\/v2\/product_cat?post=37831"},{"taxonomy":"product_tag","embeddable":true,"href":"https:\/\/olemosaic.orbitalia.org\/pt-pt\/wp-json\/wp\/v2\/product_tag?post=37831"}],"curies":[{"name":"wp","href":"https:\/\/api.w.org\/{rel}","templated":true}]}}