{"id":37817,"date":"2025-02-20T22:29:44","date_gmt":"2025-02-20T22:29:44","guid":{"rendered":"https:\/\/olemosaic.orbitalia.org\/producto\/bol-de-coco-azul-sardina-lisboa-2\/"},"modified":"2025-07-25T19:10:28","modified_gmt":"2025-07-25T17:10:28","slug":"taca-de-coco-azul-sardinha-lisboa-2-pt-pt","status":"publish","type":"product","link":"https:\/\/olemosaic.orbitalia.org\/pt-pt\/produto\/taca-de-coco-azul-sardinha-lisboa-2-pt-pt\/","title":{"rendered":"Ta\u00e7a de coco azul. Sardinha. Lisboa."},"content":{"rendered":"<p>Esta ta\u00e7a de coco azul, decorada com motivos de sardinhas, \u00e9 um aut\u00eantico tesouro que captura a ess\u00eancia vibrante de Lisboa. O seu design circular apresenta um fundo branco que real\u00e7a um conjunto de cora\u00e7\u00f5es coloridos em tons de azul, verde, rosa e laranja, criando um contraste alegre que embeleza qualquer espa\u00e7o. No centro da ta\u00e7a, destaca-se a ilustra\u00e7\u00e3o de uma sardinha, pedra angular da gastronomia lisboeta, acompanhada pelo texto \u00abLISBOA\u00bb numa elegante placa met\u00e1lica que acrescenta um toque moderno e distintivo.<\/p>\n<p>Fabricada com coco, esta ta\u00e7a n\u00e3o \u00e9 apenas uma pe\u00e7a decorativa, mas tamb\u00e9m uma recorda\u00e7\u00e3o funcional que o transportar\u00e1 para as ruas coloridas da capital portuguesa. A representa\u00e7\u00e3o da sardinha \u00e9 um aceno \u00e0 rica tradi\u00e7\u00e3o culun\u00e1ria de Lisboa, onde este peixe \u00e9 um s\u00edmbolo da cultura local e um ingrediente essencial em muitos pratos t\u00edpicos, como as famosas sardinhas assadas que se apreciam durante as festividades de ver\u00e3o.<\/p>\n<p>Esta ta\u00e7a \u00e9 uma recorda\u00e7\u00e3o ideal para os turistas que procuram levar para casa um peda\u00e7o de Lisboa. Na Ol\u00e9 Mosaic, somos distribuidores de lembran\u00e7as aut\u00eanticas e representativas, e esta ta\u00e7a n\u00e3o \u00e9 apenas uma op\u00e7\u00e3o \u00fanica para as lojas de presentes tur\u00edsticos, mas tamb\u00e9m uma pe\u00e7a que celebra a identidade cultural de Portugal. Cada ta\u00e7a de coco azul \u00e9 garantia de qualidade e artesanato, tornando-a um excelente artigo para quem deseja recordar a sua visita a Lisboa.<\/p>\n","protected":false},"excerpt":{"rendered":"<p>Ta\u00e7a de coco azul decorada com motivos de sardinhas, ideal para recordar Lisboa. Esta atraente ta\u00e7a apresenta um design circular adornado com cora\u00e7\u00f5es coloridos em tons de azul, verde, rosa e laranja, que contrastam com o fundo branco. No centro, destaca-se uma sardinha ilustrada e o texto &#8220;LISBOA&#8221; numa placa met\u00e1lica. O seu estilo vibrante e alegre torna-a uma bela recorda\u00e7\u00e3o ou um elegante acess\u00f3rio decorativo.<\/p>\n","protected":false},"featured_media":10323,"template":"","meta":{"_acf_changed":false},"product_brand":[],"product_cat":[513],"product_tag":[516],"class_list":{"0":"post-37817","1":"product","2":"type-product","3":"status-publish","4":"has-post-thumbnail","6":"product_cat-bols","7":"product_tag-animais","8":"pa_ciudad-lisboa","9":"pa_motivo-sardinhas","10":"pa_pais-portugal","12":"first","13":"instock","14":"shipping-taxable","15":"product-type-simple"},"acf":[],"_links":{"self":[{"href":"https:\/\/olemosaic.orbitalia.org\/pt-pt\/wp-json\/wp\/v2\/product\/37817","targetHints":{"allow":["GET"]}}],"collection":[{"href":"https:\/\/olemosaic.orbitalia.org\/pt-pt\/wp-json\/wp\/v2\/product"}],"about":[{"href":"https:\/\/olemosaic.orbitalia.org\/pt-pt\/wp-json\/wp\/v2\/types\/product"}],"wp:featuredmedia":[{"embeddable":true,"href":"https:\/\/olemosaic.orbitalia.org\/pt-pt\/wp-json\/wp\/v2\/media\/10323"}],"wp:attachment":[{"href":"https:\/\/olemosaic.orbitalia.org\/pt-pt\/wp-json\/wp\/v2\/media?parent=37817"}],"wp:term":[{"taxonomy":"product_brand","embeddable":true,"href":"https:\/\/olemosaic.orbitalia.org\/pt-pt\/wp-json\/wp\/v2\/product_brand?post=37817"},{"taxonomy":"product_cat","embeddable":true,"href":"https:\/\/olemosaic.orbitalia.org\/pt-pt\/wp-json\/wp\/v2\/product_cat?post=37817"},{"taxonomy":"product_tag","embeddable":true,"href":"https:\/\/olemosaic.orbitalia.org\/pt-pt\/wp-json\/wp\/v2\/product_tag?post=37817"}],"curies":[{"name":"wp","href":"https:\/\/api.w.org\/{rel}","templated":true}]}}