{"id":37816,"date":"2025-02-20T22:29:44","date_gmt":"2025-02-20T22:29:44","guid":{"rendered":"https:\/\/olemosaic.orbitalia.org\/producto\/bol-de-coco-azul-salamandra-barcelona-2\/"},"modified":"2025-07-25T20:26:12","modified_gmt":"2025-07-25T18:26:12","slug":"taca-de-coco-azul-salamandra-barcelona-2-pt-pt","status":"publish","type":"product","link":"https:\/\/olemosaic.orbitalia.org\/pt-pt\/produto\/taca-de-coco-azul-salamandra-barcelona-2-pt-pt\/","title":{"rendered":"Ta\u00e7a de coco azul. Salamandra. Barcelona."},"content":{"rendered":"<p>Esta ta\u00e7a de coco azul decorada com motivos de salamandra \u00e9 uma obra-prima que evoca a ess\u00eancia vibrante de Barcelona. O seu design apresenta um fundo preto que contrasta espetacularmente com os mosaicos em tons azuis e verdes, criando um efeito visual que capta a aten\u00e7\u00e3o de quem a admira. No centro, uma salamandra estilizada, s\u00edmbolo ic\u00f3nico da arquitetura modernista da cidade, destaca-se majestosamente juntamente com a palavra &#8220;Barcelona&#8221;, real\u00e7ando a liga\u00e7\u00e3o cultural do objeto com a rica hist\u00f3ria de arte e design da regi\u00e3o.<\/p>\n<p>Esta ta\u00e7a, com a sua forma elegante e a decora\u00e7\u00e3o em forma de cora\u00e7\u00e3o em redor da borda, n\u00e3o \u00e9 apenas esteticamente atraente, mas tamb\u00e9m funcional, ideal para usar como pe\u00e7a decorativa no lar ou como complemento para servir aperitivos. A sua autenticidade como recorda\u00e7\u00e3o torna-a um presente perfeito para turistas que procuram lembran\u00e7as representativas da sua visita \u00e0 cidade. Na Ol\u00e9 Mosaic, especializamo-nos na distribui\u00e7\u00e3o de lembran\u00e7as por grosso, e esta ta\u00e7a de coco azul \u00e9 uma excelente op\u00e7\u00e3o para lojas de presentes tur\u00edsticos que desejem incorporar produtos aut\u00eanticos e art\u00edsticos de Barcelona. Aproveite a oportunidade de oferecer esta ta\u00e7a exclusiva aos seus clientes, uma recorda\u00e7\u00e3o que encapsula a magia e a cultura de uma das cidades mais emblem\u00e1ticas de Espanha.<\/p>\n","protected":false},"excerpt":{"rendered":"<p>Ta\u00e7a de coco azul decorada com motivos de salamandra, que representa a ess\u00eancia vibrante de Barcelona. Esta elegante ta\u00e7a apresenta um fundo preto com um efeito de mosaico em tons azuis e verdes, real\u00e7ado por um design em forma de cora\u00e7\u00e3o. A imagem da salamandra, s\u00edmbolo da arquitetura modernista, situa-se no centro juntamente com a palavra &#8220;Barcelona&#8221;. Ideal para decora\u00e7\u00e3o ou como pe\u00e7a funcional no lar.<\/p>\n","protected":false},"featured_media":10232,"template":"","meta":{"_acf_changed":false},"product_brand":[],"product_cat":[513],"product_tag":[516],"class_list":{"0":"post-37816","1":"product","2":"type-product","3":"status-publish","4":"has-post-thumbnail","6":"product_cat-bols","7":"product_tag-animais","8":"pa_ciudad-barcelona","9":"pa_motivo-salamandras","10":"pa_pais-espana","12":"first","13":"instock","14":"shipping-taxable","15":"product-type-simple"},"acf":[],"_links":{"self":[{"href":"https:\/\/olemosaic.orbitalia.org\/pt-pt\/wp-json\/wp\/v2\/product\/37816","targetHints":{"allow":["GET"]}}],"collection":[{"href":"https:\/\/olemosaic.orbitalia.org\/pt-pt\/wp-json\/wp\/v2\/product"}],"about":[{"href":"https:\/\/olemosaic.orbitalia.org\/pt-pt\/wp-json\/wp\/v2\/types\/product"}],"wp:featuredmedia":[{"embeddable":true,"href":"https:\/\/olemosaic.orbitalia.org\/pt-pt\/wp-json\/wp\/v2\/media\/10232"}],"wp:attachment":[{"href":"https:\/\/olemosaic.orbitalia.org\/pt-pt\/wp-json\/wp\/v2\/media?parent=37816"}],"wp:term":[{"taxonomy":"product_brand","embeddable":true,"href":"https:\/\/olemosaic.orbitalia.org\/pt-pt\/wp-json\/wp\/v2\/product_brand?post=37816"},{"taxonomy":"product_cat","embeddable":true,"href":"https:\/\/olemosaic.orbitalia.org\/pt-pt\/wp-json\/wp\/v2\/product_cat?post=37816"},{"taxonomy":"product_tag","embeddable":true,"href":"https:\/\/olemosaic.orbitalia.org\/pt-pt\/wp-json\/wp\/v2\/product_tag?post=37816"}],"curies":[{"name":"wp","href":"https:\/\/api.w.org\/{rel}","templated":true}]}}