{"id":37815,"date":"2025-02-20T23:29:44","date_gmt":"2025-02-20T22:29:44","guid":{"rendered":"https:\/\/olemosaic.orbitalia.org\/producto\/bol-de-coco-azul-salamandra-gran-canaria\/"},"modified":"2025-07-25T18:53:58","modified_gmt":"2025-07-25T16:53:58","slug":"taca-de-coco-azul-salamandra-gran-canaria-pt-pt","status":"publish","type":"product","link":"https:\/\/olemosaic.orbitalia.org\/pt-pt\/produto\/taca-de-coco-azul-salamandra-gran-canaria-pt-pt\/","title":{"rendered":"Ta\u00e7a de coco azul. Salamandra. Gran Canaria."},"content":{"rendered":"<p>Esta ta\u00e7a de coco azul, decorada com motivos de salamandra, \u00e9 uma joia do artesanato can\u00e1rio que captura a ess\u00eancia vibrante de Gran Canaria. Cada pe\u00e7a, elaborada com esmero, destaca-se por um design pintado \u00e0 m\u00e3o no seu interior, onde um atraente mosaico de cora\u00e7\u00f5es e hex\u00e1gonos em tons azuis, verdes e rosas cria um conjunto cativante. No centro, a figura de uma salamandra, s\u00edmbolo da fauna \u00fanica da ilha, pousa sobre o texto distintivo &#8220;Gran Canaria&#8221;, acrescentando um toque cultural significativo.<\/p>\n<p>A combina\u00e7\u00e3o de cores vivas cria um ambiente festivo e alegre, transformando esta ta\u00e7a em algo mais do que um objeto decorativo: uma aut\u00eantica recorda\u00e7\u00e3o que reflete a rica biodiversidade e o patrim\u00f3nio cultural que caracteriza a regi\u00e3o. \u00c9 ideal tanto para decorar qualquer lar como para guardar uma recorda\u00e7\u00e3o especial de uma visita \u00e0 ilha.<\/p>\n<p>Esta ta\u00e7a de coco \u00e9 perfeita para turistas que procuram lembran\u00e7as que capturem a ess\u00eancia aut\u00f3ctone de Gran Canaria. Na Ol\u00e9 Mosaic, somos distribuidores grossistas de lembran\u00e7as de Gran Canaria, oferecendo produtos aut\u00eanticos e representativos que celebram a cultura espanhola. S\u00e3o ideais para lojas de presentes tur\u00edsticos que desejem oferecer aos seus clientes um peda\u00e7o desta bela ilha.<\/p>\n","protected":false},"excerpt":{"rendered":"<p>Ta\u00e7a de coco azul decorada com motivos de salamandras, que representa a fauna \u00fanica de Gran Canaria. Esta atraente ta\u00e7a apresenta um design artesanal, pintado \u00e0 m\u00e3o, no seu interior, onde figuras coloridas em forma de cora\u00e7\u00f5es e hex\u00e1gonos rodeiam o texto distintivo &#8220;Gran Canaria&#8221;. Os tons vibrantes como o azul, o verde e o rosa conferem um ar festivo, enquanto a imagem da salamandra no centro real\u00e7a a riqueza cultural da ilha. Ideal como recorda\u00e7\u00e3o ou pe\u00e7a decorativa.<\/p>\n","protected":false},"featured_media":10331,"template":"","meta":{"_acf_changed":false},"product_brand":[],"product_cat":[513],"product_tag":[516],"class_list":{"0":"post-37815","1":"product","2":"type-product","3":"status-publish","4":"has-post-thumbnail","6":"product_cat-bols","7":"product_tag-animais","8":"pa_ciudad-gran-canaria","9":"pa_motivo-salamandras","10":"pa_pais-espana","12":"first","13":"instock","14":"shipping-taxable","15":"product-type-simple"},"acf":[],"_links":{"self":[{"href":"https:\/\/olemosaic.orbitalia.org\/pt-pt\/wp-json\/wp\/v2\/product\/37815","targetHints":{"allow":["GET"]}}],"collection":[{"href":"https:\/\/olemosaic.orbitalia.org\/pt-pt\/wp-json\/wp\/v2\/product"}],"about":[{"href":"https:\/\/olemosaic.orbitalia.org\/pt-pt\/wp-json\/wp\/v2\/types\/product"}],"wp:featuredmedia":[{"embeddable":true,"href":"https:\/\/olemosaic.orbitalia.org\/pt-pt\/wp-json\/wp\/v2\/media\/10331"}],"wp:attachment":[{"href":"https:\/\/olemosaic.orbitalia.org\/pt-pt\/wp-json\/wp\/v2\/media?parent=37815"}],"wp:term":[{"taxonomy":"product_brand","embeddable":true,"href":"https:\/\/olemosaic.orbitalia.org\/pt-pt\/wp-json\/wp\/v2\/product_brand?post=37815"},{"taxonomy":"product_cat","embeddable":true,"href":"https:\/\/olemosaic.orbitalia.org\/pt-pt\/wp-json\/wp\/v2\/product_cat?post=37815"},{"taxonomy":"product_tag","embeddable":true,"href":"https:\/\/olemosaic.orbitalia.org\/pt-pt\/wp-json\/wp\/v2\/product_tag?post=37815"}],"curies":[{"name":"wp","href":"https:\/\/api.w.org\/{rel}","templated":true}]}}