{"id":37813,"date":"2025-02-20T22:29:44","date_gmt":"2025-02-20T22:29:44","guid":{"rendered":"https:\/\/olemosaic.orbitalia.org\/producto\/bol-de-coco-azul-flamenco-2\/"},"modified":"2025-07-25T18:58:23","modified_gmt":"2025-07-25T16:58:23","slug":"taca-de-coco-azul-flamengo-2","status":"publish","type":"product","link":"https:\/\/olemosaic.orbitalia.org\/pt-pt\/produto\/taca-de-coco-azul-flamengo-2\/","title":{"rendered":"Ta\u00e7a de coco azul. Flamengo."},"content":{"rendered":"<p>Esta ta\u00e7a de coco azul, decorada com flamengos, \u00e9 uma pe\u00e7a art\u00edstica que traz um toque vibrante e aut\u00eantico da Andaluzia a qualquer lar. O seu design artesanal apresenta uma encantadora ilustra\u00e7\u00e3o de dois flamengos entrela\u00e7ados, s\u00edmbolo de amor e alegria, no centro da ta\u00e7a. Estas elegantes aves, com os seus pesco\u00e7os em forma de cora\u00e7\u00e3o, est\u00e3o emolduradas por uma base que combina delicadamente tons suaves de azul com detalhes em forma de cora\u00e7\u00f5es de cores variadas: rosa, verde e roxo, evocando a frescura e o calor das flores num jardim andaluz.<\/p>\n<p>Esta ta\u00e7a funde a t\u00e9cnica artesanal com um estilo contempor\u00e2neo, capturando a ess\u00eancia da cultura do sul de Espanha e a sua rica tradi\u00e7\u00e3o em cer\u00e2mica. Perfeita para servir tapas ou como elemento decorativo, esta recorda\u00e7\u00e3o \u00e9 uma excelente op\u00e7\u00e3o para os turistas que procuram levar um peda\u00e7o da vibrante cultura andaluza para as suas casas. Na Ol\u00e9 Mosaic, especializamo-nos na distribui\u00e7\u00e3o de lembran\u00e7as por grosso, e esta ta\u00e7a de coco azul representa a autenticidade e a qualidade que nos caracterizam como grossistas de artigos artesanais. Um presente ideal que n\u00e3o s\u00f3 adorna, mas tamb\u00e9m recorda a beleza do patrim\u00f3nio espanhol.<\/p>\n","protected":false},"excerpt":{"rendered":"<p>Ta\u00e7a de coco azul decorada com motivos de flamengos, um s\u00edmbolo de amor e alegria. Esta ta\u00e7a exclusiva funde t\u00e9cnica artesanal e design vibrante, com uma base de cores suaves em forma de cora\u00e7\u00f5es que emolduram a imagem de dois flamengos entrela\u00e7ados. Ideal para conferir um toque andaluz a qualquer lar, destaca o artesanato tradicional e o colorido caracter\u00edstico do sul de Espanha.<\/p>\n","protected":false},"featured_media":13486,"template":"","meta":{"_acf_changed":false},"product_brand":[],"product_cat":[513],"product_tag":[516],"class_list":{"0":"post-37813","1":"product","2":"type-product","3":"status-publish","4":"has-post-thumbnail","6":"product_cat-bols","7":"product_tag-animais","8":"pa_motivo-flamingos","10":"first","11":"instock","12":"shipping-taxable","13":"product-type-simple"},"acf":[],"_links":{"self":[{"href":"https:\/\/olemosaic.orbitalia.org\/pt-pt\/wp-json\/wp\/v2\/product\/37813","targetHints":{"allow":["GET"]}}],"collection":[{"href":"https:\/\/olemosaic.orbitalia.org\/pt-pt\/wp-json\/wp\/v2\/product"}],"about":[{"href":"https:\/\/olemosaic.orbitalia.org\/pt-pt\/wp-json\/wp\/v2\/types\/product"}],"wp:featuredmedia":[{"embeddable":true,"href":"https:\/\/olemosaic.orbitalia.org\/pt-pt\/wp-json\/wp\/v2\/media\/13486"}],"wp:attachment":[{"href":"https:\/\/olemosaic.orbitalia.org\/pt-pt\/wp-json\/wp\/v2\/media?parent=37813"}],"wp:term":[{"taxonomy":"product_brand","embeddable":true,"href":"https:\/\/olemosaic.orbitalia.org\/pt-pt\/wp-json\/wp\/v2\/product_brand?post=37813"},{"taxonomy":"product_cat","embeddable":true,"href":"https:\/\/olemosaic.orbitalia.org\/pt-pt\/wp-json\/wp\/v2\/product_cat?post=37813"},{"taxonomy":"product_tag","embeddable":true,"href":"https:\/\/olemosaic.orbitalia.org\/pt-pt\/wp-json\/wp\/v2\/product_tag?post=37813"}],"curies":[{"name":"wp","href":"https:\/\/api.w.org\/{rel}","templated":true}]}}