{"id":37812,"date":"2025-02-20T23:29:39","date_gmt":"2025-02-20T22:29:39","guid":{"rendered":"https:\/\/olemosaic.orbitalia.org\/producto\/bol-de-coco-amarillo-salamandra-barcelona\/"},"modified":"2025-07-25T20:07:39","modified_gmt":"2025-07-25T18:07:39","slug":"taca-de-coco-amarela-salamandra-barcelona-pt-pt","status":"publish","type":"product","link":"https:\/\/olemosaic.orbitalia.org\/pt-pt\/produto\/taca-de-coco-amarela-salamandra-barcelona-pt-pt\/","title":{"rendered":"Ta\u00e7a de coco amarela. Salamandra. Barcelona."},"content":{"rendered":"<p>Esta ta\u00e7a de coco amarela, decorada com uma salamandra, representa a ess\u00eancia vibrante de Barcelona, fundindo arte e cultura numa pe\u00e7a \u00fanica. Fabricada artesanalmente, esta ta\u00e7a destaca-se pela sua requintada pintura \u00e0 m\u00e3o, onde um fundo preto resplandece com reflexos dourados, criando um contraste atraente que capta a aten\u00e7\u00e3o. A borda da ta\u00e7a est\u00e1 adornada com formas em tons amarelos que evocam o calor do sol mediterr\u00e2nico, enquanto no centro, uma requintada figura de salamandra assenta sobre a palavra &#8220;Barcelona&#8221;, vinculando a pe\u00e7a ao rico patrim\u00f3nio cultural da cidade.<\/p>\n<p>A salamandra, s\u00edmbolo de resist\u00eancia e adapta\u00e7\u00e3o, tamb\u00e9m pode ser vista em alguns designs arquitet\u00f3nicos de Barcelona, ligando ainda mais esta ta\u00e7a \u00e0 identidade local. Ideal tanto para servir alimentos como para decorar, esta ta\u00e7a n\u00e3o \u00e9 apenas funcional, mas tamb\u00e9m uma recorda\u00e7\u00e3o perfeita que celebra a vida e a diversidade desta ic\u00f3nica cidade.<\/p>\n<p>Na Ol\u00e9 Mosaic, como grossistas de souvenirs de qualidade, oferecemos produtos aut\u00eanticos e representativos da cultura espanhola. Esta ta\u00e7a de coco amarela \u00e9 uma excelente op\u00e7\u00e3o para turistas que procuram recorda\u00e7\u00f5es de Barcelona, e tamb\u00e9m um presente significativo para quem deseja levar um peda\u00e7o da rica tradi\u00e7\u00e3o artesanal de Espanha.<\/p>\n","protected":false},"excerpt":{"rendered":"<p>Ta\u00e7a de coco amarela decorada com uma salamandra, uma alus\u00e3o \u00e0 ess\u00eancia de Barcelona. Esta atraente ta\u00e7a artesanal destaca-se pela sua pintura \u00e0 m\u00e3o: um fundo preto com reflexos dourados e uma borda com formas em tons amarelos. No centro, a salamandra, juntamente com a palavra &#8220;Barcelona&#8221;, funde elementos culturais com um design moderno. Ideal para servir ou como pe\u00e7a decorativa.<\/p>\n","protected":false},"featured_media":10236,"template":"","meta":{"_acf_changed":false},"product_brand":[],"product_cat":[513],"product_tag":[516],"class_list":{"0":"post-37812","1":"product","2":"type-product","3":"status-publish","4":"has-post-thumbnail","6":"product_cat-bols","7":"product_tag-animais","8":"pa_ciudad-barcelona","9":"pa_motivo-salamandras","10":"pa_pais-espana","12":"first","13":"instock","14":"shipping-taxable","15":"product-type-simple"},"acf":[],"_links":{"self":[{"href":"https:\/\/olemosaic.orbitalia.org\/pt-pt\/wp-json\/wp\/v2\/product\/37812","targetHints":{"allow":["GET"]}}],"collection":[{"href":"https:\/\/olemosaic.orbitalia.org\/pt-pt\/wp-json\/wp\/v2\/product"}],"about":[{"href":"https:\/\/olemosaic.orbitalia.org\/pt-pt\/wp-json\/wp\/v2\/types\/product"}],"wp:featuredmedia":[{"embeddable":true,"href":"https:\/\/olemosaic.orbitalia.org\/pt-pt\/wp-json\/wp\/v2\/media\/10236"}],"wp:attachment":[{"href":"https:\/\/olemosaic.orbitalia.org\/pt-pt\/wp-json\/wp\/v2\/media?parent=37812"}],"wp:term":[{"taxonomy":"product_brand","embeddable":true,"href":"https:\/\/olemosaic.orbitalia.org\/pt-pt\/wp-json\/wp\/v2\/product_brand?post=37812"},{"taxonomy":"product_cat","embeddable":true,"href":"https:\/\/olemosaic.orbitalia.org\/pt-pt\/wp-json\/wp\/v2\/product_cat?post=37812"},{"taxonomy":"product_tag","embeddable":true,"href":"https:\/\/olemosaic.orbitalia.org\/pt-pt\/wp-json\/wp\/v2\/product_tag?post=37812"}],"curies":[{"name":"wp","href":"https:\/\/api.w.org\/{rel}","templated":true}]}}