{"id":37811,"date":"2025-02-20T23:29:38","date_gmt":"2025-02-20T22:29:38","guid":{"rendered":"https:\/\/olemosaic.orbitalia.org\/producto\/bol-de-coco-amarillo-sagrada-familia-barcelona\/"},"modified":"2025-07-25T19:17:23","modified_gmt":"2025-07-25T17:17:23","slug":"taca-de-coco-amarela-sagrada-familia-barcelona-pt-pt","status":"publish","type":"product","link":"https:\/\/olemosaic.orbitalia.org\/pt-pt\/produto\/taca-de-coco-amarela-sagrada-familia-barcelona-pt-pt\/","title":{"rendered":"Ta\u00e7a de coco amarela. Sagrada Fam\u00edlia. Barcelona."},"content":{"rendered":"<p>Esta ta\u00e7a de coco amarela, decorada com uma representa\u00e7\u00e3o da Sagrada Fam\u00edlia, \u00e9 um aut\u00eantico tesouro artesanal que captura a ess\u00eancia de Barcelona. Pintada \u00e0 m\u00e3o com min\u00facia, o seu design apresenta um fundo castanho escuro que contrasta na perfei\u00e7\u00e3o com os vibrantes detalhes amarelos e os cora\u00e7\u00f5es que adornam a sua borda, conferindo um toque encantador e contempor\u00e2neo \u00e0 arte tradicional da cer\u00e2mica. A Sagrada Fam\u00edlia, monumento emblem\u00e1tico da cidade, destaca-se no centro, simbolizando n\u00e3o apenas a ic\u00f3nica arquitetura de Antoni Gaud\u00ed, mas tamb\u00e9m o esp\u00edrito cultural de Barcelona. Esta ta\u00e7a, al\u00e9m de ser um artigo decorativo, \u00e9 funcional, ideal para servir aperitivos ou simplesmente como pe\u00e7a chamativa em qualquer lar. O seu design \u00fanico e colorido torna-a o presente perfeito para quem procura souvenirs aut\u00eanticos que reflitam a riqueza cultural e art\u00edstica da regi\u00e3o. Na Ol\u00e9 Mosaic, especializamo-nos na distribui\u00e7\u00e3o de souvenirs por grosso, e esta ta\u00e7a de coco amarela \u00e9 uma magn\u00edfica op\u00e7\u00e3o para lojas de presentes tur\u00edsticos que desejem oferecer produtos que evoquem recorda\u00e7\u00f5es queridas de Barcelona. Esta ta\u00e7a representa a fus\u00e3o de tradi\u00e7\u00e3o e modernidade, ideal para quem procura uma recorda\u00e7\u00e3o que transcenda o ordin\u00e1rio e celebre a vibrante cultura catal\u00e3.<\/p>\n","protected":false},"excerpt":{"rendered":"<p>Ta\u00e7a de coco amarela decorada com uma representa\u00e7\u00e3o da Sagrada Fam\u00edlia, s\u00edmbolo emblem\u00e1tico de Barcelona. Este produto artesanal destaca-se pelo seu design artesanal, pintado \u00e0 m\u00e3o, que inclui um fundo castanho escuro com detalhes amarelos e cora\u00e7\u00f5es na borda. A combina\u00e7\u00e3o de cores vibrantes e a t\u00e9cnica da cer\u00e2mica tradicional conferem-lhe um toque encantador e aut\u00eantico, sendo ideal tanto para decora\u00e7\u00e3o como para uso funcional.<\/p>\n","protected":false},"featured_media":13464,"template":"","meta":{"_acf_changed":false},"product_brand":[],"product_cat":[513],"product_tag":[],"class_list":{"0":"post-37811","1":"product","2":"type-product","3":"status-publish","4":"has-post-thumbnail","6":"product_cat-bols","7":"pa_ciudad-barcelona","8":"pa_motivo-sagrada-familia","9":"pa_pais-espana","11":"first","12":"instock","13":"shipping-taxable","14":"product-type-simple"},"acf":[],"_links":{"self":[{"href":"https:\/\/olemosaic.orbitalia.org\/pt-pt\/wp-json\/wp\/v2\/product\/37811","targetHints":{"allow":["GET"]}}],"collection":[{"href":"https:\/\/olemosaic.orbitalia.org\/pt-pt\/wp-json\/wp\/v2\/product"}],"about":[{"href":"https:\/\/olemosaic.orbitalia.org\/pt-pt\/wp-json\/wp\/v2\/types\/product"}],"wp:featuredmedia":[{"embeddable":true,"href":"https:\/\/olemosaic.orbitalia.org\/pt-pt\/wp-json\/wp\/v2\/media\/13464"}],"wp:attachment":[{"href":"https:\/\/olemosaic.orbitalia.org\/pt-pt\/wp-json\/wp\/v2\/media?parent=37811"}],"wp:term":[{"taxonomy":"product_brand","embeddable":true,"href":"https:\/\/olemosaic.orbitalia.org\/pt-pt\/wp-json\/wp\/v2\/product_brand?post=37811"},{"taxonomy":"product_cat","embeddable":true,"href":"https:\/\/olemosaic.orbitalia.org\/pt-pt\/wp-json\/wp\/v2\/product_cat?post=37811"},{"taxonomy":"product_tag","embeddable":true,"href":"https:\/\/olemosaic.orbitalia.org\/pt-pt\/wp-json\/wp\/v2\/product_tag?post=37811"}],"curies":[{"name":"wp","href":"https:\/\/api.w.org\/{rel}","templated":true}]}}