{"id":37810,"date":"2025-02-20T23:29:38","date_gmt":"2025-02-20T22:29:38","guid":{"rendered":"https:\/\/olemosaic.orbitalia.org\/producto\/bol-de-coco-amarillo-tortuga\/"},"modified":"2025-07-25T19:23:03","modified_gmt":"2025-07-25T17:23:03","slug":"taca-de-coco-amarela-tartaruga-pt-pt","status":"publish","type":"product","link":"https:\/\/olemosaic.orbitalia.org\/pt-pt\/produto\/taca-de-coco-amarela-tartaruga-pt-pt\/","title":{"rendered":"Ta\u00e7a de coco amarela. Tartaruga."},"content":{"rendered":"<p>Esta ta\u00e7a de coco amarela, decorada com uma simp\u00e1tica tartaruga, \u00e9 uma requintada pe\u00e7a artesanal que evoca o vibrante folclore costeiro das regi\u00f5es mediterr\u00e2nicas. Com a sua base castanha, a ta\u00e7a real\u00e7a o design pintado \u00e0 m\u00e3o, no qual a tartaruga ocupa um lugar central, simbolizando a longevidade e a liga\u00e7\u00e3o com o mar, elementos profundamente enraizados na cultura mar\u00edtima das povoa\u00e7\u00f5es costeiras. Em redor da tartaruga, um delicado padr\u00e3o de cora\u00e7\u00f5es num tom amarelo brilhante confere um toque alegre e colorido, tornando esta pe\u00e7a um belo complemento decorativo para qualquer lar.<\/p>\n<p>A ta\u00e7a n\u00e3o \u00e9 apenas um objeto esteticamente atraente, mas tamb\u00e9m representa uma rica tradi\u00e7\u00e3o cultural, j\u00e1 que muitas comunidades costeiras utilizam a tartaruga como s\u00edmbolo de prote\u00e7\u00e3o e prosperidade. Esta ta\u00e7a de coco amarela \u00e9 ideal para servir aperitivos ou como centro de mesa, mas tamb\u00e9m atua como um lembrete da beleza e diversidade da vida marinha e da import\u00e2ncia da sua conserva\u00e7\u00e3o. Na Ol\u00e9 Mosaic, somos especialistas na distribui\u00e7\u00e3o de souvenirs por grosso, e esta ta\u00e7a \u00e9 uma maravilhosa op\u00e7\u00e3o para lojas de presentes tur\u00edsticos que procuram aut\u00eanticas recorda\u00e7\u00f5es representativas da cultura regional. Com o seu car\u00e1ter \u00fanico e o seu design artesanal, a ta\u00e7a \u00e9 um souvenir perfeito que encantar\u00e1 quem procura um toque ex\u00f3tico e aut\u00eantico das suas viagens.<\/p>\n","protected":false},"excerpt":{"rendered":"<p>Ta\u00e7a de coco amarela decorada com uma encantadora tartaruga, evocando o vibrante folclore costeiro da regi\u00e3o. Esta ta\u00e7a apresenta um design art\u00edstico artesanal, pintado \u00e0 m\u00e3o, com um fundo castanho que real\u00e7a as alegorias em amarelo e detalhes em forma de cora\u00e7\u00e3o. A tartaruga, s\u00edmbolo de longevidade e liga\u00e7\u00e3o com o mar, situa-se no centro, rodeada por um delicado padr\u00e3o que acrescenta um toque colorido e alegre. Perfeita para adicionar um toque ex\u00f3tico a qualquer decora\u00e7\u00e3o.<\/p>\n","protected":false},"featured_media":10185,"template":"","meta":{"_acf_changed":false},"product_brand":[],"product_cat":[513],"product_tag":[516],"class_list":{"0":"post-37810","1":"product","2":"type-product","3":"status-publish","4":"has-post-thumbnail","6":"product_cat-bols","7":"product_tag-animais","8":"pa_motivo-tartarugas","10":"first","11":"instock","12":"shipping-taxable","13":"product-type-simple"},"acf":[],"_links":{"self":[{"href":"https:\/\/olemosaic.orbitalia.org\/pt-pt\/wp-json\/wp\/v2\/product\/37810","targetHints":{"allow":["GET"]}}],"collection":[{"href":"https:\/\/olemosaic.orbitalia.org\/pt-pt\/wp-json\/wp\/v2\/product"}],"about":[{"href":"https:\/\/olemosaic.orbitalia.org\/pt-pt\/wp-json\/wp\/v2\/types\/product"}],"wp:featuredmedia":[{"embeddable":true,"href":"https:\/\/olemosaic.orbitalia.org\/pt-pt\/wp-json\/wp\/v2\/media\/10185"}],"wp:attachment":[{"href":"https:\/\/olemosaic.orbitalia.org\/pt-pt\/wp-json\/wp\/v2\/media?parent=37810"}],"wp:term":[{"taxonomy":"product_brand","embeddable":true,"href":"https:\/\/olemosaic.orbitalia.org\/pt-pt\/wp-json\/wp\/v2\/product_brand?post=37810"},{"taxonomy":"product_cat","embeddable":true,"href":"https:\/\/olemosaic.orbitalia.org\/pt-pt\/wp-json\/wp\/v2\/product_cat?post=37810"},{"taxonomy":"product_tag","embeddable":true,"href":"https:\/\/olemosaic.orbitalia.org\/pt-pt\/wp-json\/wp\/v2\/product_tag?post=37810"}],"curies":[{"name":"wp","href":"https:\/\/api.w.org\/{rel}","templated":true}]}}