{"id":37808,"date":"2025-02-20T22:29:38","date_gmt":"2025-02-20T22:29:38","guid":{"rendered":"https:\/\/olemosaic.orbitalia.org\/producto\/bol-de-coco-amarillo-flamenco\/"},"modified":"2025-07-25T19:42:58","modified_gmt":"2025-07-25T17:42:58","slug":"taca-de-coco-amarela-flamenco-pt-pt","status":"publish","type":"product","link":"https:\/\/olemosaic.orbitalia.org\/pt-pt\/produto\/taca-de-coco-amarela-flamenco-pt-pt\/","title":{"rendered":"Ta\u00e7a de coco amarela. Flamenco."},"content":{"rendered":"<p>Esta ta\u00e7a de coco amarela, decorada com dois flamingos entrela\u00e7ados num cora\u00e7\u00e3o, \u00e9 uma pe\u00e7a de destaque que reflete a ess\u00eancia vibrante do folclore espanhol. Fabricada em cer\u00e2mica tradicional, combina eleg\u00e2ncia e funcionalidade, tornando-a um objeto ideal tanto para decorar como para servir aperitivos. A base da ta\u00e7a apresenta um belo tom amarelo quente que evoca a luz do sol espanhol, adornado com um intrincado design de cora\u00e7\u00f5es que acrescenta um toque rom\u00e2ntico e alegre. No centro, os flamingos, representados num amarelo radiante, parecem dan\u00e7ar num abra\u00e7o emotivo, simbolizando o amor e a uni\u00e3o.<\/p>\n<p>Esta ta\u00e7a n\u00e3o \u00e9 apenas um elemento decorativo; o seu design atraente torna-a uma recorda\u00e7\u00e3o maravilhosa que captura a alegria e vivacidade das tradi\u00e7\u00f5es espanholas. A liga\u00e7\u00e3o cultural deste produto destaca-se na sua representa\u00e7\u00e3o do flamenco, aves ic\u00f3nicas da regi\u00e3o que simbolizam a beleza natural e a diversidade da fauna espanhola.<\/p>\n<p>A Ol\u00e9 Mosaic orgulha-se de oferecer recorda\u00e7\u00f5es aut\u00eanticas, e esta ta\u00e7a de coco amarela \u00e9 uma excelente op\u00e7\u00e3o para lojas de presentes tur\u00edsticos que desejem oferecer produtos com significado cultural. Com o seu design \u00fanico e colorido, \u00e9 um presente perfeito para quem procura levar um pedacinho da rica heran\u00e7a espanhola para as suas casas, fazendo desta ta\u00e7a um artigo indispens\u00e1vel para qualquer estabelecimento que valorize o aut\u00eantico e tradicional.<\/p>\n","protected":false},"excerpt":{"rendered":"<p>Ta\u00e7a de coco amarela decorada com dois flamingos entrela\u00e7ados formando um cora\u00e7\u00e3o. Esta atraente ta\u00e7a, que funde a cer\u00e2mica tradicional, apresenta um design vibrante em tons amarelos e castanhos, com detalhes de cora\u00e7\u00f5es que lhe conferem um toque rom\u00e2ntico. Ideal como elemento decorativo ou para servir aperitivos, esta ta\u00e7a representa a ess\u00eancia do folclore espanhol com o seu design alegre e colorido. Perfeita para quem procura um souvenir \u00fanico de Espanha.<\/p>\n","protected":false},"featured_media":13460,"template":"","meta":{"_acf_changed":false},"product_brand":[],"product_cat":[513],"product_tag":[516],"class_list":{"0":"post-37808","1":"product","2":"type-product","3":"status-publish","4":"has-post-thumbnail","6":"product_cat-bols","7":"product_tag-animais","8":"pa_motivo-flamingos","10":"first","11":"instock","12":"shipping-taxable","13":"product-type-simple"},"acf":[],"_links":{"self":[{"href":"https:\/\/olemosaic.orbitalia.org\/pt-pt\/wp-json\/wp\/v2\/product\/37808","targetHints":{"allow":["GET"]}}],"collection":[{"href":"https:\/\/olemosaic.orbitalia.org\/pt-pt\/wp-json\/wp\/v2\/product"}],"about":[{"href":"https:\/\/olemosaic.orbitalia.org\/pt-pt\/wp-json\/wp\/v2\/types\/product"}],"wp:featuredmedia":[{"embeddable":true,"href":"https:\/\/olemosaic.orbitalia.org\/pt-pt\/wp-json\/wp\/v2\/media\/13460"}],"wp:attachment":[{"href":"https:\/\/olemosaic.orbitalia.org\/pt-pt\/wp-json\/wp\/v2\/media?parent=37808"}],"wp:term":[{"taxonomy":"product_brand","embeddable":true,"href":"https:\/\/olemosaic.orbitalia.org\/pt-pt\/wp-json\/wp\/v2\/product_brand?post=37808"},{"taxonomy":"product_cat","embeddable":true,"href":"https:\/\/olemosaic.orbitalia.org\/pt-pt\/wp-json\/wp\/v2\/product_cat?post=37808"},{"taxonomy":"product_tag","embeddable":true,"href":"https:\/\/olemosaic.orbitalia.org\/pt-pt\/wp-json\/wp\/v2\/product_tag?post=37808"}],"curies":[{"name":"wp","href":"https:\/\/api.w.org\/{rel}","templated":true}]}}