{"id":37807,"date":"2025-02-20T23:29:35","date_gmt":"2025-02-20T22:29:35","guid":{"rendered":"https:\/\/olemosaic.orbitalia.org\/producto\/bol-de-coco-abanico\/"},"modified":"2025-07-25T18:33:27","modified_gmt":"2025-07-25T16:33:27","slug":"taca-de-coco-leque-pt-pt","status":"publish","type":"product","link":"https:\/\/olemosaic.orbitalia.org\/pt-pt\/produto\/taca-de-coco-leque-pt-pt\/","title":{"rendered":"Ta\u00e7a de coco. Leque."},"content":{"rendered":"<p>Esta ta\u00e7a de cer\u00e2mica, decorada com um vibrante mosaico de cores, \u00e9 um aut\u00eantico tesouro do artesanato mediterr\u00e2neo, ideal para quem deseje adicionar um toque art\u00edstico ao seu lar. Com um design elaborado a partir de pequenas pe\u00e7as de cer\u00e2mica em tons de rosa, azul e roxo, este elegante recipiente apresenta um delicado motivo central em forma de concha que evoca a beleza e a diversidade das costas espanholas. O seu acabamento brilhante n\u00e3o s\u00f3 real\u00e7a as cores vivas, como tamb\u00e9m permite que cada detalhe resplande\u00e7a, tornando-o um objeto que capta a aten\u00e7\u00e3o em qualquer espa\u00e7o.<\/p>\n<p>A liga\u00e7\u00e3o cultural desta ta\u00e7a reside na sua inspira\u00e7\u00e3o na tradi\u00e7\u00e3o cer\u00e2mica que floresceu em regi\u00f5es como a Andaluzia e Val\u00eancia, onde a cer\u00e2mica \u00e9 um s\u00edmbolo do patrim\u00f3nio local. Este souvenir n\u00e3o \u00e9 apenas um belo elemento decorativo, mas tamb\u00e9m uma representa\u00e7\u00e3o aut\u00eantica da heran\u00e7a cultural de Espanha, ideal para turistas que procuram levar consigo um peda\u00e7o da cultura mediterr\u00e2nea. Na Ol\u00e9 Mosaic, como grossista de produtos artesanais, garantimos a qualidade e autenticidade dos nossos souvenirs. Esta ta\u00e7a de cer\u00e2mica \u00e9 uma excelente op\u00e7\u00e3o para lojas de presentes tur\u00edsticos que desejem oferecer uma recorda\u00e7\u00e3o representativa e art\u00edstica das tradi\u00e7\u00f5es espanholas.<\/p>\n","protected":false},"excerpt":{"rendered":"<p>Ta\u00e7a de coco decorada com um vibrante mosaico de cores, ideal para adicionar um toque art\u00edstico a qualquer lar. Este elegante recipiente apresenta um design que inclui pequenas pe\u00e7as de cer\u00e2mica em tons de rosa, azul e roxo, al\u00e9m de um delicado motivo central em forma de concha. O seu acabamento brilhante e a sua est\u00e9tica mediterr\u00e2nea tornam-no um souvenir perfeito das costas espanholas, evocando a beleza da cer\u00e2mica tradicional.<\/p>\n","protected":false},"featured_media":11806,"template":"","meta":{"_acf_changed":false},"product_brand":[],"product_cat":[513],"product_tag":[],"class_list":{"0":"post-37807","1":"product","2":"type-product","3":"status-publish","4":"has-post-thumbnail","6":"product_cat-bols","7":"pa_motivo-leques","9":"first","10":"instock","11":"shipping-taxable","12":"product-type-simple"},"acf":[],"_links":{"self":[{"href":"https:\/\/olemosaic.orbitalia.org\/pt-pt\/wp-json\/wp\/v2\/product\/37807","targetHints":{"allow":["GET"]}}],"collection":[{"href":"https:\/\/olemosaic.orbitalia.org\/pt-pt\/wp-json\/wp\/v2\/product"}],"about":[{"href":"https:\/\/olemosaic.orbitalia.org\/pt-pt\/wp-json\/wp\/v2\/types\/product"}],"wp:featuredmedia":[{"embeddable":true,"href":"https:\/\/olemosaic.orbitalia.org\/pt-pt\/wp-json\/wp\/v2\/media\/11806"}],"wp:attachment":[{"href":"https:\/\/olemosaic.orbitalia.org\/pt-pt\/wp-json\/wp\/v2\/media?parent=37807"}],"wp:term":[{"taxonomy":"product_brand","embeddable":true,"href":"https:\/\/olemosaic.orbitalia.org\/pt-pt\/wp-json\/wp\/v2\/product_brand?post=37807"},{"taxonomy":"product_cat","embeddable":true,"href":"https:\/\/olemosaic.orbitalia.org\/pt-pt\/wp-json\/wp\/v2\/product_cat?post=37807"},{"taxonomy":"product_tag","embeddable":true,"href":"https:\/\/olemosaic.orbitalia.org\/pt-pt\/wp-json\/wp\/v2\/product_tag?post=37807"}],"curies":[{"name":"wp","href":"https:\/\/api.w.org\/{rel}","templated":true}]}}