{"id":37806,"date":"2025-02-20T23:29:35","date_gmt":"2025-02-20T22:29:35","guid":{"rendered":"https:\/\/olemosaic.orbitalia.org\/producto\/bol-de-ceramica-de-9-cm-caballito-de-mar-beige\/"},"modified":"2025-07-25T20:07:45","modified_gmt":"2025-07-25T18:07:45","slug":"taca-de-ceramica-de-9-cm-cavalo-marinho-bege-pt-pt","status":"publish","type":"product","link":"https:\/\/olemosaic.orbitalia.org\/pt-pt\/produto\/taca-de-ceramica-de-9-cm-cavalo-marinho-bege-pt-pt\/","title":{"rendered":"Ta\u00e7a de cer\u00e2mica de 9 cm. Cavalo-marinho. Bege"},"content":{"rendered":"<p>Esta ta\u00e7a de cer\u00e2mica, decorada com encantadores cavalos-marinhos, \u00e9 um souvenir ideal que captura a ess\u00eancia do Mediterr\u00e2neo. Com um di\u00e2metro de 9 cm, a sua base bege proporciona um fundo atraente que real\u00e7a as cores vibrantes dos cavalos-marinhos em tons de azul, vermelho e verde, que nadam entre estrelas-do-mar. Este design alegre e sofisticado \u00e9 complementado por uma borda vermelha que acrescenta um toque de calor e autenticidade \u00e0 pe\u00e7a. Cada ta\u00e7a \u00e9 pintada \u00e0 m\u00e3o por talentosos artes\u00e3os, o que assegura n\u00e3o s\u00f3 a sua singularidade, mas tamb\u00e9m a qualidade do seu acabamento.<\/p>\n<p>Esta ta\u00e7a n\u00e3o serve apenas como um recipiente est\u00e9tico, mas tamb\u00e9m evoca recorda\u00e7\u00f5es das brilhantes costas espanholas, tornando-se uma recorda\u00e7\u00e3o representativa da rica cultura e tradi\u00e7\u00e3o da regi\u00e3o. Com o seu design atraente e colorido, \u00e9 uma excelente op\u00e7\u00e3o para turistas que procuram souvenirs \u00fanicos que encapsulem a beleza do mar e a cultura mediterr\u00e2nea. Na Ol\u00e9 Mosaic, orgulhamo-nos de ser distribuidores grossistas de souvenirs aut\u00eanticos e artesanais. Esta ta\u00e7a de cer\u00e2mica com cavalos-marinhos \u00e9 uma op\u00e7\u00e3o de destaque que acrescenta um toque mediterr\u00e2neo a qualquer loja de presentes tur\u00edsticos, garantindo satisfa\u00e7\u00e3o e encanto em cada compra.<\/p>\n","protected":false},"excerpt":{"rendered":"<p>Ta\u00e7a de cer\u00e2mica de 9 cm decorada com um design vibrante de cavalos-marinhos, ideal para conferir um toque mediterr\u00e2neo a qualquer espa\u00e7o. A sua base bege contrasta com os coloridos cavalos-marinhos em tons de azul, vermelho e verde, acompanhados de estrelas-do-mar sobre um fundo sofisticado. Esta pe\u00e7a aparenta ser pintada \u00e0 m\u00e3o, o que garante a sua singularidade e qualidade artesanal, sendo perfeita como recorda\u00e7\u00e3o da costa espanhola.<\/p>\n","protected":false},"featured_media":7362,"template":"","meta":{"_acf_changed":false},"product_brand":[],"product_cat":[513],"product_tag":[516,515],"class_list":{"0":"post-37806","1":"product","2":"type-product","3":"status-publish","4":"has-post-thumbnail","6":"product_cat-bols","7":"product_tag-animais","8":"product_tag-ceramica","9":"pa_motivo-cavalos-marinhos","11":"first","12":"instock","13":"shipping-taxable","14":"product-type-simple"},"acf":[],"_links":{"self":[{"href":"https:\/\/olemosaic.orbitalia.org\/pt-pt\/wp-json\/wp\/v2\/product\/37806","targetHints":{"allow":["GET"]}}],"collection":[{"href":"https:\/\/olemosaic.orbitalia.org\/pt-pt\/wp-json\/wp\/v2\/product"}],"about":[{"href":"https:\/\/olemosaic.orbitalia.org\/pt-pt\/wp-json\/wp\/v2\/types\/product"}],"wp:featuredmedia":[{"embeddable":true,"href":"https:\/\/olemosaic.orbitalia.org\/pt-pt\/wp-json\/wp\/v2\/media\/7362"}],"wp:attachment":[{"href":"https:\/\/olemosaic.orbitalia.org\/pt-pt\/wp-json\/wp\/v2\/media?parent=37806"}],"wp:term":[{"taxonomy":"product_brand","embeddable":true,"href":"https:\/\/olemosaic.orbitalia.org\/pt-pt\/wp-json\/wp\/v2\/product_brand?post=37806"},{"taxonomy":"product_cat","embeddable":true,"href":"https:\/\/olemosaic.orbitalia.org\/pt-pt\/wp-json\/wp\/v2\/product_cat?post=37806"},{"taxonomy":"product_tag","embeddable":true,"href":"https:\/\/olemosaic.orbitalia.org\/pt-pt\/wp-json\/wp\/v2\/product_tag?post=37806"}],"curies":[{"name":"wp","href":"https:\/\/api.w.org\/{rel}","templated":true}]}}