{"id":37804,"date":"2025-02-20T23:29:35","date_gmt":"2025-02-20T22:29:35","guid":{"rendered":"https:\/\/olemosaic.orbitalia.org\/producto\/bol-de-ceramica-de-95-cm-camino-de-santiago-beige\/"},"modified":"2025-07-25T18:45:34","modified_gmt":"2025-07-25T16:45:34","slug":"taca-de-ceramica-de-9-5-cm-caminho-de-santiago-bege-pt-pt","status":"publish","type":"product","link":"https:\/\/olemosaic.orbitalia.org\/pt-pt\/produto\/taca-de-ceramica-de-9-5-cm-caminho-de-santiago-bege-pt-pt\/","title":{"rendered":"Ta\u00e7a de cer\u00e2mica de 9,5 cm. Caminho de Santiago. Bege"},"content":{"rendered":"<p>Esta ta\u00e7a de cer\u00e2mica de 9,5 cm, inspirada no Caminho de Santiago, \u00e9 um aut\u00eantico tesouro cultural, ideal para quem deseja levar consigo um peda\u00e7o da hist\u00f3ria e da tradi\u00e7\u00e3o espanholas. Apresenta um design vibrante em tons de bege e vermelho, criando um contraste cativante que real\u00e7a a sua eleg\u00e2ncia. No centro, uma ilustra\u00e7\u00e3o detalhada da majestosa catedral de Santiago destaca-se pela sua intrincada representa\u00e7\u00e3o arquitet\u00f3nica, enquanto um peregrino trajado com o traje jacobeu tradicional evoca a rica heran\u00e7a dos caminhantes que percorrem esta emblem\u00e1tica rota.<\/p>\n<p>A famosa concha do caminho, s\u00edmbolo dos peregrinos, tamb\u00e9m decora a ta\u00e7a, complementando uma narrativa visual que celebra a espiritualidade e o esfor\u00e7o da viagem a Santiago. A frase \u00abCAMINHO DE SANTIAGO\u00bb, com efeito pintado \u00e0 m\u00e3o no interior, acrescenta um toque pessoal e aut\u00eantico, convertendo esta ta\u00e7a num souvenir perfeito que une design e significado cultural.<\/p>\n<p>Al\u00e9m de ser um elegante objeto decorativo, esta ta\u00e7a \u00e9 funcional e vers\u00e1til, adequada para qualquer cozinha. Na Ol\u00e9 Mosaic, especializamo-nos na distribui\u00e7\u00e3o de souvenirs aut\u00eanticos, e esta ta\u00e7a de cer\u00e2mica representa a qualidade e a riqueza cultural que procuramos oferecer. Este souvenir do Caminho de Santiago \u00e9 uma excelente op\u00e7\u00e3o para lojas de presentes tur\u00edsticos que desejem oferecer produtos aut\u00eanticos e significativos.<\/p>\n","protected":false},"excerpt":{"rendered":"<p>Ta\u00e7a de cer\u00e2mica de 9,5 cm inspirada no Caminho de Santiago, com um design vibrante em tons de bege e vermelho. A pe\u00e7a apresenta uma ilustra\u00e7\u00e3o detalhada da catedral de Santiago, acompanhada por um peregrino e a tradicional concha do caminho, pintados \u00e0 m\u00e3o com cores vivas. A frase &#8220;CAMINHO DE SANTIAGO&#8221; decora o interior, fazendo desta ta\u00e7a uma elegante recorda\u00e7\u00e3o que captura a ess\u00eancia da rota jacobeia. Ideal para usar na cozinha ou como objeto decorativo.<\/p>\n","protected":false},"featured_media":8726,"template":"","meta":{"_acf_changed":false},"product_brand":[],"product_cat":[513],"product_tag":[515],"class_list":{"0":"post-37804","1":"product","2":"type-product","3":"status-publish","4":"has-post-thumbnail","6":"product_cat-bols","7":"product_tag-ceramica","8":"pa_motivo-caminho-de-santiago","10":"first","11":"instock","12":"shipping-taxable","13":"product-type-simple"},"acf":[],"_links":{"self":[{"href":"https:\/\/olemosaic.orbitalia.org\/pt-pt\/wp-json\/wp\/v2\/product\/37804","targetHints":{"allow":["GET"]}}],"collection":[{"href":"https:\/\/olemosaic.orbitalia.org\/pt-pt\/wp-json\/wp\/v2\/product"}],"about":[{"href":"https:\/\/olemosaic.orbitalia.org\/pt-pt\/wp-json\/wp\/v2\/types\/product"}],"wp:featuredmedia":[{"embeddable":true,"href":"https:\/\/olemosaic.orbitalia.org\/pt-pt\/wp-json\/wp\/v2\/media\/8726"}],"wp:attachment":[{"href":"https:\/\/olemosaic.orbitalia.org\/pt-pt\/wp-json\/wp\/v2\/media?parent=37804"}],"wp:term":[{"taxonomy":"product_brand","embeddable":true,"href":"https:\/\/olemosaic.orbitalia.org\/pt-pt\/wp-json\/wp\/v2\/product_brand?post=37804"},{"taxonomy":"product_cat","embeddable":true,"href":"https:\/\/olemosaic.orbitalia.org\/pt-pt\/wp-json\/wp\/v2\/product_cat?post=37804"},{"taxonomy":"product_tag","embeddable":true,"href":"https:\/\/olemosaic.orbitalia.org\/pt-pt\/wp-json\/wp\/v2\/product_tag?post=37804"}],"curies":[{"name":"wp","href":"https:\/\/api.w.org\/{rel}","templated":true}]}}