{"id":37802,"date":"2025-02-20T23:29:34","date_gmt":"2025-02-20T22:29:34","guid":{"rendered":"https:\/\/olemosaic.orbitalia.org\/producto\/bol-de-ceramica-de-9-cm-barcelona-blanco\/"},"modified":"2025-07-25T19:53:02","modified_gmt":"2025-07-25T17:53:02","slug":"taca-de-ceramica-de-9-cm-barcelona-branco-pt-pt","status":"publish","type":"product","link":"https:\/\/olemosaic.orbitalia.org\/pt-pt\/produto\/taca-de-ceramica-de-9-cm-barcelona-branco-pt-pt\/","title":{"rendered":"Ta\u00e7a de cer\u00e2mica de 9 cm. Barcelona. Branco"},"content":{"rendered":"<p>Esta ta\u00e7a de cer\u00e2mica de 9 cm \u00e9 uma bela homenagem \u00e0 vibrante cidade de Barcelona, capturando no seu design a ess\u00eancia dos emblem\u00e1ticos monumentos da cidade. Decorada com imagens com efeito de pintura \u00e0 m\u00e3o da ic\u00f3nica Sagrada Fam\u00edlia, do Parque G\u00fcell e de outros marcos arquitet\u00f3nicos, esta ta\u00e7a apresenta uma paleta de cores vivas sobre um fundo branco, acentuando cada detalhe art\u00edstico. O rebordo vermelho confere um toque moderno e contempor\u00e2neo, tornando esta ta\u00e7a uma op\u00e7\u00e3o atraente tanto para o uso di\u00e1rio como para a decora\u00e7\u00e3o.<\/p>\n<p>O seu design reflete a rica heran\u00e7a cultural de Barcelona, conhecida pela sua arquitetura singular e pelo seu ambiente alegre. Esta recorda\u00e7\u00e3o n\u00e3o \u00e9 apenas pr\u00e1tica, mas tamb\u00e9m serve como uma lembran\u00e7a tang\u00edvel da magia da Cidade Condal. Perfeito para turistas que procuram levar um peda\u00e7o da vibrante vida de Barcelona, esta ta\u00e7a de cer\u00e2mica torna-se um presente ideal que celebra a criatividade e a arte desta regi\u00e3o.<\/p>\n<p>Na Ol\u00e9 Mosaic, oferecemos uma variada sele\u00e7\u00e3o de recorda\u00e7\u00f5es de cer\u00e2mica, garantindo artigos aut\u00eanticos e de alta qualidade para lojas de presentes tur\u00edsticos. Esta ta\u00e7a \u00e9 uma excelente op\u00e7\u00e3o para grossistas que desejam enriquecer a sua oferta com recorda\u00e7\u00f5es culturais que ressoam com os turistas.<\/p>\n","protected":false},"excerpt":{"rendered":"<p>Ta\u00e7a de cer\u00e2mica de 9 cm inspirada nos emblem\u00e1ticos monumentos de Barcelona. Esta colorida ta\u00e7a apresenta um design artesanal, pintado \u00e0 m\u00e3o, com uma representa\u00e7\u00e3o art\u00edstica da Sagrada Fam\u00edlia, do Park G\u00fcell e de outros marcos arquitet\u00f3nicos, tudo sobre um fundo branco que real\u00e7a a sua vivacidade. A parte superior exibe um rebordo vermelho que acrescenta um toque moderno a este souvenir, ideal tanto para a decora\u00e7\u00e3o como para o uso di\u00e1rio.<\/p>\n","protected":false},"featured_media":11182,"template":"","meta":{"_acf_changed":false},"product_brand":[],"product_cat":[513],"product_tag":[515],"class_list":{"0":"post-37802","1":"product","2":"type-product","3":"status-publish","4":"has-post-thumbnail","6":"product_cat-bols","7":"product_tag-ceramica","8":"pa_ciudad-barcelona","9":"pa_pais-espana","11":"first","12":"instock","13":"shipping-taxable","14":"product-type-simple"},"acf":[],"_links":{"self":[{"href":"https:\/\/olemosaic.orbitalia.org\/pt-pt\/wp-json\/wp\/v2\/product\/37802","targetHints":{"allow":["GET"]}}],"collection":[{"href":"https:\/\/olemosaic.orbitalia.org\/pt-pt\/wp-json\/wp\/v2\/product"}],"about":[{"href":"https:\/\/olemosaic.orbitalia.org\/pt-pt\/wp-json\/wp\/v2\/types\/product"}],"wp:featuredmedia":[{"embeddable":true,"href":"https:\/\/olemosaic.orbitalia.org\/pt-pt\/wp-json\/wp\/v2\/media\/11182"}],"wp:attachment":[{"href":"https:\/\/olemosaic.orbitalia.org\/pt-pt\/wp-json\/wp\/v2\/media?parent=37802"}],"wp:term":[{"taxonomy":"product_brand","embeddable":true,"href":"https:\/\/olemosaic.orbitalia.org\/pt-pt\/wp-json\/wp\/v2\/product_brand?post=37802"},{"taxonomy":"product_cat","embeddable":true,"href":"https:\/\/olemosaic.orbitalia.org\/pt-pt\/wp-json\/wp\/v2\/product_cat?post=37802"},{"taxonomy":"product_tag","embeddable":true,"href":"https:\/\/olemosaic.orbitalia.org\/pt-pt\/wp-json\/wp\/v2\/product_tag?post=37802"}],"curies":[{"name":"wp","href":"https:\/\/api.w.org\/{rel}","templated":true}]}}