{"id":37800,"date":"2025-02-20T23:29:34","date_gmt":"2025-02-20T22:29:34","guid":{"rendered":"https:\/\/olemosaic.orbitalia.org\/producto\/bol-de-ceramica-de-9-cm-camino-de-santiago-beige\/"},"modified":"2025-07-25T20:10:18","modified_gmt":"2025-07-25T18:10:18","slug":"taca-de-ceramica-de-9-cm-caminho-de-santiago-bege-pt-pt","status":"publish","type":"product","link":"https:\/\/olemosaic.orbitalia.org\/pt-pt\/produto\/taca-de-ceramica-de-9-cm-caminho-de-santiago-bege-pt-pt\/","title":{"rendered":"Ta\u00e7a de cer\u00e2mica de 9 cm. Caminho de Santiago. Bege"},"content":{"rendered":"<p>Esta ta\u00e7a de cer\u00e2mica de 9 cm \u00e9 uma encantadora recorda\u00e7\u00e3o inspirada no c\u00e9lebre Caminho de Santiago, ideal para levar um pedacinho da hist\u00f3ria e tradi\u00e7\u00e3o espanholas para o seu lar. O seu design vibrante apresenta ilustra\u00e7\u00f5es coloridas que capturam a ess\u00eancia da peregrina\u00e7\u00e3o, com cenas de um peregrino com o seu bord\u00e3o, junto \u00e0 emblem\u00e1tica concha do caminho, s\u00edmbolo da viagem espiritual e cultural que milhares de pessoas realizam todos os anos. Os imponentes monumentos que decoram a ta\u00e7a evocam a rica hist\u00f3ria arquitet\u00f3nica do percurso, convidando a explorar e recordar viv\u00eancias.<\/p>\n<p>A ta\u00e7a apresenta uma paleta de cores vibrante que inclui azuis, verdes e amarelos, com um rebordo vermelho que real\u00e7a o seu apelo visual, tornando-a uma pe\u00e7a de destaque em qualquer casa. Esta recorda\u00e7\u00e3o n\u00e3o \u00e9 apenas funcional, mas tamb\u00e9m serve como elemento decorativo que acrescenta um toque aut\u00eantico e espanhol \u00e0 cozinha ou \u00e0 mesa.<\/p>\n<p>Na Ol\u00e9 Mosaic, especializamo-nos na distribui\u00e7\u00e3o de artigos de qualidade e relev\u00e2ncia cultural. Esta ta\u00e7a do Caminho de Santiago \u00e9 uma excelente op\u00e7\u00e3o para lojas de presentes tur\u00edsticos que procuram recorda\u00e7\u00f5es aut\u00eanticas e representativas, ideais para turistas que desejam levar uma recorda\u00e7\u00e3o significativa da sua experi\u00eancia em Espanha. Como grossistas de cer\u00e2mica, garantimos uma oferta atraente e memor\u00e1vel para os seus clientes.<\/p>\n","protected":false},"excerpt":{"rendered":"<p>Ta\u00e7a de cer\u00e2mica de 9 cm, decorada com ilustra\u00e7\u00f5es coloridas inspiradas no Caminho de Santiago. Esta elegante ta\u00e7a apresenta uma vibrante paleta de cores, com azuis, verdes e amarelos, e um rebordo vermelho que real\u00e7a o seu design. As cenas representadas incluem um peregrino com o seu bord\u00e3o e a emblem\u00e1tica concha do caminho, juntamente com imponentes monumentos que evocam a hist\u00f3ria da peregrina\u00e7\u00e3o. Ideal como recorda\u00e7\u00e3o ou para dar um toque espanhol ao seu lar.<\/p>\n","protected":false},"featured_media":8721,"template":"","meta":{"_acf_changed":false},"product_brand":[],"product_cat":[513],"product_tag":[515],"class_list":{"0":"post-37800","1":"product","2":"type-product","3":"status-publish","4":"has-post-thumbnail","6":"product_cat-bols","7":"product_tag-ceramica","8":"pa_motivo-caminho-de-santiago","10":"first","11":"instock","12":"shipping-taxable","13":"product-type-simple"},"acf":[],"_links":{"self":[{"href":"https:\/\/olemosaic.orbitalia.org\/pt-pt\/wp-json\/wp\/v2\/product\/37800","targetHints":{"allow":["GET"]}}],"collection":[{"href":"https:\/\/olemosaic.orbitalia.org\/pt-pt\/wp-json\/wp\/v2\/product"}],"about":[{"href":"https:\/\/olemosaic.orbitalia.org\/pt-pt\/wp-json\/wp\/v2\/types\/product"}],"wp:featuredmedia":[{"embeddable":true,"href":"https:\/\/olemosaic.orbitalia.org\/pt-pt\/wp-json\/wp\/v2\/media\/8721"}],"wp:attachment":[{"href":"https:\/\/olemosaic.orbitalia.org\/pt-pt\/wp-json\/wp\/v2\/media?parent=37800"}],"wp:term":[{"taxonomy":"product_brand","embeddable":true,"href":"https:\/\/olemosaic.orbitalia.org\/pt-pt\/wp-json\/wp\/v2\/product_brand?post=37800"},{"taxonomy":"product_cat","embeddable":true,"href":"https:\/\/olemosaic.orbitalia.org\/pt-pt\/wp-json\/wp\/v2\/product_cat?post=37800"},{"taxonomy":"product_tag","embeddable":true,"href":"https:\/\/olemosaic.orbitalia.org\/pt-pt\/wp-json\/wp\/v2\/product_tag?post=37800"}],"curies":[{"name":"wp","href":"https:\/\/api.w.org\/{rel}","templated":true}]}}