{"id":37799,"date":"2025-02-20T23:29:34","date_gmt":"2025-02-20T22:29:34","guid":{"rendered":"https:\/\/olemosaic.orbitalia.org\/producto\/bol-de-ceramica-de-9-cm-panoramica-madrid-beige\/"},"modified":"2025-07-25T21:02:09","modified_gmt":"2025-07-25T19:02:09","slug":"taca-de-ceramica-de-9-cm-panoramica-madrid-bege-pt-pt","status":"publish","type":"product","link":"https:\/\/olemosaic.orbitalia.org\/pt-pt\/produto\/taca-de-ceramica-de-9-cm-panoramica-madrid-bege-pt-pt\/","title":{"rendered":"Ta\u00e7a de cer\u00e2mica de 9 cm. Panor\u00e2mica. Madrid. Bege"},"content":{"rendered":"<p>Esta ta\u00e7a de cer\u00e2mica de 9 cm \u00e9 uma encantadora recorda\u00e7\u00e3o de Madrid que captura a vibrante ess\u00eancia da capital espanhola. Com um design pintado \u00e0 m\u00e3o, este artigo apresenta uma vistosa panor\u00e2mica que destaca alguns dos monumentos mais emblem\u00e1ticos da cidade, como a conhecida Porta de Alcal\u00e1 e o famoso Urso e o Medronheiro, \u00edcones representativos da cultura madrilena. A ta\u00e7a, de uma cor bege quente no exterior, contrasta de forma atraente com o seu interior vermelho brilhante, tornando-a uma pe\u00e7a decorativa ideal tanto para uso quotidiano como ornamental.<\/p>\n<p>Cada detalhe do design emana a energia e a hist\u00f3ria de Madrid, o que torna esta ta\u00e7a um excelente presente para turistas e colecionadores que desejem levar para casa um peda\u00e7o desta rica cultura. A palavra &#8220;MADRID&#8221; aparece em cores vibrantes, acrescentando um toque de alegria e autenticidade. Na Ol\u00e9 Mosaic, orgulhamo-nos de oferecer recorda\u00e7\u00f5es que refletem a diversidade cultural e o artesanato local, pelo que esta ta\u00e7a \u00e9 um produto perfeito para lojas de presentes tur\u00edsticos que procuram oferecer artigos \u00fanicos e representativos da capital espanhola. Esta ta\u00e7a de cer\u00e2mica \u00e9, sem d\u00favida, uma recorda\u00e7\u00e3o encantadora e funcional que evocar\u00e1 os melhores momentos em Madrid.<\/p>\n","protected":false},"excerpt":{"rendered":"<p>Ta\u00e7a de cer\u00e2mica de 9 cm com uma vistosa panor\u00e2mica de Madrid. Esta atraente ta\u00e7a bege apresenta um design artesanal, pintado \u00e0 m\u00e3o, que destaca monumentos emblem\u00e1ticos como a Porta de Alcal\u00e1 e o famoso Urso e o Medronheiro, juntamente com a palavra &#8220;MADRID&#8221; em cores vibrantes. Com um interior vermelho brilhante, \u00e9 perfeita para decorar ou como recorda\u00e7\u00e3o da rica cultura madrilena. Ideal para colecionadores e amantes da cidade.<\/p>\n","protected":false},"featured_media":7527,"template":"","meta":{"_acf_changed":false},"product_brand":[],"product_cat":[513],"product_tag":[515],"class_list":{"0":"post-37799","1":"product","2":"type-product","3":"status-publish","4":"has-post-thumbnail","6":"product_cat-bols","7":"product_tag-ceramica","8":"pa_ciudad-madrid","9":"pa_motivo-panoramas","10":"pa_pais-espana","12":"first","13":"instock","14":"shipping-taxable","15":"product-type-simple"},"acf":[],"_links":{"self":[{"href":"https:\/\/olemosaic.orbitalia.org\/pt-pt\/wp-json\/wp\/v2\/product\/37799","targetHints":{"allow":["GET"]}}],"collection":[{"href":"https:\/\/olemosaic.orbitalia.org\/pt-pt\/wp-json\/wp\/v2\/product"}],"about":[{"href":"https:\/\/olemosaic.orbitalia.org\/pt-pt\/wp-json\/wp\/v2\/types\/product"}],"wp:featuredmedia":[{"embeddable":true,"href":"https:\/\/olemosaic.orbitalia.org\/pt-pt\/wp-json\/wp\/v2\/media\/7527"}],"wp:attachment":[{"href":"https:\/\/olemosaic.orbitalia.org\/pt-pt\/wp-json\/wp\/v2\/media?parent=37799"}],"wp:term":[{"taxonomy":"product_brand","embeddable":true,"href":"https:\/\/olemosaic.orbitalia.org\/pt-pt\/wp-json\/wp\/v2\/product_brand?post=37799"},{"taxonomy":"product_cat","embeddable":true,"href":"https:\/\/olemosaic.orbitalia.org\/pt-pt\/wp-json\/wp\/v2\/product_cat?post=37799"},{"taxonomy":"product_tag","embeddable":true,"href":"https:\/\/olemosaic.orbitalia.org\/pt-pt\/wp-json\/wp\/v2\/product_tag?post=37799"}],"curies":[{"name":"wp","href":"https:\/\/api.w.org\/{rel}","templated":true}]}}