{"id":37798,"date":"2025-02-20T23:29:33","date_gmt":"2025-02-20T22:29:33","guid":{"rendered":"https:\/\/olemosaic.orbitalia.org\/producto\/bol-de-ceramica-de-9-cm-mosaico-blanco\/"},"modified":"2025-07-25T20:37:18","modified_gmt":"2025-07-25T18:37:18","slug":"taca-de-ceramica-de-9-cm-mosaico-branco-pt-pt","status":"publish","type":"product","link":"https:\/\/olemosaic.orbitalia.org\/pt-pt\/produto\/taca-de-ceramica-de-9-cm-mosaico-branco-pt-pt\/","title":{"rendered":"Ta\u00e7a de cer\u00e2mica de 9 cm. Mosaico. Branco"},"content":{"rendered":"<p>Esta ta\u00e7a de cer\u00e2mica de 9 cm \u00e9 uma aut\u00eantica homenagem \u00e0 rica tradi\u00e7\u00e3o art\u00edstica espanhola, ideal para quem procura recorda\u00e7\u00f5es aut\u00eanticas que capturem a ess\u00eancia cultural do pa\u00eds. Com uma base branca resplandecente e um rebordo vermelho vibrante, esta elegante ta\u00e7a apresenta um elaborado mosaico decorativo que evoca os caracter\u00edsticos azulejos espanh\u00f3is. Os brilhantes tons azuis, laranjas, verdes e vermelhos entrela\u00e7am-se em padr\u00f5es intrincados que refletem a mestria artesanal de cidades mediterr\u00e2nicas como Granada ou Sevilha, famosas pela sua not\u00e1vel heran\u00e7a em cer\u00e2mica e mosaicos.<\/p>\n<p>O seu design n\u00e3o serve apenas como um atraente elemento decorativo, mas tamb\u00e9m \u00e9 funcional, perfeito para servir pequenos aperitivos ou para utilizar como um requintado objeto decorativo em qualquer casa. Esta ta\u00e7a de cer\u00e2mica, com a sua hist\u00f3ria e autenticidade, torna-se uma recorda\u00e7\u00e3o ideal para turistas que desejam levar consigo um peda\u00e7o da rica cultura espanhola.<\/p>\n<p>Na Ol\u00e9 Mosaic, somos especialistas na distribui\u00e7\u00e3o de recorda\u00e7\u00f5es por grosso e oferecemos produtos que se destacam pela sua qualidade e design \u00fanicos. Esta ta\u00e7a de cer\u00e2mica n\u00e3o \u00e9 apenas um excelente produto para lojas de presentes tur\u00edsticos, mas tamb\u00e9m pode tornar-se um elemento de destaque na mesa de qualquer amante da cultura gastron\u00f3mica espanhola. Atraia os seus clientes com esta recorda\u00e7\u00e3o aut\u00eantica e vibrante que celebra a beleza da tradi\u00e7\u00e3o espanhola, tornando-a um item indispens\u00e1vel na sua oferta de souvenirs.<\/p>\n","protected":false},"excerpt":{"rendered":"<p>Ta\u00e7a de cer\u00e2mica de 9 cm decorada com coloridos mosaicos inspirados na tradi\u00e7\u00e3o espanhola. Esta encantadora ta\u00e7a apresenta uma base branca real\u00e7ada com um vibrante rebordo vermelho e adornada com um elaborado padr\u00e3o de azulejos em tons azuis, laranjas, verdes e vermelhos. Ideal para servir pequenos aperitivos ou como elemento decorativo, esta ta\u00e7a funde a funcionalidade com a rica heran\u00e7a cultural, evocando o patrim\u00f3nio art\u00edstico das cidades mediterr\u00e2nicas.<\/p>\n","protected":false},"featured_media":11180,"template":"","meta":{"_acf_changed":false},"product_brand":[],"product_cat":[513],"product_tag":[515],"class_list":{"0":"post-37798","1":"product","2":"type-product","3":"status-publish","4":"has-post-thumbnail","6":"product_cat-bols","7":"product_tag-ceramica","8":"pa_motivo-mosaico","10":"first","11":"instock","12":"shipping-taxable","13":"product-type-simple"},"acf":[],"_links":{"self":[{"href":"https:\/\/olemosaic.orbitalia.org\/pt-pt\/wp-json\/wp\/v2\/product\/37798","targetHints":{"allow":["GET"]}}],"collection":[{"href":"https:\/\/olemosaic.orbitalia.org\/pt-pt\/wp-json\/wp\/v2\/product"}],"about":[{"href":"https:\/\/olemosaic.orbitalia.org\/pt-pt\/wp-json\/wp\/v2\/types\/product"}],"wp:featuredmedia":[{"embeddable":true,"href":"https:\/\/olemosaic.orbitalia.org\/pt-pt\/wp-json\/wp\/v2\/media\/11180"}],"wp:attachment":[{"href":"https:\/\/olemosaic.orbitalia.org\/pt-pt\/wp-json\/wp\/v2\/media?parent=37798"}],"wp:term":[{"taxonomy":"product_brand","embeddable":true,"href":"https:\/\/olemosaic.orbitalia.org\/pt-pt\/wp-json\/wp\/v2\/product_brand?post=37798"},{"taxonomy":"product_cat","embeddable":true,"href":"https:\/\/olemosaic.orbitalia.org\/pt-pt\/wp-json\/wp\/v2\/product_cat?post=37798"},{"taxonomy":"product_tag","embeddable":true,"href":"https:\/\/olemosaic.orbitalia.org\/pt-pt\/wp-json\/wp\/v2\/product_tag?post=37798"}],"curies":[{"name":"wp","href":"https:\/\/api.w.org\/{rel}","templated":true}]}}