{"id":37791,"date":"2025-02-20T22:29:22","date_gmt":"2025-02-20T22:29:22","guid":{"rendered":"https:\/\/olemosaic.orbitalia.org\/producto\/abridor-de-metal-bailaores-epoxy\/"},"modified":"2025-07-25T19:19:23","modified_gmt":"2025-07-25T17:19:23","slug":"abridor-de-metal-bailarinos-epoxy","status":"publish","type":"product","link":"https:\/\/olemosaic.orbitalia.org\/pt-pt\/produto\/abridor-de-metal-bailarinos-epoxy\/","title":{"rendered":"Abridor de metal. Bailarinos. Epoxy."},"content":{"rendered":"<p>Este abridor de metal decorado \u00e9 uma aut\u00eantica celebra\u00e7\u00e3o do folclore espanhol, concretamente da vibrante arte do flamenco. Confecionado com uma elegante camada de ep\u00f3xi, apresenta uma ilustra\u00e7\u00e3o colorida que capta dois bailarinos em pleno movimento, real\u00e7ando a intensidade da dan\u00e7a. O design mostra uma bailarina vestida com um chamativo vestido vermelho, com folhos e detalhes que evocam a paix\u00e3o do flamenco. Junto a ela, o seu companheiro, com um traje cl\u00e1ssico que complementa a est\u00e9tica tradicional, segura um chap\u00e9u enquanto executa um passo elegante, criando uma cena din\u00e2mica.<\/p>\n<p>O fundo do abridor est\u00e1 adornado com motivos de flores e azulejos, elementos representativos da rica tradi\u00e7\u00e3o andaluza que nos transportam para as ruas festivas da Andaluzia, onde a m\u00fasica e a dan\u00e7a ganham vida. Este abridor n\u00e3o \u00e9 apenas uma ferramenta funcional, mas tamb\u00e9m um objeto decorativo e uma recorda\u00e7\u00e3o ideal para os amantes da cultura espanhola, pois oferece um peda\u00e7o da ess\u00eancia andaluza que ficar\u00e1 gravado na mem\u00f3ria de quem o utilizar.<\/p>\n<p>Na Ol\u00e9 Mosaic, como grossista de recorda\u00e7\u00f5es, garantimos produtos de alta qualidade que refletem a autenticidade da tradi\u00e7\u00e3o espanhola. Este abridor de metal \u00e9 a escolha perfeita para lojas de presentes tur\u00edsticos que procuram oferecer aos seus clientes uma recorda\u00e7\u00e3o significativa e culturalmente relevante. Com ele, cada brinde ser\u00e1 uma festa de sabor e tradi\u00e7\u00e3o.<\/p>\n","protected":false},"excerpt":{"rendered":"<p>Abridor de metal decorado com uma vibrante ilustra\u00e7\u00e3o de bailarinos flamencos, que real\u00e7a o folclore espanhol. Este abridor, realizado com ep\u00f3xi, apresenta uma est\u00e9tica colorida com motivos florais e um fundo de azulejos que evoca a ess\u00eancia das festas andaluzas. Os bailarinos vestem trajes t\u00edpicos, com um elegante vestido vermelho, e completam a cena com um chap\u00e9u. Ideal para os amantes da cultura espanhola.<\/p>\n","protected":false},"featured_media":7383,"template":"","meta":{"_acf_changed":false},"product_brand":[],"product_cat":[801],"product_tag":[],"class_list":{"0":"post-37791","1":"product","2":"type-product","3":"status-publish","4":"has-post-thumbnail","6":"product_cat-abridores","7":"pa_motivo-dancarinos","9":"first","10":"instock","11":"shipping-taxable","12":"product-type-simple"},"acf":[],"_links":{"self":[{"href":"https:\/\/olemosaic.orbitalia.org\/pt-pt\/wp-json\/wp\/v2\/product\/37791","targetHints":{"allow":["GET"]}}],"collection":[{"href":"https:\/\/olemosaic.orbitalia.org\/pt-pt\/wp-json\/wp\/v2\/product"}],"about":[{"href":"https:\/\/olemosaic.orbitalia.org\/pt-pt\/wp-json\/wp\/v2\/types\/product"}],"wp:featuredmedia":[{"embeddable":true,"href":"https:\/\/olemosaic.orbitalia.org\/pt-pt\/wp-json\/wp\/v2\/media\/7383"}],"wp:attachment":[{"href":"https:\/\/olemosaic.orbitalia.org\/pt-pt\/wp-json\/wp\/v2\/media?parent=37791"}],"wp:term":[{"taxonomy":"product_brand","embeddable":true,"href":"https:\/\/olemosaic.orbitalia.org\/pt-pt\/wp-json\/wp\/v2\/product_brand?post=37791"},{"taxonomy":"product_cat","embeddable":true,"href":"https:\/\/olemosaic.orbitalia.org\/pt-pt\/wp-json\/wp\/v2\/product_cat?post=37791"},{"taxonomy":"product_tag","embeddable":true,"href":"https:\/\/olemosaic.orbitalia.org\/pt-pt\/wp-json\/wp\/v2\/product_tag?post=37791"}],"curies":[{"name":"wp","href":"https:\/\/api.w.org\/{rel}","templated":true}]}}