{"id":37790,"date":"2025-02-20T22:29:22","date_gmt":"2025-02-20T22:29:22","guid":{"rendered":"https:\/\/olemosaic.orbitalia.org\/producto\/abridor-de-metal-bailaores-sevilla-epoxy\/"},"modified":"2025-07-25T18:40:40","modified_gmt":"2025-07-25T16:40:40","slug":"abridor-de-metal-bailarinos-sevilha-epoxy","status":"publish","type":"product","link":"https:\/\/olemosaic.orbitalia.org\/pt-pt\/produto\/abridor-de-metal-bailarinos-sevilha-epoxy\/","title":{"rendered":"Abridor de metal. Bailarinos. Sevilha. Epoxy."},"content":{"rendered":"<p>Este abridor met\u00e1lico decorado \u00e9 uma recorda\u00e7\u00e3o vibrante que capta a ess\u00eancia do flamenco sevilhano. Com uma alegre cena de bailarinos a dan\u00e7ar num ambiente colorido e rodeado de flores, este pr\u00e1tico abridor funde funcionalidade e arte, tornando-se uma recorda\u00e7\u00e3o encantadora da cultura andaluza. A ilustra\u00e7\u00e3o, meticulosamente elaborada com um acabamento em resina ep\u00f3xi, destaca um casal de bailarinos: o homem, elegante no seu fato preto, segura o seu chap\u00e9u enquanto a mulher, deslumbrante com um vestido vermelho com folhos, adota uma pose cativante. O fundo evoca os t\u00edpicos p\u00e1tios sevilhanos, enriquecidos com flores exuberantes que conferem um toque vibrante e festivo. Este abridor n\u00e3o \u00e9 apenas uma ferramenta \u00fatil para abrir garrafas, mas tamb\u00e9m um objeto decorativo que celebra a rica tradi\u00e7\u00e3o do flamenco, uma manifesta\u00e7\u00e3o cultural emblem\u00e1tica de Sevilha.<\/p>\n<p>Na Ol\u00e9 Mosaic, somos distribuidores de recorda\u00e7\u00f5es aut\u00eanticas e representativas, ideais para lojas de presentes tur\u00edsticos que procuram oferecer produtos que liguem os visitantes \u00e0 cultura local. Este abridor de bailarinos \u00e9 uma excelente op\u00e7\u00e3o para quem deseja levar um peda\u00e7o de Sevilha, fazendo desta recorda\u00e7\u00e3o flamenca um presente \u00fanico e significativo.<\/p>\n","protected":false},"excerpt":{"rendered":"<p>Abridor met\u00e1lico decorado com uma alegre cena de bailarinos que capta a ess\u00eancia do flamenco sevilhano. Este pr\u00e1tico abridor conta com um acabamento em resina ep\u00f3xi que real\u00e7a a vibrante ilustra\u00e7\u00e3o de um casal de bailarinos num ambiente colorido e florido, que representa a tradi\u00e7\u00e3o e o folclore andaluz. Ideal como recorda\u00e7\u00e3o, combina a funcionalidade com um toque art\u00edstico que celebra a cultura sevilhana.<\/p>\n","protected":false},"featured_media":7133,"template":"","meta":{"_acf_changed":false},"product_brand":[],"product_cat":[801],"product_tag":[],"class_list":{"0":"post-37790","1":"product","2":"type-product","3":"status-publish","4":"has-post-thumbnail","6":"product_cat-abridores","7":"pa_ciudad-sevilla","8":"pa_motivo-dancarinos","9":"pa_pais-espana","11":"first","12":"instock","13":"shipping-taxable","14":"product-type-simple"},"acf":[],"_links":{"self":[{"href":"https:\/\/olemosaic.orbitalia.org\/pt-pt\/wp-json\/wp\/v2\/product\/37790","targetHints":{"allow":["GET"]}}],"collection":[{"href":"https:\/\/olemosaic.orbitalia.org\/pt-pt\/wp-json\/wp\/v2\/product"}],"about":[{"href":"https:\/\/olemosaic.orbitalia.org\/pt-pt\/wp-json\/wp\/v2\/types\/product"}],"wp:featuredmedia":[{"embeddable":true,"href":"https:\/\/olemosaic.orbitalia.org\/pt-pt\/wp-json\/wp\/v2\/media\/7133"}],"wp:attachment":[{"href":"https:\/\/olemosaic.orbitalia.org\/pt-pt\/wp-json\/wp\/v2\/media?parent=37790"}],"wp:term":[{"taxonomy":"product_brand","embeddable":true,"href":"https:\/\/olemosaic.orbitalia.org\/pt-pt\/wp-json\/wp\/v2\/product_brand?post=37790"},{"taxonomy":"product_cat","embeddable":true,"href":"https:\/\/olemosaic.orbitalia.org\/pt-pt\/wp-json\/wp\/v2\/product_cat?post=37790"},{"taxonomy":"product_tag","embeddable":true,"href":"https:\/\/olemosaic.orbitalia.org\/pt-pt\/wp-json\/wp\/v2\/product_tag?post=37790"}],"curies":[{"name":"wp","href":"https:\/\/api.w.org\/{rel}","templated":true}]}}