{"id":37788,"date":"2025-02-20T23:29:22","date_gmt":"2025-02-20T22:29:22","guid":{"rendered":"https:\/\/olemosaic.orbitalia.org\/producto\/abridor-de-metal-guitarra-epoxy-2\/"},"modified":"2025-07-25T18:46:31","modified_gmt":"2025-07-25T16:46:31","slug":"abridor-de-metal-guitarra-epoxy-2-pt-pt","status":"publish","type":"product","link":"https:\/\/olemosaic.orbitalia.org\/pt-pt\/produto\/abridor-de-metal-guitarra-epoxy-2-pt-pt\/","title":{"rendered":"Abridor de metal. Guitarra. Espanha. Epoxy."},"content":{"rendered":"<p>Este abridor met\u00e1lico decorado \u00e9 uma recorda\u00e7\u00e3o encantadora que evoca a paix\u00e3o e a arte do flamenco espanhol. O seu design vibrante apresenta uma guitarra espanhola, s\u00edmbolo ic\u00f3nico da m\u00fasica e cultura de Espanha, adornada com um belo padr\u00e3o de mosaico em tons quentes que captam a ess\u00eancia do entardecer ib\u00e9rico. A guitarra \u00e9 complementada por flores vermelhas exuberantes, que acrescentam um toque de cor e vida ao design, juntamente com um elegante chap\u00e9u preto que simboliza o aut\u00eantico traje flamenco.<\/p>\n<p>Este abridor, com acabamento em ep\u00f3xi, n\u00e3o \u00e9 apenas visualmente atraente, mas tamb\u00e9m duradouro e funcional, tornando-o um acess\u00f3rio ideal para qualquer casa. O seu acabamento brilhante real\u00e7a as cores e padr\u00f5es, proporcionando uma est\u00e9tica que transporta quem o utiliza ao cora\u00e7\u00e3o da cultura espanhola. Esta recorda\u00e7\u00e3o de Espanha representa n\u00e3o apenas um objeto de uso quotidiano, mas um peda\u00e7o da rica tradi\u00e7\u00e3o cultural da pen\u00ednsula.<\/p>\n<p>Na Ol\u00e9 Mosaic, especializamo-nos na distribui\u00e7\u00e3o de recorda\u00e7\u00f5es por grosso, e este abridor de guitarra \u00e9 uma excelente op\u00e7\u00e3o para lojas de presentes tur\u00edsticos que procuram artigos aut\u00eanticos e representativos. Como grossistas de recorda\u00e7\u00f5es, oferecemos produtos que n\u00e3o s\u00e3o apenas belos, mas que contam hist\u00f3rias e celebram la diversidade cultural de Espanha. Este abridor \u00e9, sem d\u00favida, uma adi\u00e7\u00e3o perfeita para os turistas que desejam levar uma recorda\u00e7\u00e3o significativa e funcional da sua viagem a Espanha.<\/p>\n","protected":false},"excerpt":{"rendered":"<p>Abridor de metal decorado com uma vibrante ilustra\u00e7\u00e3o de guitarra espanhola, adornada com flores vermelhas e um chap\u00e9u preto. Este abridor, com acabamento em resina ep\u00f3xi, apresenta um design colorido que evoca a ess\u00eancia do flamenco e da cultura espanhola. A guitarra exibe um padr\u00e3o de mosaico em tons quentes, perfeito para adicionar um toque art\u00edstico e aut\u00eantico a qualquer casa. Ideal como recorda\u00e7\u00e3o de Espanha, combina funcionalidade com um apelo est\u00e9tico.<\/p>\n","protected":false},"featured_media":7382,"template":"","meta":{"_acf_changed":false},"product_brand":[],"product_cat":[801],"product_tag":[],"class_list":{"0":"post-37788","1":"product","2":"type-product","3":"status-publish","4":"has-post-thumbnail","6":"product_cat-abridores","7":"pa_motivo-guitarras","9":"first","10":"instock","11":"shipping-taxable","12":"product-type-simple"},"acf":[],"_links":{"self":[{"href":"https:\/\/olemosaic.orbitalia.org\/pt-pt\/wp-json\/wp\/v2\/product\/37788","targetHints":{"allow":["GET"]}}],"collection":[{"href":"https:\/\/olemosaic.orbitalia.org\/pt-pt\/wp-json\/wp\/v2\/product"}],"about":[{"href":"https:\/\/olemosaic.orbitalia.org\/pt-pt\/wp-json\/wp\/v2\/types\/product"}],"wp:featuredmedia":[{"embeddable":true,"href":"https:\/\/olemosaic.orbitalia.org\/pt-pt\/wp-json\/wp\/v2\/media\/7382"}],"wp:attachment":[{"href":"https:\/\/olemosaic.orbitalia.org\/pt-pt\/wp-json\/wp\/v2\/media?parent=37788"}],"wp:term":[{"taxonomy":"product_brand","embeddable":true,"href":"https:\/\/olemosaic.orbitalia.org\/pt-pt\/wp-json\/wp\/v2\/product_brand?post=37788"},{"taxonomy":"product_cat","embeddable":true,"href":"https:\/\/olemosaic.orbitalia.org\/pt-pt\/wp-json\/wp\/v2\/product_cat?post=37788"},{"taxonomy":"product_tag","embeddable":true,"href":"https:\/\/olemosaic.orbitalia.org\/pt-pt\/wp-json\/wp\/v2\/product_tag?post=37788"}],"curies":[{"name":"wp","href":"https:\/\/api.w.org\/{rel}","templated":true}]}}