{"id":37785,"date":"2025-02-20T22:29:21","date_gmt":"2025-02-20T22:29:21","guid":{"rendered":"https:\/\/olemosaic.orbitalia.org\/producto\/abridor-de-metal-toro-sevilla-epoxy-rojo\/"},"modified":"2025-07-25T19:21:24","modified_gmt":"2025-07-25T17:21:24","slug":"abridor-de-metal-touro-sevilha-epoxi-vermelho-pt-pt","status":"publish","type":"product","link":"https:\/\/olemosaic.orbitalia.org\/pt-pt\/produto\/abridor-de-metal-touro-sevilha-epoxi-vermelho-pt-pt\/","title":{"rendered":"Abridor de metal. Touro. Sevilha. Ep\u00f3xi. Vermelho"},"content":{"rendered":"<p>Este abridor de metal, decorado com um design vibrante de um touro, \u00e9 uma recorda\u00e7\u00e3o aut\u00eantica que capta a ess\u00eancia da cultura espanhola e andaluza, com um toque especial a Sevilha. A figura do touro, s\u00edmbolo ic\u00f3nico da tradi\u00e7\u00e3o espanhola e da tauromaquia, apresenta-se aqui num design colorido que combina os tons intensos de vermelho e amarelo do ep\u00f3xi brilhante, evocando a for\u00e7a e o car\u00e1cter deste majestoso animal. A forma ergon\u00f3mica do abridor garante uma utiliza\u00e7\u00e3o f\u00e1cil e confort\u00e1vel, tornando-o n\u00e3o s\u00f3 um acess\u00f3rio \u00fatil para abrir garrafas, mas uma recorda\u00e7\u00e3o representativa que evoca a rica heran\u00e7a cultural da Andaluzia. A palavra &#8220;Sevilha&#8221; est\u00e1 elegantemente integrada na parte superior, proporcionando um toque local distintivo que o torna ainda mais especial. Este abridor \u00e9 uma excelente op\u00e7\u00e3o para quem valoriza a tradi\u00e7\u00e3o, bem como uma ideia de presente perfeita para turistas que procuram recorda\u00e7\u00f5es aut\u00eanticas e significativas da sua visita. Na Ol\u00e9 Mosaic, especializamo-nos na distribui\u00e7\u00e3o de recorda\u00e7\u00f5es por grosso, e este abridor de touro \u00e9 uma op\u00e7\u00e3o ideal para lojas de presentes tur\u00edsticos que desejem oferecer produtos que celebrem a heran\u00e7a cultural de Espanha.<\/p>\n","protected":false},"excerpt":{"rendered":"<p>Abridor met\u00e1lico decorado com um design vibrante de um touro, s\u00edmbolo emblem\u00e1tico da cultura espanhola, inspirado em Sevilha. Este artigo conta com uma base de ep\u00f3xi brilhante em tons de vermelho e amarelo que representa com mestria a for\u00e7a e o car\u00e1cter do animal. A sua forma ergon\u00f3mica assegura uma utiliza\u00e7\u00e3o f\u00e1cil e confort\u00e1vel, tornando-o uma excelente recorda\u00e7\u00e3o ou presente para os amantes da tradi\u00e7\u00e3o andaluza. A palavra &#8220;Sevilha&#8221; apresenta-se na parte superior, acrescentando um toque local e distintivo.<\/p>\n","protected":false},"featured_media":7121,"template":"","meta":{"_acf_changed":false},"product_brand":[],"product_cat":[801],"product_tag":[516],"class_list":{"0":"post-37785","1":"product","2":"type-product","3":"status-publish","4":"has-post-thumbnail","6":"product_cat-abridores","7":"product_tag-animais","8":"pa_ciudad-sevilla","9":"pa_motivo-touros","10":"pa_pais-espana","12":"first","13":"instock","14":"shipping-taxable","15":"product-type-simple"},"acf":[],"_links":{"self":[{"href":"https:\/\/olemosaic.orbitalia.org\/pt-pt\/wp-json\/wp\/v2\/product\/37785","targetHints":{"allow":["GET"]}}],"collection":[{"href":"https:\/\/olemosaic.orbitalia.org\/pt-pt\/wp-json\/wp\/v2\/product"}],"about":[{"href":"https:\/\/olemosaic.orbitalia.org\/pt-pt\/wp-json\/wp\/v2\/types\/product"}],"wp:featuredmedia":[{"embeddable":true,"href":"https:\/\/olemosaic.orbitalia.org\/pt-pt\/wp-json\/wp\/v2\/media\/7121"}],"wp:attachment":[{"href":"https:\/\/olemosaic.orbitalia.org\/pt-pt\/wp-json\/wp\/v2\/media?parent=37785"}],"wp:term":[{"taxonomy":"product_brand","embeddable":true,"href":"https:\/\/olemosaic.orbitalia.org\/pt-pt\/wp-json\/wp\/v2\/product_brand?post=37785"},{"taxonomy":"product_cat","embeddable":true,"href":"https:\/\/olemosaic.orbitalia.org\/pt-pt\/wp-json\/wp\/v2\/product_cat?post=37785"},{"taxonomy":"product_tag","embeddable":true,"href":"https:\/\/olemosaic.orbitalia.org\/pt-pt\/wp-json\/wp\/v2\/product_tag?post=37785"}],"curies":[{"name":"wp","href":"https:\/\/api.w.org\/{rel}","templated":true}]}}