{"id":37784,"date":"2025-02-20T23:29:21","date_gmt":"2025-02-20T22:29:21","guid":{"rendered":"https:\/\/olemosaic.orbitalia.org\/producto\/abridor-de-metal-toro-epoxy-2\/"},"modified":"2025-07-25T18:56:51","modified_gmt":"2025-07-25T16:56:51","slug":"abridor-de-metal-touro-epoxi-2-pt-pt","status":"publish","type":"product","link":"https:\/\/olemosaic.orbitalia.org\/pt-pt\/produto\/abridor-de-metal-touro-epoxi-2-pt-pt\/","title":{"rendered":"Abridor de metal. Touro. Mosaico. Espanha. Ep\u00f3xi."},"content":{"rendered":"<p>Este abridor met\u00e1lico, decorado com um design vibrante de touros ao estilo mosaico, \u00e9 um aut\u00eantico reflexo da rica tradi\u00e7\u00e3o taurina de Espanha. A sua estrutura met\u00e1lica garante durabilidade e funcionalidade, enquanto o acabamento em resina ep\u00f3xi real\u00e7a as cores intensas dos touros, que v\u00e3o do vermelho mais vivo ao verde, amarelo e azul, criando uma pe\u00e7a visualmente cativante. Na parte superior, a palavra &#8220;ESPANHA&#8221; est\u00e1 elegantemente impressa, acrescentando um toque de sofistica\u00e7\u00e3o e tornando-o uma recorda\u00e7\u00e3o atraente para quem deseja levar um peda\u00e7o da cultura espanhola para casa.<\/p>\n<p>O design dos touros, s\u00edmbolo emblem\u00e1tico da heran\u00e7a cultural espanhola, capta a ess\u00eancia da arte do mosaico, que tem sido utilizada na pen\u00ednsula desde a antiguidade. Este abridor n\u00e3o \u00e9 apenas um acess\u00f3rio funcional ideal para qualquer casa, mas tamb\u00e9m uma recorda\u00e7\u00e3o representativa que evoca a paix\u00e3o e a emo\u00e7\u00e3o das festas taurinas. Na Ol\u00e9 Mosaic, orgulhamo-nos de ser distribuidores de recorda\u00e7\u00f5es aut\u00eanticas por grosso, oferecendo este abridor de touros como uma excelente op\u00e7\u00e3o para lojas de presentes tur\u00edsticos que procuram produtos de qualidade e significado cultural. Este abridor \u00e9 a escolha ideal para os turistas que procuram uma recorda\u00e7\u00e3o memor\u00e1vel da sua visita a Espanha.<\/p>\n","protected":false},"excerpt":{"rendered":"<p>Abridor met\u00e1lico decorado com um design vibrante de dois touros em estilo mosaico, que representa la rica tradi\u00e7\u00e3o taurina espanhola. O abridor tem um acabamento em resina ep\u00f3xi que real\u00e7a as cores intensas dos touros, em tons de vermelho, verde, amarelo e azul. Na parte superior, a palavra &#8220;ESPANHA&#8221; est\u00e1 impressa com letras elegantes, o que o torna uma recorda\u00e7\u00e3o atraente e funcional, ideal para recordar a visita.<\/p>\n","protected":false},"featured_media":8696,"template":"","meta":{"_acf_changed":false},"product_brand":[],"product_cat":[801],"product_tag":[516],"class_list":{"0":"post-37784","1":"product","2":"type-product","3":"status-publish","4":"has-post-thumbnail","6":"product_cat-abridores","7":"product_tag-animais","8":"pa_motivo-touros","10":"first","11":"instock","12":"shipping-taxable","13":"product-type-simple"},"acf":[],"_links":{"self":[{"href":"https:\/\/olemosaic.orbitalia.org\/pt-pt\/wp-json\/wp\/v2\/product\/37784","targetHints":{"allow":["GET"]}}],"collection":[{"href":"https:\/\/olemosaic.orbitalia.org\/pt-pt\/wp-json\/wp\/v2\/product"}],"about":[{"href":"https:\/\/olemosaic.orbitalia.org\/pt-pt\/wp-json\/wp\/v2\/types\/product"}],"wp:featuredmedia":[{"embeddable":true,"href":"https:\/\/olemosaic.orbitalia.org\/pt-pt\/wp-json\/wp\/v2\/media\/8696"}],"wp:attachment":[{"href":"https:\/\/olemosaic.orbitalia.org\/pt-pt\/wp-json\/wp\/v2\/media?parent=37784"}],"wp:term":[{"taxonomy":"product_brand","embeddable":true,"href":"https:\/\/olemosaic.orbitalia.org\/pt-pt\/wp-json\/wp\/v2\/product_brand?post=37784"},{"taxonomy":"product_cat","embeddable":true,"href":"https:\/\/olemosaic.orbitalia.org\/pt-pt\/wp-json\/wp\/v2\/product_cat?post=37784"},{"taxonomy":"product_tag","embeddable":true,"href":"https:\/\/olemosaic.orbitalia.org\/pt-pt\/wp-json\/wp\/v2\/product_tag?post=37784"}],"curies":[{"name":"wp","href":"https:\/\/api.w.org\/{rel}","templated":true}]}}