{"id":37766,"date":"2025-02-20T23:28:40","date_gmt":"2025-02-20T22:28:40","guid":{"rendered":"https:\/\/olemosaic.orbitalia.org\/producto\/gato-figura-de-resina-de-8-cm-pintada-a-mano\/"},"modified":"2025-07-25T18:48:52","modified_gmt":"2025-07-25T16:48:52","slug":"gato-figura-de-resina-de-8-cm-pintada-a-mao","status":"publish","type":"product","link":"https:\/\/olemosaic.orbitalia.org\/pt-pt\/produto\/gato-figura-de-resina-de-8-cm-pintada-a-mao\/","title":{"rendered":"Gato. Figura de mosaico de 8 cm."},"content":{"rendered":"<p>Esta figura de gato de resina, de 8 cm, \u00e9 uma recorda\u00e7\u00e3o encantadora que capta a ess\u00eancia da arte e da cultura espanhola atrav\u00e9s do seu meticuloso design em mosaico. Cada figura, com efeito pintado \u00e0 m\u00e3o, mostra uma explos\u00e3o vibrante de cores alegres que se entrela\u00e7am num padr\u00e3o de tesselas. Aqui, o vermelho, o verde, o amarelo e o azul d\u00e3o vida a esta representa\u00e7\u00e3o felina singular, evocando a rica tradi\u00e7\u00e3o art\u00edstica presente em diversas regi\u00f5es de Espanha. A postura ereta do gato e a sua express\u00e3o facial detalhada conferem um toque de alegria e dinamismo, tornando-o um elemento decorativo atraente tanto para a casa como para lojas de presentes tur\u00edsticos.<\/p>\n<p>Este gato em mosaico n\u00e3o \u00e9 apenas um objeto decorativo, mas tamb\u00e9m um s\u00edmbolo de costumes e hist\u00f3ria, uma vez que o uso de perfis coloridos no artesanato espanhol remonta a s\u00e9culos atr\u00e1s, refletindo a criatividade e a diversidade cultural do pa\u00eds. Ao adquirir esta figura, os turistas n\u00e3o s\u00f3 levam uma bonita recorda\u00e7\u00e3o, como tamb\u00e9m um peda\u00e7o da rica heran\u00e7a espanhola. Na Ol\u00e9 Mosaic, somos distribuidores de recorda\u00e7\u00f5es aut\u00eanticas, e esta figura de gato \u00e9 uma excelente op\u00e7\u00e3o para quem procura produtos \u00fanicos e significativos. Al\u00e9m disso, a sua relev\u00e2ncia cultural e artesanal torna-a uma recorda\u00e7\u00e3o ideal para aqueles que desejam rememorar a sua viagem a Espanha.<\/p>\n","protected":false},"excerpt":{"rendered":"<p>Figura de gato de 8 cm, meticulosamente desenhada de forma artesanal, pintada \u00e0 m\u00e3o, que se destaca pelo seu design vibrante em mosaico. Este encantador gato apresenta uma infinidade de cores alegres, como vermelho, verde, amarelo e azul, entrela\u00e7adas num padr\u00e3o de tesselas que evoca a rica tradi\u00e7\u00e3o art\u00edstica de Espanha. Perfeito como recorda\u00e7\u00e3o ou elemento decorativo, cada figura reflete um toque de folclore e criatividade.<\/p>\n","protected":false},"featured_media":11043,"template":"","meta":{"_acf_changed":false},"product_brand":[],"product_cat":[552],"product_tag":[516],"class_list":{"0":"post-37766","1":"product","2":"type-product","3":"status-publish","4":"has-post-thumbnail","6":"product_cat-numeros","7":"product_tag-animais","8":"pa_motivo-gatos","10":"first","11":"instock","12":"shipping-taxable","13":"product-type-simple"},"acf":[],"_links":{"self":[{"href":"https:\/\/olemosaic.orbitalia.org\/pt-pt\/wp-json\/wp\/v2\/product\/37766","targetHints":{"allow":["GET"]}}],"collection":[{"href":"https:\/\/olemosaic.orbitalia.org\/pt-pt\/wp-json\/wp\/v2\/product"}],"about":[{"href":"https:\/\/olemosaic.orbitalia.org\/pt-pt\/wp-json\/wp\/v2\/types\/product"}],"wp:featuredmedia":[{"embeddable":true,"href":"https:\/\/olemosaic.orbitalia.org\/pt-pt\/wp-json\/wp\/v2\/media\/11043"}],"wp:attachment":[{"href":"https:\/\/olemosaic.orbitalia.org\/pt-pt\/wp-json\/wp\/v2\/media?parent=37766"}],"wp:term":[{"taxonomy":"product_brand","embeddable":true,"href":"https:\/\/olemosaic.orbitalia.org\/pt-pt\/wp-json\/wp\/v2\/product_brand?post=37766"},{"taxonomy":"product_cat","embeddable":true,"href":"https:\/\/olemosaic.orbitalia.org\/pt-pt\/wp-json\/wp\/v2\/product_cat?post=37766"},{"taxonomy":"product_tag","embeddable":true,"href":"https:\/\/olemosaic.orbitalia.org\/pt-pt\/wp-json\/wp\/v2\/product_tag?post=37766"}],"curies":[{"name":"wp","href":"https:\/\/api.w.org\/{rel}","templated":true}]}}