{"id":37757,"date":"2025-02-20T22:28:24","date_gmt":"2025-02-20T22:28:24","guid":{"rendered":"https:\/\/olemosaic.orbitalia.org\/producto\/saleros-de-ceramica-madrid-blanco\/"},"modified":"2025-07-25T19:24:35","modified_gmt":"2025-07-25T17:24:35","slug":"saleiros-de-ceramica-madrid-branco-pt-pt","status":"publish","type":"product","link":"https:\/\/olemosaic.orbitalia.org\/pt-pt\/produto\/saleiros-de-ceramica-madrid-branco-pt-pt\/","title":{"rendered":"Saleiros de cer\u00e2mica. Madrid. Branco."},"content":{"rendered":"<p>Descubra os nossos saleiros de cer\u00e2mica decorados com cenas coloridas de Madrid, uma recorda\u00e7\u00e3o encantadora que captura a ess\u00eancia vibrante desta cidade ic\u00f3nica. Cada saleiro, elaborado em cer\u00e2mica branca, apresenta um design \u00fanico com ilustra\u00e7\u00f5es de \u00edcones madrilenos emblem\u00e1ticos, como a famosa Puerta del Sol, e figuras representativas do folclore local, tudo num estilo de mosaico cativante que evoca a heran\u00e7a art\u00edstica da regi\u00e3o. As cores vivas e alegres real\u00e7am os detalhes meticulosamente pintados, criando uma pe\u00e7a que n\u00e3o s\u00f3 \u00e9 funcional, mas tamb\u00e9m um adorno elegante para qualquer mesa.<\/p>\n<p>Esta recorda\u00e7\u00e3o madrilena n\u00e3o s\u00f3 confere um toque art\u00edstico \u00e0 sua casa, como tamb\u00e9m encarna a rica cultura de Madrid, tornando-a o presente perfeito para os turistas que desejam levar um peda\u00e7o da cidade. A hist\u00f3ria de Madrid reflete-se em cada detalhe, tornando-a uma representa\u00e7\u00e3o aut\u00eantica do seu patrim\u00f3nio. Na Ol\u00e9 Mosaic, somos especialistas na distribui\u00e7\u00e3o de recorda\u00e7\u00f5es por grosso, e estes saleiros s\u00e3o ideais para lojas de presentes tur\u00edsticos que procuram produtos aut\u00eanticos e atrativos. Trazem um peda\u00e7o de Madrid a qualquer casa e s\u00e3o uma excelente op\u00e7\u00e3o como recorda\u00e7\u00e3o de cer\u00e2mica.<\/p>\n","protected":false},"excerpt":{"rendered":"<p>Saleiros de cer\u00e2mica decorados com cenas coloridas de Madrid. Cada saleiro exibe um design vibrante que inclui \u00edcones emblem\u00e1ticos da cidade, como a Puerta del Sol e figuras tradicionais, tudo elaborado com um atraente estilo de mosaico. A cer\u00e2mica branca real\u00e7a as cores brilhantes das ilustra\u00e7\u00f5es, conferindo um toque art\u00edstico e alegre \u00e0 sua mesa. S\u00e3o perfeitos para adicionar um toque de cultura madrilena a qualquer casa.<\/p>\n","protected":false},"featured_media":9956,"template":"","meta":{"_acf_changed":false},"product_brand":[],"product_cat":[821],"product_tag":[515],"class_list":{"0":"post-37757","1":"product","2":"type-product","3":"status-publish","4":"has-post-thumbnail","6":"product_cat-saleiros","7":"product_tag-ceramica","8":"pa_ciudad-madrid","9":"pa_pais-espana","11":"first","12":"instock","13":"shipping-taxable","14":"product-type-simple"},"acf":[],"_links":{"self":[{"href":"https:\/\/olemosaic.orbitalia.org\/pt-pt\/wp-json\/wp\/v2\/product\/37757","targetHints":{"allow":["GET"]}}],"collection":[{"href":"https:\/\/olemosaic.orbitalia.org\/pt-pt\/wp-json\/wp\/v2\/product"}],"about":[{"href":"https:\/\/olemosaic.orbitalia.org\/pt-pt\/wp-json\/wp\/v2\/types\/product"}],"wp:featuredmedia":[{"embeddable":true,"href":"https:\/\/olemosaic.orbitalia.org\/pt-pt\/wp-json\/wp\/v2\/media\/9956"}],"wp:attachment":[{"href":"https:\/\/olemosaic.orbitalia.org\/pt-pt\/wp-json\/wp\/v2\/media?parent=37757"}],"wp:term":[{"taxonomy":"product_brand","embeddable":true,"href":"https:\/\/olemosaic.orbitalia.org\/pt-pt\/wp-json\/wp\/v2\/product_brand?post=37757"},{"taxonomy":"product_cat","embeddable":true,"href":"https:\/\/olemosaic.orbitalia.org\/pt-pt\/wp-json\/wp\/v2\/product_cat?post=37757"},{"taxonomy":"product_tag","embeddable":true,"href":"https:\/\/olemosaic.orbitalia.org\/pt-pt\/wp-json\/wp\/v2\/product_tag?post=37757"}],"curies":[{"name":"wp","href":"https:\/\/api.w.org\/{rel}","templated":true}]}}