{"id":37756,"date":"2025-02-20T22:28:24","date_gmt":"2025-02-20T22:28:24","guid":{"rendered":"https:\/\/olemosaic.orbitalia.org\/producto\/4-bols-de-coco-de-13-x-6-cm-salamandra-mallorca\/"},"modified":"2025-07-25T19:58:42","modified_gmt":"2025-07-25T17:58:42","slug":"4-tacas-de-coco-de-13-x-6-cm-salamandra-maiorca-pt-pt","status":"publish","type":"product","link":"https:\/\/olemosaic.orbitalia.org\/pt-pt\/produto\/4-tacas-de-coco-de-13-x-6-cm-salamandra-maiorca-pt-pt\/","title":{"rendered":"4 Ta\u00e7as de coco de 13 x 6 cm. Salamandra. Maiorca."},"content":{"rendered":"<p>Descubra as nossas fascinantes ta\u00e7as de coco de 13 x 6 cm, cada uma decorada com um design encantador de salamandra que representa a ess\u00eancia vibrante de Maiorca. Estas quatro ta\u00e7as \u00fanicas apresentam mosaicos deslumbrantes numa paleta de tons azuis, amarelos e castanhos, real\u00e7ando a riqueza cultural e o folclore da ilha. Cada pe\u00e7a conta com a palavra &#8220;MAIORCA&#8221; elegantemente gravada no centro, o que torna estas ta\u00e7as uma recorda\u00e7\u00e3o perfeita das suas aventuras neste destino espetacular.<\/p>\n<p>Feitas de materiais naturais, estas ta\u00e7as n\u00e3o s\u00e3o apenas funcionais, mas tamb\u00e9m um elemento decorativo que confere um toque aut\u00eantico a qualquer casa. Ideais para servir aperitivos ou simplesmente para exibir numa prateleira, o seu design colorido e original capta a aten\u00e7\u00e3o e o cora\u00e7\u00e3o de quem visita a ilha. A salamandra, s\u00edmbolo de vitalidade e transforma\u00e7\u00e3o na cultura mediterr\u00e2nica, acrescenta um significado especial a cada pe\u00e7a, elevando o seu valor como souvenir.<\/p>\n<p>Na Ol\u00e9 Mosaic, especializamo-nos em oferecer souvenirs aut\u00eanticos de Maiorca por grosso, garantindo que cada produto n\u00e3o s\u00f3 seja atrativo, mas tamb\u00e9m um reflexo genu\u00edno da tradi\u00e7\u00e3o art\u00edstica local. Estas ta\u00e7as de coco s\u00e3o uma excelente op\u00e7\u00e3o para lojas de presentes tur\u00edsticos que procuram oferecer aos seus clientes recorda\u00e7\u00f5es de qualidade e com um profundo valor cultural.<\/p>\n","protected":false},"excerpt":{"rendered":"<p>Ta\u00e7as de coco de 13 x 6 cm decoradas com um design encantador de salamandra, que representa a ess\u00eancia de Maiorca. Cada ta\u00e7a apresenta um mosaico colorido com formas em tons vibrantes de azul, amarelo e castanho, com a palavra &#8220;MAIORCA&#8221; gravada no centro. Elaboradas com materiais naturais, estas ta\u00e7as s\u00e3o ideais como elemento decorativo ou para servir aperitivos, capturando o folclore e a cultura maiorquina com o seu colorido e originalidade.<\/p>\n","protected":false},"featured_media":10697,"template":"","meta":{"_acf_changed":false},"product_brand":[],"product_cat":[513],"product_tag":[516],"class_list":{"0":"post-37756","1":"product","2":"type-product","3":"status-publish","4":"has-post-thumbnail","6":"product_cat-bols","7":"product_tag-animais","8":"pa_ciudad-mallorca","9":"pa_motivo-salamandras","10":"pa_pais-espana","12":"first","13":"instock","14":"shipping-taxable","15":"product-type-simple"},"acf":[],"_links":{"self":[{"href":"https:\/\/olemosaic.orbitalia.org\/pt-pt\/wp-json\/wp\/v2\/product\/37756","targetHints":{"allow":["GET"]}}],"collection":[{"href":"https:\/\/olemosaic.orbitalia.org\/pt-pt\/wp-json\/wp\/v2\/product"}],"about":[{"href":"https:\/\/olemosaic.orbitalia.org\/pt-pt\/wp-json\/wp\/v2\/types\/product"}],"wp:featuredmedia":[{"embeddable":true,"href":"https:\/\/olemosaic.orbitalia.org\/pt-pt\/wp-json\/wp\/v2\/media\/10697"}],"wp:attachment":[{"href":"https:\/\/olemosaic.orbitalia.org\/pt-pt\/wp-json\/wp\/v2\/media?parent=37756"}],"wp:term":[{"taxonomy":"product_brand","embeddable":true,"href":"https:\/\/olemosaic.orbitalia.org\/pt-pt\/wp-json\/wp\/v2\/product_brand?post=37756"},{"taxonomy":"product_cat","embeddable":true,"href":"https:\/\/olemosaic.orbitalia.org\/pt-pt\/wp-json\/wp\/v2\/product_cat?post=37756"},{"taxonomy":"product_tag","embeddable":true,"href":"https:\/\/olemosaic.orbitalia.org\/pt-pt\/wp-json\/wp\/v2\/product_tag?post=37756"}],"curies":[{"name":"wp","href":"https:\/\/api.w.org\/{rel}","templated":true}]}}