{"id":37755,"date":"2025-02-20T23:28:24","date_gmt":"2025-02-20T22:28:24","guid":{"rendered":"https:\/\/olemosaic.orbitalia.org\/producto\/4-bols-de-coco-de-13-x-6-cm-tortuga-tenerife\/"},"modified":"2025-07-25T19:30:49","modified_gmt":"2025-07-25T17:30:49","slug":"4-tacas-de-coco-de-13-x-6-cm-tartaruga-tenerife-pt-pt","status":"publish","type":"product","link":"https:\/\/olemosaic.orbitalia.org\/pt-pt\/produto\/4-tacas-de-coco-de-13-x-6-cm-tartaruga-tenerife-pt-pt\/","title":{"rendered":"4 Ta\u00e7as de coco de 13 x 6 cm. Tartaruga. Tenerife."},"content":{"rendered":"<p>Descubra as nossas exclusivas ta\u00e7as de coco de 13 x 6 cm, decoradas com um design encantador de tartaruga, representativo da bela ilha de Tenerife. Cada ta\u00e7a foi pintada \u00e0 m\u00e3o, apresentando uma paleta vibrante de cores que inclui azul, rosa, amarelo e branco, que real\u00e7a a beleza da paisagem can\u00e1ria. O motivo da tartaruga no centro simboliza a liga\u00e7\u00e3o com a rica fauna marinha da regi\u00e3o, um elemento ic\u00f3nico do orgulho de Tenerife e uma recorda\u00e7\u00e3o perfeita para quem deseja levar um peda\u00e7o desta cultura singular.<\/p>\n<p>A forma oval destas ta\u00e7as, fabricadas com materiais naturais, n\u00e3o s\u00f3 as torna uma op\u00e7\u00e3o ecol\u00f3gica, como tamb\u00e9m lhes confere um ar r\u00fastico e aut\u00eantico. O acabamento brilhante real\u00e7a as cores vibrantes e torna estas ta\u00e7as ideais tanto para servir aperitivos como para as usar como elementos decorativos em qualquer casa.<\/p>\n<p>Estes souvenirs de coco s\u00e3o uma excelente op\u00e7\u00e3o para turistas que procuram recorda\u00e7\u00f5es genu\u00ednas de Tenerife. Na Ol\u00e9 Mosaic, como grossista de souvenirs, garantimos produtos de qualidade e relev\u00e2ncia cultural, perfeitos para lojas de presentes tur\u00edsticos que desejem oferecer artigos \u00fanicos e representativos da tradi\u00e7\u00e3o can\u00e1ria.<\/p>\n","protected":false},"excerpt":{"rendered":"<p>Ta\u00e7as de coco de 13 x 6 cm, decoradas com um design de tartaruga representativo de Tenerife. Cada ta\u00e7a, de design artesanal, pintada \u00e0 m\u00e3o, com cores vibrantes como azul, rosa, amarelo e branco, apresenta um acabamento brilhante e um motivo de tartaruga no centro, uma alus\u00e3o \u00e0 cultura local. A sua forma oval e o uso de materiais naturais tornam-nas um souvenir ideal e ecol\u00f3gico, perfeito para servir aperitivos ou como elemento decorativo.<\/p>\n","protected":false},"featured_media":12123,"template":"","meta":{"_acf_changed":false},"product_brand":[],"product_cat":[513],"product_tag":[516],"class_list":{"0":"post-37755","1":"product","2":"type-product","3":"status-publish","4":"has-post-thumbnail","6":"product_cat-bols","7":"product_tag-animais","8":"pa_ciudad-tenerife","9":"pa_motivo-tartarugas","10":"pa_pais-espana","12":"first","13":"instock","14":"shipping-taxable","15":"product-type-simple"},"acf":[],"_links":{"self":[{"href":"https:\/\/olemosaic.orbitalia.org\/pt-pt\/wp-json\/wp\/v2\/product\/37755","targetHints":{"allow":["GET"]}}],"collection":[{"href":"https:\/\/olemosaic.orbitalia.org\/pt-pt\/wp-json\/wp\/v2\/product"}],"about":[{"href":"https:\/\/olemosaic.orbitalia.org\/pt-pt\/wp-json\/wp\/v2\/types\/product"}],"wp:featuredmedia":[{"embeddable":true,"href":"https:\/\/olemosaic.orbitalia.org\/pt-pt\/wp-json\/wp\/v2\/media\/12123"}],"wp:attachment":[{"href":"https:\/\/olemosaic.orbitalia.org\/pt-pt\/wp-json\/wp\/v2\/media?parent=37755"}],"wp:term":[{"taxonomy":"product_brand","embeddable":true,"href":"https:\/\/olemosaic.orbitalia.org\/pt-pt\/wp-json\/wp\/v2\/product_brand?post=37755"},{"taxonomy":"product_cat","embeddable":true,"href":"https:\/\/olemosaic.orbitalia.org\/pt-pt\/wp-json\/wp\/v2\/product_cat?post=37755"},{"taxonomy":"product_tag","embeddable":true,"href":"https:\/\/olemosaic.orbitalia.org\/pt-pt\/wp-json\/wp\/v2\/product_tag?post=37755"}],"curies":[{"name":"wp","href":"https:\/\/api.w.org\/{rel}","templated":true}]}}