{"id":37751,"date":"2025-02-20T23:28:24","date_gmt":"2025-02-20T22:28:24","guid":{"rendered":"https:\/\/olemosaic.orbitalia.org\/producto\/4-bols-de-coco-de-13-x-6-cm-bailaora\/"},"modified":"2025-07-25T19:42:47","modified_gmt":"2025-07-25T17:42:47","slug":"4-tacas-de-coco-de-13-x-6-cm-bailarina-de-flamenco","status":"publish","type":"product","link":"https:\/\/olemosaic.orbitalia.org\/pt-pt\/produto\/4-tacas-de-coco-de-13-x-6-cm-bailarina-de-flamenco\/","title":{"rendered":"4 Ta\u00e7as de coco de 13 x 6 cm. Bailarina de Flamenco."},"content":{"rendered":"<p>Descubra as nossas encantadoras ta\u00e7as de coco, uma aut\u00eantica homenagem \u00e0 cultura andaluza, ideais para quem deseja levar um pedacinho de Espanha para a sua casa. Cada ta\u00e7a, de 13 x 6 cm, est\u00e1 meticulosamente decorada com um design vibrante de uma bailarina de flamenco, capturando a ess\u00eancia e a paix\u00e3o desta arte t\u00e3o nossa. Dispon\u00edveis em quatro cores cativantes \u2014 azul, rosa, amarelo e lil\u00e1s \u2014, cada uma apresenta um acabamento polido que reflete a luz e real\u00e7a os seus detalhes em mosaico, evocando a eleg\u00e2ncia do flamenco.<\/p>\n<p>O processo de pintura \u00e0 m\u00e3o assegura que cada ta\u00e7a seja uma pe\u00e7a \u00fanica, conferindo um valor acrescentado a esta recorda\u00e7\u00e3o espanhola. Perfeitas n\u00e3o s\u00f3 para servir tapas, mas tamb\u00e9m como elementos decorativos que adicionam um toque festivo a qualquer espa\u00e7o. Este produto \u00e9 uma excelente recorda\u00e7\u00e3o representativa da Andaluzia, onde a cultura flamenca \u00e9 celebrada com fervor e se tornou um s\u00edmbolo da identidade espanhola.<\/p>\n<p>Na Ol\u00e9 Mosaic, como distribuidores de recorda\u00e7\u00f5es aut\u00eanticas, oferecemos estas maravilhosas ta\u00e7as de coco por grosso, ideais para lojas de presentes tur\u00edsticos que procuram destacar a sua oferta. Estas recorda\u00e7\u00f5es flamencas n\u00e3o s\u00f3 s\u00e3o atraentes, como tamb\u00e9m contam uma hist\u00f3ria rica em tradi\u00e7\u00f5es, tornando-as a op\u00e7\u00e3o perfeita para qualquer turista que deseje levar uma recorda\u00e7\u00e3o aut\u00eantica de Espanha.<\/p>\n","protected":false},"excerpt":{"rendered":"<p>Ta\u00e7as de coco de 13 x 6 cm decoradas com um design vibrante de uma bailarina de flamenco. Estas atraentes ta\u00e7as, dispon\u00edveis em quatro cores (azul, rosa, amarelo e lil\u00e1s), apresentam um acabamento polido com detalhes de mosaico que real\u00e7am a eleg\u00e2ncia da arte flamenca. Cada ta\u00e7a tem um design artesanal, pintado \u00e0 m\u00e3o, o que garante a sua unicidade e qualidade. Perfeitas para servir tapas ou como elemento decorativo, evocam o esp\u00edrito festivo de Espanha.<\/p>\n","protected":false},"featured_media":13788,"template":"","meta":{"_acf_changed":false},"product_brand":[],"product_cat":[513],"product_tag":[],"class_list":{"0":"post-37751","1":"product","2":"type-product","3":"status-publish","4":"has-post-thumbnail","6":"product_cat-bols","7":"pa_motivo-dancarinos","9":"first","10":"instock","11":"shipping-taxable","12":"product-type-simple"},"acf":[],"_links":{"self":[{"href":"https:\/\/olemosaic.orbitalia.org\/pt-pt\/wp-json\/wp\/v2\/product\/37751","targetHints":{"allow":["GET"]}}],"collection":[{"href":"https:\/\/olemosaic.orbitalia.org\/pt-pt\/wp-json\/wp\/v2\/product"}],"about":[{"href":"https:\/\/olemosaic.orbitalia.org\/pt-pt\/wp-json\/wp\/v2\/types\/product"}],"wp:featuredmedia":[{"embeddable":true,"href":"https:\/\/olemosaic.orbitalia.org\/pt-pt\/wp-json\/wp\/v2\/media\/13788"}],"wp:attachment":[{"href":"https:\/\/olemosaic.orbitalia.org\/pt-pt\/wp-json\/wp\/v2\/media?parent=37751"}],"wp:term":[{"taxonomy":"product_brand","embeddable":true,"href":"https:\/\/olemosaic.orbitalia.org\/pt-pt\/wp-json\/wp\/v2\/product_brand?post=37751"},{"taxonomy":"product_cat","embeddable":true,"href":"https:\/\/olemosaic.orbitalia.org\/pt-pt\/wp-json\/wp\/v2\/product_cat?post=37751"},{"taxonomy":"product_tag","embeddable":true,"href":"https:\/\/olemosaic.orbitalia.org\/pt-pt\/wp-json\/wp\/v2\/product_tag?post=37751"}],"curies":[{"name":"wp","href":"https:\/\/api.w.org\/{rel}","templated":true}]}}