{"id":37737,"date":"2025-02-20T22:28:17","date_gmt":"2025-02-20T22:28:17","guid":{"rendered":"https:\/\/olemosaic.orbitalia.org\/producto\/funda-de-telefono-para-iphone-14-tpu-salamandra-mallorca-blanco\/"},"modified":"2025-07-25T22:43:59","modified_gmt":"2025-07-25T20:43:59","slug":"capa-de-telemovel-para-iphone-14-tpu-salamandra-maiorca-branco-pt-pt","status":"publish","type":"product","link":"https:\/\/olemosaic.orbitalia.org\/pt-pt\/produto\/capa-de-telemovel-para-iphone-14-tpu-salamandra-maiorca-branco-pt-pt\/","title":{"rendered":"Capa de telem\u00f3vel para iPhone 14 (TPU). Salamandra. Maiorca. Branco"},"content":{"rendered":"<p>Descubra a nossa elegante capa para iPhone 14, desenhada com um vibrante motivo de salamandras e flores t\u00edpicas de Maiorca. Esta capa, fabricada em TPU, um material muito resistente, garante a prote\u00e7\u00e3o do seu dispositivo contra quedas e riscos, mantendo simultaneamente um design fino e leve. O fundo branco real\u00e7a as cores intensas das salamandras, em azuis, verdes e vermelhos, que se entrela\u00e7am com alegres motivos florais numa variedade de tonalidades, criando uma fus\u00e3o visual que captura a ess\u00eancia da natureza de Maiorca.<\/p>\n<p>Este design n\u00e3o s\u00f3 se destaca pelo seu apelo est\u00e9tico, mas tamb\u00e9m presta homenagem \u00e0 rica cultura de Maiorca, onde a fauna e a flora locais s\u00e3o um s\u00edmbolo da beleza natural da ilha. A salamandra, em particular, associa-se \u00e0 tradi\u00e7\u00e3o e \u00e0 arte aut\u00f3ctone, tornando esta capa numa aut\u00eantica recorda\u00e7\u00e3o de Maiorca, perfeita para quem quer levar um peda\u00e7o da ilha consigo.<\/p>\n<p>Na Ol\u00e9 Mosaic, somos distribuidores de recorda\u00e7\u00f5es por grosso, e esta capa \u00e9 uma excelente op\u00e7\u00e3o para lojas de presentes tur\u00edsticos que procuram produtos que combinam funcionalidade, estilo e relev\u00e2ncia cultural. N\u00e3o perca a oportunidade de oferecer aos seus clientes um artigo \u00fanico e aut\u00eantico que celebra a magia de Maiorca.<\/p>\n","protected":false},"excerpt":{"rendered":"<p>Capa para iPhone 14 fabricada em TPU, com um design atraente de salamandras e flores t\u00edpicas de Maiorca. O fundo branco real\u00e7a os vibrantes tons azuis, verdes e vermelhos das salamandras, juntamente com alegres motivos florais em v\u00e1rias cores. Este acess\u00f3rio n\u00e3o s\u00f3 protege o seu dispositivo, como tamb\u00e9m celebra a rica cultura de Maiorca com um estilo moderno e art\u00edstico, ideal para os amantes da ilha.<\/p>\n","protected":false},"featured_media":12954,"template":"","meta":{"_acf_changed":false},"product_brand":[],"product_cat":[685],"product_tag":[516],"class_list":{"0":"post-37737","1":"product","2":"type-product","3":"status-publish","4":"has-post-thumbnail","6":"product_cat-capas-para-telemoveis","7":"product_tag-animais","8":"pa_ciudad-mallorca","9":"pa_motivo-salamandras","10":"pa_pais-espana","12":"first","13":"instock","14":"shipping-taxable","15":"product-type-simple"},"acf":[],"_links":{"self":[{"href":"https:\/\/olemosaic.orbitalia.org\/pt-pt\/wp-json\/wp\/v2\/product\/37737","targetHints":{"allow":["GET"]}}],"collection":[{"href":"https:\/\/olemosaic.orbitalia.org\/pt-pt\/wp-json\/wp\/v2\/product"}],"about":[{"href":"https:\/\/olemosaic.orbitalia.org\/pt-pt\/wp-json\/wp\/v2\/types\/product"}],"wp:featuredmedia":[{"embeddable":true,"href":"https:\/\/olemosaic.orbitalia.org\/pt-pt\/wp-json\/wp\/v2\/media\/12954"}],"wp:attachment":[{"href":"https:\/\/olemosaic.orbitalia.org\/pt-pt\/wp-json\/wp\/v2\/media?parent=37737"}],"wp:term":[{"taxonomy":"product_brand","embeddable":true,"href":"https:\/\/olemosaic.orbitalia.org\/pt-pt\/wp-json\/wp\/v2\/product_brand?post=37737"},{"taxonomy":"product_cat","embeddable":true,"href":"https:\/\/olemosaic.orbitalia.org\/pt-pt\/wp-json\/wp\/v2\/product_cat?post=37737"},{"taxonomy":"product_tag","embeddable":true,"href":"https:\/\/olemosaic.orbitalia.org\/pt-pt\/wp-json\/wp\/v2\/product_tag?post=37737"}],"curies":[{"name":"wp","href":"https:\/\/api.w.org\/{rel}","templated":true}]}}