{"id":37731,"date":"2025-02-20T23:28:13","date_gmt":"2025-02-20T22:28:13","guid":{"rendered":"https:\/\/olemosaic.orbitalia.org\/producto\/bol-de-coco-naranja-salamandra\/"},"modified":"2025-07-25T20:25:23","modified_gmt":"2025-07-25T18:25:23","slug":"taca-de-coco-laranja-salamandra-pt-pt","status":"publish","type":"product","link":"https:\/\/olemosaic.orbitalia.org\/pt-pt\/produto\/taca-de-coco-laranja-salamandra-pt-pt\/","title":{"rendered":"Ta\u00e7a de coco laranja. Salamandra."},"content":{"rendered":"<p>Descubra esta espetacular ta\u00e7a de coco laranja decorada com uma delicada salamandra, uma pe\u00e7a artesanal que capta a ess\u00eancia da rica heran\u00e7a cultural da regi\u00e3o. Esta bela ta\u00e7a, elaborada a partir da casca de coco, apresenta um acabamento brilhante em vibrantes tons laranja que acentuam o seu design \u00fanico e atraente. No centro, uma salamandra com efeito pintado \u00e0 m\u00e3o com grande detalhe simboliza a fauna local e confere um toque distintivo \u00e0 obra, criando uma liga\u00e7\u00e3o direta com a natureza que rodeia esta regi\u00e3o.<\/p>\n<p>A superf\u00edcie da ta\u00e7a est\u00e1 adornada com padr\u00f5es intrincados que evocam texturas naturais, transformando esta pe\u00e7a num belo elemento decorativo ou funcional para qualquer lar. Ideal para servir aperitivos ou simplesmente como objeto de decora\u00e7\u00e3o, esta ta\u00e7a n\u00e3o s\u00f3 cumpre uma fun\u00e7\u00e3o pr\u00e1tica, como tamb\u00e9m atua como uma recorda\u00e7\u00e3o cultural significativa.<\/p>\n<p>Na Ol\u00e9 Mosaic, orgulhamo-nos de oferecer souvenirs aut\u00eanticos que representam a variedade cultural de Espanha e Portugal. Esta ta\u00e7a de coco \u00e9 uma excelente op\u00e7\u00e3o para lojas de presentes tur\u00edsticos que procuram produtos de alta qualidade e design artesanal. Com a sua singularidade e autenticidade, torna-se um souvenir perfeito que encantar\u00e1 os turistas em busca de uma recorda\u00e7\u00e3o que reflita a beleza e tradi\u00e7\u00e3o da regi\u00e3o. Como distribuidores de souvenirs, garantimos que cada pe\u00e7a \u00e9 um testemunho da rica artesania local.<\/p>\n","protected":false},"excerpt":{"rendered":"<p>Ta\u00e7a de coco laranja decorada com uma delicada salamandra, que representa a rica artesania da regi\u00e3o. Esta preciosa ta\u00e7a, feita a partir da casca de coco, exibe um acabamento brilhante em tons laranja que real\u00e7a o seu design. A salamandra, de design artesanal, pintado \u00e0 m\u00e3o, com um estilo que reflete a fauna local, d\u00e1-lhe um toque distintivo. A sua superf\u00edcie apresenta padr\u00f5es intrincados que evocam a natureza, tornando-a um elemento decorativo ou funcional.<\/p>\n","protected":false},"featured_media":10070,"template":"","meta":{"_acf_changed":false},"product_brand":[],"product_cat":[513],"product_tag":[516],"class_list":{"0":"post-37731","1":"product","2":"type-product","3":"status-publish","4":"has-post-thumbnail","6":"product_cat-bols","7":"product_tag-animais","8":"pa_motivo-salamandras","10":"first","11":"instock","12":"shipping-taxable","13":"product-type-simple"},"acf":[],"_links":{"self":[{"href":"https:\/\/olemosaic.orbitalia.org\/pt-pt\/wp-json\/wp\/v2\/product\/37731","targetHints":{"allow":["GET"]}}],"collection":[{"href":"https:\/\/olemosaic.orbitalia.org\/pt-pt\/wp-json\/wp\/v2\/product"}],"about":[{"href":"https:\/\/olemosaic.orbitalia.org\/pt-pt\/wp-json\/wp\/v2\/types\/product"}],"wp:featuredmedia":[{"embeddable":true,"href":"https:\/\/olemosaic.orbitalia.org\/pt-pt\/wp-json\/wp\/v2\/media\/10070"}],"wp:attachment":[{"href":"https:\/\/olemosaic.orbitalia.org\/pt-pt\/wp-json\/wp\/v2\/media?parent=37731"}],"wp:term":[{"taxonomy":"product_brand","embeddable":true,"href":"https:\/\/olemosaic.orbitalia.org\/pt-pt\/wp-json\/wp\/v2\/product_brand?post=37731"},{"taxonomy":"product_cat","embeddable":true,"href":"https:\/\/olemosaic.orbitalia.org\/pt-pt\/wp-json\/wp\/v2\/product_cat?post=37731"},{"taxonomy":"product_tag","embeddable":true,"href":"https:\/\/olemosaic.orbitalia.org\/pt-pt\/wp-json\/wp\/v2\/product_tag?post=37731"}],"curies":[{"name":"wp","href":"https:\/\/api.w.org\/{rel}","templated":true}]}}