{"id":37730,"date":"2025-02-20T23:28:13","date_gmt":"2025-02-20T22:28:13","guid":{"rendered":"https:\/\/olemosaic.orbitalia.org\/producto\/salvamanteles-de-ceramica-patio\/"},"modified":"2025-07-25T20:04:31","modified_gmt":"2025-07-25T18:04:31","slug":"descanso-de-pratos-de-ceramica-patio","status":"publish","type":"product","link":"https:\/\/olemosaic.orbitalia.org\/pt-pt\/produto\/descanso-de-pratos-de-ceramica-patio\/","title":{"rendered":"Descanso de pratos de cer\u00e2mica. P\u00e1tio."},"content":{"rendered":"<p>Descubra este encantador descanso de pratos de cer\u00e2mica, uma obra de arte funcional que capta a ess\u00eancia vibrante da Andaluzia. Com um design colorido inspirado nos t\u00edpicos p\u00e1tios andaluzes, este descanso de pratos destaca-se pela sua ilustra\u00e7\u00e3o com efeito pintado \u00e0 m\u00e3o que representa um par de bailarinos de flamenco a desfrutar de uma dan\u00e7a festiva. O fundo apresenta um belo mosaico de pedras com vasos repletos de flores vermelhas, criando uma atmosfera alegre e acolhedora.<\/p>\n<p>O rebordo entran\u00e7ado em tons vermelhos n\u00e3o s\u00f3 confere um detalhe elegante, como tamb\u00e9m real\u00e7a a autenticidade do produto, tornando-o perfeito tanto para o uso di\u00e1rio como para eventos especiais. Este descanso de pratos \u00e9 ideal para quem deseja adicionar um toque de cultura espanhola \u00e0 sua mesa, tornando-se uma excelente recorda\u00e7\u00e3o da rica tradi\u00e7\u00e3o da Andaluzia.<\/p>\n<p>Na Ol\u00e9 Mosaic, orgulhamo-nos de oferecer recorda\u00e7\u00f5es que celebram a heran\u00e7a cultural de Espanha. Este descanso de pratos de cer\u00e2mica n\u00e3o \u00e9 apenas um acess\u00f3rio decorativo, mas uma representa\u00e7\u00e3o do folclore e da alegria da dan\u00e7a flamenca. \u00c9 uma op\u00e7\u00e3o ideal para as lojas de presentes tur\u00edsticos que procuram produtos aut\u00eanticos e de qualidade que cativem os turistas. Como grossistas de recorda\u00e7\u00f5es, garantimos que cada pe\u00e7a reflete o esp\u00edrito vibrante dos p\u00e1tios andaluzes, tornando-se uma recorda\u00e7\u00e3o inesquec\u00edvel da sua visita a esta bela regi\u00e3o.<\/p>\n","protected":false},"excerpt":{"rendered":"<p>Descanso de pratos de cer\u00e2mica com um colorido design inspirado num encantador p\u00e1tio andaluz. Este produto apresenta uma ilustra\u00e7\u00e3o de design artesanal, pintado \u00e0 m\u00e3o, que representa um par de bailarinos de flamenco num ambiente festivo, rodeados de vasos com flores vermelhas e detalhes de azulejos. Com um rebordo entran\u00e7ado em tons vermelhos, resulta funcional e decorativo, ideal para adicionar um toque aut\u00eantico da cultura espanhola \u00e0 sua mesa.<\/p>\n","protected":false},"featured_media":8135,"template":"","meta":{"_acf_changed":false},"product_brand":[],"product_cat":[830],"product_tag":[515],"class_list":{"0":"post-37730","1":"product","2":"type-product","3":"status-publish","4":"has-post-thumbnail","6":"product_cat-bases-para-pratos","7":"product_tag-ceramica","8":"pa_motivo-patios","10":"first","11":"instock","12":"shipping-taxable","13":"product-type-simple"},"acf":[],"_links":{"self":[{"href":"https:\/\/olemosaic.orbitalia.org\/pt-pt\/wp-json\/wp\/v2\/product\/37730","targetHints":{"allow":["GET"]}}],"collection":[{"href":"https:\/\/olemosaic.orbitalia.org\/pt-pt\/wp-json\/wp\/v2\/product"}],"about":[{"href":"https:\/\/olemosaic.orbitalia.org\/pt-pt\/wp-json\/wp\/v2\/types\/product"}],"wp:featuredmedia":[{"embeddable":true,"href":"https:\/\/olemosaic.orbitalia.org\/pt-pt\/wp-json\/wp\/v2\/media\/8135"}],"wp:attachment":[{"href":"https:\/\/olemosaic.orbitalia.org\/pt-pt\/wp-json\/wp\/v2\/media?parent=37730"}],"wp:term":[{"taxonomy":"product_brand","embeddable":true,"href":"https:\/\/olemosaic.orbitalia.org\/pt-pt\/wp-json\/wp\/v2\/product_brand?post=37730"},{"taxonomy":"product_cat","embeddable":true,"href":"https:\/\/olemosaic.orbitalia.org\/pt-pt\/wp-json\/wp\/v2\/product_cat?post=37730"},{"taxonomy":"product_tag","embeddable":true,"href":"https:\/\/olemosaic.orbitalia.org\/pt-pt\/wp-json\/wp\/v2\/product_tag?post=37730"}],"curies":[{"name":"wp","href":"https:\/\/api.w.org\/{rel}","templated":true}]}}