{"id":37729,"date":"2025-02-20T23:28:13","date_gmt":"2025-02-20T22:28:13","guid":{"rendered":"https:\/\/olemosaic.orbitalia.org\/producto\/plato-de-ceramica-de-15-cm-marbella-azul\/"},"modified":"2025-07-25T19:46:13","modified_gmt":"2025-07-25T17:46:13","slug":"prato-de-ceramica-de-15-cm-marbella-azul-pt-pt","status":"publish","type":"product","link":"https:\/\/olemosaic.orbitalia.org\/pt-pt\/produto\/prato-de-ceramica-de-15-cm-marbella-azul-pt-pt\/","title":{"rendered":"Prato de cer\u00e2mica de 15 cm. Marbella. Azul."},"content":{"rendered":"<p>Descubra este encantador prato de cer\u00e2mica de 15 cm, uma aut\u00eantica recorda\u00e7\u00e3o de Marbella que capta a ess\u00eancia da Costa del Sol. O seu vibrante fundo azul brilhante serve de base a um colorido mosaico que ilustra uma cena t\u00edpica andaluza, onde se destaca o nome &#8220;MARBELLA&#8221; em letras brancas, evocando a identidade desta bela cidade. Na ilustra\u00e7\u00e3o, uma \u00e1rvore frondosa e uma elegante fonte acrescentam um toque cultural e fotog\u00e9nico, recordando os belos recantos da localidade que atraem turistas de todo o mundo. Este prato n\u00e3o s\u00f3 \u00e9 um elemento decorativo vers\u00e1til, ideal para embelezar o seu lar, como tamb\u00e9m funciona como uma recorda\u00e7\u00e3o significativa das suas viagens, permitindo-lhe reviver a vibrante atmosfera de Marbella todos os dias.<\/p>\n<p>Como distribuidores de souvenirs por grosso, na Ol\u00e9 Mosaic oferecemos produtos que refletem a rica cultura espanhola. Este prato de cer\u00e2mica \u00e9 uma excelente op\u00e7\u00e3o para lojas de presentes tur\u00edsticos que procuram recorda\u00e7\u00f5es aut\u00eanticas de Marbella, acrescentando um toque art\u00edstico e cultural \u00e0 sua cole\u00e7\u00e3o. Um presente perfeito para aqueles que desejam levar um peda\u00e7o da Andaluzia consigo, este prato encarna a autenticidade e o esp\u00edrito da regi\u00e3o, tornando-o uma recorda\u00e7\u00e3o inesquec\u00edvel.<\/p>\n","protected":false},"excerpt":{"rendered":"<p>Prato de cer\u00e2mica de 15 cm, decorado com um design vibrante que capta a ess\u00eancia de Marbella. Este original prato apresenta um fundo azul brilhante e um mosaico colorido que ilustra uma cena t\u00edpica andaluza, destacando o nome &#8220;MARBELLA&#8221; em letras brancas. Elementos como uma \u00e1rvore e uma fonte no ambiente acrescentam um toque cultural. Perfeito como elemento decorativo ou para recordar as suas viagens \u00e0 Costa del Sol.<\/p>\n","protected":false},"featured_media":9917,"template":"","meta":{"_acf_changed":false},"product_brand":[],"product_cat":[629],"product_tag":[515],"class_list":{"0":"post-37729","1":"product","2":"type-product","3":"status-publish","4":"has-post-thumbnail","6":"product_cat-pratos-decorativos","7":"product_tag-ceramica","8":"pa_ciudad-marbella","9":"pa_pais-espana","11":"first","12":"instock","13":"shipping-taxable","14":"product-type-simple"},"acf":[],"_links":{"self":[{"href":"https:\/\/olemosaic.orbitalia.org\/pt-pt\/wp-json\/wp\/v2\/product\/37729","targetHints":{"allow":["GET"]}}],"collection":[{"href":"https:\/\/olemosaic.orbitalia.org\/pt-pt\/wp-json\/wp\/v2\/product"}],"about":[{"href":"https:\/\/olemosaic.orbitalia.org\/pt-pt\/wp-json\/wp\/v2\/types\/product"}],"wp:featuredmedia":[{"embeddable":true,"href":"https:\/\/olemosaic.orbitalia.org\/pt-pt\/wp-json\/wp\/v2\/media\/9917"}],"wp:attachment":[{"href":"https:\/\/olemosaic.orbitalia.org\/pt-pt\/wp-json\/wp\/v2\/media?parent=37729"}],"wp:term":[{"taxonomy":"product_brand","embeddable":true,"href":"https:\/\/olemosaic.orbitalia.org\/pt-pt\/wp-json\/wp\/v2\/product_brand?post=37729"},{"taxonomy":"product_cat","embeddable":true,"href":"https:\/\/olemosaic.orbitalia.org\/pt-pt\/wp-json\/wp\/v2\/product_cat?post=37729"},{"taxonomy":"product_tag","embeddable":true,"href":"https:\/\/olemosaic.orbitalia.org\/pt-pt\/wp-json\/wp\/v2\/product_tag?post=37729"}],"curies":[{"name":"wp","href":"https:\/\/api.w.org\/{rel}","templated":true}]}}