{"id":37721,"date":"2025-02-20T23:27:56","date_gmt":"2025-02-20T22:27:56","guid":{"rendered":"https:\/\/olemosaic.orbitalia.org\/producto\/mug-de-ceramica-salamandra-beige\/"},"modified":"2025-07-25T19:00:26","modified_gmt":"2025-07-25T17:00:26","slug":"caneca-de-ceramica-salamandra-bege-pt-pt-2","status":"publish","type":"product","link":"https:\/\/olemosaic.orbitalia.org\/pt-pt\/produto\/caneca-de-ceramica-salamandra-bege-pt-pt-2\/","title":{"rendered":"Caneca de cer\u00e2mica. Salamandras e flores. Bege."},"content":{"rendered":"<p>Caneca de cer\u00e2mica com design de salamandras<\/p>\n<p>Descubra a nossa exclusiva caneca de cer\u00e2mica com um design vibrante de salamandras, ideal para adicionar um toque de cor e cultura aos seus momentos de caf\u00e9. Esta caneca, com um elegante acabamento bege, destaca-se pela sua decora\u00e7\u00e3o cativante, onde salamandras multicoloridas se entrela\u00e7am com flores brilhantes, proporcionando um ar art\u00edstico e cheio de vida. As salamandras, s\u00edmbolos de transforma\u00e7\u00e3o e renova\u00e7\u00e3o na cultura espanhola, est\u00e3o delicadamente ilustradas numa paleta de cores vibrantes que inclui azuis, vermelhos e verdes, fazendo de cada gole uma celebra\u00e7\u00e3o visual.<\/p>\n<p>O interior da caneca \u00e9 de um vermelho vivo, criando um contraste chamativo que real\u00e7a a beleza do design exterior e proporciona uma experi\u00eancia sensorial \u00fanica. Inclui uma pr\u00e1tica colher a condizer, pelo que a caneca n\u00e3o \u00e9 apenas funcional, mas tamb\u00e9m uma excelente recorda\u00e7\u00e3o da rica heran\u00e7a cultural de Espanha. Este souvenir n\u00e3o s\u00f3 captura a ess\u00eancia da sua origem, como tamb\u00e9m \u00e9 uma excelente ideia para turistas que procuram produtos aut\u00eanticos e representativos da sua viagem.<\/p>\n<p>Na Ol\u00e9 Mosaic, como grossistas de souvenirs, garantimos a qualidade e autenticidade em cada pe\u00e7a. Esta caneca de cer\u00e2mica \u00e9 uma op\u00e7\u00e3o ideal para lojas de presentes tur\u00edsticos que desejam oferecer aos seus clientes um produto que combine arte, tradi\u00e7\u00e3o e funcionalidade num \u00fanico acess\u00f3rio.<\/p>\n","protected":false},"excerpt":{"rendered":"<p>Caneca de cer\u00e2mica com design de salamandras, ideal para dar um toque de cor e cultura aos seus momentos de caf\u00e9. O seu acabamento em bege real\u00e7a as ilustra\u00e7\u00f5es vibrantes de salamandras multicoloridas entrela\u00e7adas com flores brilhantes, proporcionando um ar art\u00edstico e tradicional. Com o interior vermelho vivo e uma pr\u00e1tica colher a condizer, esta caneca \u00e9 perfeita para desfrutar das suas bebidas favoritas enquanto celebra a heran\u00e7a cultural espanhola.<\/p>\n","protected":false},"featured_media":6893,"template":"","meta":{"_acf_changed":false},"product_brand":[],"product_cat":[726],"product_tag":[516,515],"class_list":{"0":"post-37721","1":"product","2":"type-product","3":"status-publish","4":"has-post-thumbnail","6":"product_cat-mugs","7":"product_tag-animais","8":"product_tag-ceramica","9":"pa_motivo-salamandras","11":"first","12":"instock","13":"shipping-taxable","14":"product-type-simple"},"acf":[],"_links":{"self":[{"href":"https:\/\/olemosaic.orbitalia.org\/pt-pt\/wp-json\/wp\/v2\/product\/37721","targetHints":{"allow":["GET"]}}],"collection":[{"href":"https:\/\/olemosaic.orbitalia.org\/pt-pt\/wp-json\/wp\/v2\/product"}],"about":[{"href":"https:\/\/olemosaic.orbitalia.org\/pt-pt\/wp-json\/wp\/v2\/types\/product"}],"wp:featuredmedia":[{"embeddable":true,"href":"https:\/\/olemosaic.orbitalia.org\/pt-pt\/wp-json\/wp\/v2\/media\/6893"}],"wp:attachment":[{"href":"https:\/\/olemosaic.orbitalia.org\/pt-pt\/wp-json\/wp\/v2\/media?parent=37721"}],"wp:term":[{"taxonomy":"product_brand","embeddable":true,"href":"https:\/\/olemosaic.orbitalia.org\/pt-pt\/wp-json\/wp\/v2\/product_brand?post=37721"},{"taxonomy":"product_cat","embeddable":true,"href":"https:\/\/olemosaic.orbitalia.org\/pt-pt\/wp-json\/wp\/v2\/product_cat?post=37721"},{"taxonomy":"product_tag","embeddable":true,"href":"https:\/\/olemosaic.orbitalia.org\/pt-pt\/wp-json\/wp\/v2\/product_tag?post=37721"}],"curies":[{"name":"wp","href":"https:\/\/api.w.org\/{rel}","templated":true}]}}