{"id":37717,"date":"2025-02-20T22:27:48","date_gmt":"2025-02-20T22:27:48","guid":{"rendered":"https:\/\/olemosaic.orbitalia.org\/producto\/funda-de-telefono-para-iphone-14-promax-tpu-punt-de-trobada-barcelona-blanco\/"},"modified":"2025-07-25T18:39:42","modified_gmt":"2025-07-25T16:39:42","slug":"capa-de-telemovel-para-iphone-14-promax-tpu-punt-de-trobada-barcelona-branco-pt-pt","status":"publish","type":"product","link":"https:\/\/olemosaic.orbitalia.org\/pt-pt\/produto\/capa-de-telemovel-para-iphone-14-promax-tpu-punt-de-trobada-barcelona-branco-pt-pt\/","title":{"rendered":"Capa de telem\u00f3vel para iPhone 14 Pro Max (TPU). Punt de trobada. Barcelona. Branco"},"content":{"rendered":"<p>Descubra a nossa capa para iPhone 14 Pro Max inspirada no emblem\u00e1tico &#8220;Punt de Trobada&#8221; de Barcelona! Este elegante acess\u00f3rio, fabricado em TPU, garante uma prote\u00e7\u00e3o ideal para o seu dispositivo sem renunciar ao estilo. O cativante design apresenta um vibrante mosaico que combina formas abstratas em tons de vermelho, amarelo, verde e azul, sobre um fundo branco que real\u00e7a a composi\u00e7\u00e3o art\u00edstica. A palavra &#8220;Barcelona&#8221; aparece elegantemente estampada em letras estilizadas, evocando a riqueza do modernismo catal\u00e3o, uma fonte inesgot\u00e1vel de inspira\u00e7\u00e3o visual.<\/p>\n<p>Este souvenir de Barcelona n\u00e3o \u00e9 apenas uma capa pr\u00e1tica, mas tamb\u00e9m uma homenagem \u00e0 criatividade e \u00e0 arte que caracterizam a cidade. O &#8220;Punt de Trobada&#8221;, conhecido pelo seu apelo est\u00e9tico, \u00e9 um ponto de encontro onde convergem tanto locais como turistas, simbolizando a vibrante ess\u00eancia da cultura barcelonesa. Este produto torna-se uma recorda\u00e7\u00e3o \u00fanica que liga os utilizadores \u00e0 beleza e tradi\u00e7\u00e3o da cidade condal, transformando cada utiliza\u00e7\u00e3o numa celebra\u00e7\u00e3o do seu legado art\u00edstico.<\/p>\n<p>Na Ol\u00e9 Mosaic, especializamo-nos na distribui\u00e7\u00e3o por grosso de recorda\u00e7\u00f5es aut\u00eanticas, e esta capa de telem\u00f3vel \u00e9 uma excelente op\u00e7\u00e3o para lojas de presentes tur\u00edsticos que procuram oferecer produtos de qualidade que encapsulem o esp\u00edrito de Barcelona. Atraia os amantes da arte e da cultura com este artigo distintivo e funcional que incorpora a ess\u00eancia de um destino ic\u00f3nico.<\/p>\n","protected":false},"excerpt":{"rendered":"<p>Capa de telem\u00f3vel para iPhone 14 Pro Max de TPU, inspirada no famoso &#8220;Punt de Trobada&#8221; de Barcelona. Este design colorido apresenta um mosaico com formas abstratas em tons de vermelho, amarelo, verde e azul, sobre um fundo branco. A imagem inclui a palavra &#8220;Barcelona&#8221; em letras estilizadas, evocando o estilo vibrante do modernismo catal\u00e3o. Ideal para proteger o seu dispositivo e adicionar um toque art\u00edstico e distintivo do encanto barcelon\u00eas.<\/p>\n","protected":false},"featured_media":12393,"template":"","meta":{"_acf_changed":false},"product_brand":[],"product_cat":[685],"product_tag":[],"class_list":{"0":"post-37717","1":"product","2":"type-product","3":"status-publish","4":"has-post-thumbnail","6":"product_cat-capas-para-telemoveis","7":"pa_ciudad-barcelona","8":"pa_motivo-punt-de-trobada","9":"pa_pais-espana","11":"first","12":"instock","13":"shipping-taxable","14":"product-type-simple"},"acf":[],"_links":{"self":[{"href":"https:\/\/olemosaic.orbitalia.org\/pt-pt\/wp-json\/wp\/v2\/product\/37717","targetHints":{"allow":["GET"]}}],"collection":[{"href":"https:\/\/olemosaic.orbitalia.org\/pt-pt\/wp-json\/wp\/v2\/product"}],"about":[{"href":"https:\/\/olemosaic.orbitalia.org\/pt-pt\/wp-json\/wp\/v2\/types\/product"}],"wp:featuredmedia":[{"embeddable":true,"href":"https:\/\/olemosaic.orbitalia.org\/pt-pt\/wp-json\/wp\/v2\/media\/12393"}],"wp:attachment":[{"href":"https:\/\/olemosaic.orbitalia.org\/pt-pt\/wp-json\/wp\/v2\/media?parent=37717"}],"wp:term":[{"taxonomy":"product_brand","embeddable":true,"href":"https:\/\/olemosaic.orbitalia.org\/pt-pt\/wp-json\/wp\/v2\/product_brand?post=37717"},{"taxonomy":"product_cat","embeddable":true,"href":"https:\/\/olemosaic.orbitalia.org\/pt-pt\/wp-json\/wp\/v2\/product_cat?post=37717"},{"taxonomy":"product_tag","embeddable":true,"href":"https:\/\/olemosaic.orbitalia.org\/pt-pt\/wp-json\/wp\/v2\/product_tag?post=37717"}],"curies":[{"name":"wp","href":"https:\/\/api.w.org\/{rel}","templated":true}]}}