{"id":37716,"date":"2025-02-20T22:27:48","date_gmt":"2025-02-20T22:27:48","guid":{"rendered":"https:\/\/olemosaic.orbitalia.org\/producto\/funda-de-telefono-para-iphone-11-promax-tpu-mariposa-barcelona-blanco\/"},"modified":"2025-07-25T18:39:40","modified_gmt":"2025-07-25T16:39:40","slug":"capa-de-telemovel-para-iphone-11-promax-tpu-borboleta-barcelona-branco-pt-pt","status":"publish","type":"product","link":"https:\/\/olemosaic.orbitalia.org\/pt-pt\/produto\/capa-de-telemovel-para-iphone-11-promax-tpu-borboleta-barcelona-branco-pt-pt\/","title":{"rendered":"Capa de telem\u00f3vel para iPhone 11 Pro Max (TPU). Borboleta. Barcelona. Branco"},"content":{"rendered":"<p>Descubra a nossa capa para iPhone 11 Pro Max, uma aut\u00eantica joia que funde arte e funcionalidade. Fabricada em TPU resistente, esta capa apresenta um vibrante design de borboletas em tons brilhantes como laranja, azul e f\u00facsia, estilizadas com um efeito mosaico que recorda a arquitetura de Barcelona. A base branca real\u00e7a a beleza das borboletas, criando um contraste impactante e um apelo visual inigual\u00e1vel. Na parte inferior, o nome &#8220;Barcelona&#8221; destaca-se com um lettering apelativo, adicionando um toque pessoal que celebra a ic\u00f3nica cidade.<\/p>\n<p>Equipar o seu dispositivo com esta capa n\u00e3o s\u00f3 o protege de quedas e riscos, mas tamb\u00e9m confere um toque de estilo \u00fanico e espanhol. Ideal para quem procura um souvenir aut\u00eantico e representativo de Barcelona, esta capa captura a ess\u00eancia da arte e da cultura da regi\u00e3o, tornando-se um excelente presente para turistas e visitantes. Na Ol\u00e9 Mosaic, especializamo-nos na distribui\u00e7\u00e3o de souvenirs por grosso, e esta capa \u00e9 uma amostra perfeita da nossa dedica\u00e7\u00e3o \u00e0 qualidade e ao design. Ofere\u00e7a aos seus clientes a oportunidade de levar um peda\u00e7o de Barcelona sempre consigo com este precioso souvenir de borboletas.<\/p>\n","protected":false},"excerpt":{"rendered":"<p>Capa para iPhone 11 Pro Max fabricada em TPU, decorada com um vibrante design de borboletas. Esta capa branca apresenta borboletas em tons brilhantes como laranja, azul e f\u00facsia, estilizadas com um efeito de mosaico que evoca a arquitetura de Barcelona. A impress\u00e3o inclui o nome &#8220;Barcelona&#8221; com um lettering apelativo, fundindo arte e funcionalidade, ideal para quem procura proteger o seu dispositivo com um toque de estilo \u00fanico e espanhol.<\/p>\n","protected":false},"featured_media":12197,"template":"","meta":{"_acf_changed":false},"product_brand":[],"product_cat":[685],"product_tag":[516],"class_list":{"0":"post-37716","1":"product","2":"type-product","3":"status-publish","4":"has-post-thumbnail","6":"product_cat-capas-para-telemoveis","7":"product_tag-animais","8":"pa_ciudad-barcelona","9":"pa_motivo-borboletas","10":"pa_pais-espana","12":"first","13":"instock","14":"shipping-taxable","15":"product-type-simple"},"acf":[],"_links":{"self":[{"href":"https:\/\/olemosaic.orbitalia.org\/pt-pt\/wp-json\/wp\/v2\/product\/37716","targetHints":{"allow":["GET"]}}],"collection":[{"href":"https:\/\/olemosaic.orbitalia.org\/pt-pt\/wp-json\/wp\/v2\/product"}],"about":[{"href":"https:\/\/olemosaic.orbitalia.org\/pt-pt\/wp-json\/wp\/v2\/types\/product"}],"wp:featuredmedia":[{"embeddable":true,"href":"https:\/\/olemosaic.orbitalia.org\/pt-pt\/wp-json\/wp\/v2\/media\/12197"}],"wp:attachment":[{"href":"https:\/\/olemosaic.orbitalia.org\/pt-pt\/wp-json\/wp\/v2\/media?parent=37716"}],"wp:term":[{"taxonomy":"product_brand","embeddable":true,"href":"https:\/\/olemosaic.orbitalia.org\/pt-pt\/wp-json\/wp\/v2\/product_brand?post=37716"},{"taxonomy":"product_cat","embeddable":true,"href":"https:\/\/olemosaic.orbitalia.org\/pt-pt\/wp-json\/wp\/v2\/product_cat?post=37716"},{"taxonomy":"product_tag","embeddable":true,"href":"https:\/\/olemosaic.orbitalia.org\/pt-pt\/wp-json\/wp\/v2\/product_tag?post=37716"}],"curies":[{"name":"wp","href":"https:\/\/api.w.org\/{rel}","templated":true}]}}