{"id":37704,"date":"2025-02-20T23:27:50","date_gmt":"2025-02-20T22:27:50","guid":{"rendered":"https:\/\/olemosaic.orbitalia.org\/producto\/botella-inox-500-ml-panoramica-barcelona\/"},"modified":"2025-07-25T18:40:12","modified_gmt":"2025-07-25T16:40:12","slug":"garrafa-aco-inoxidavel-500-ml-panoramica-barcelona","status":"publish","type":"product","link":"https:\/\/olemosaic.orbitalia.org\/pt-pt\/produto\/garrafa-aco-inoxidavel-500-ml-panoramica-barcelona\/","title":{"rendered":"Garrafa de a\u00e7o inoxid\u00e1vel 500 ml. Panor\u00e2mica. Torres da Sagrada Fam\u00edlia. Barcelona."},"content":{"rendered":"<p>Garrafa de A\u00e7o Inoxid\u00e1vel 500 ml &#8211; Sagrada Fam\u00edlia de Barcelona<\/p>\n<p>Descubra a garrafa de a\u00e7o inoxid\u00e1vel de 500 ml, adornada com uma deslumbrante vista panor\u00e2mica da emblem\u00e1tica Sagrada Fam\u00edlia de Barcelona. Esta recorda\u00e7\u00e3o excecional n\u00e3o \u00e9 apenas funcional, mas tamb\u00e9m uma obra de arte que capta a ess\u00eancia do modernismo catal\u00e3o. A garrafa apresenta um design vibrante, com uma explos\u00e3o de cores brilhantes que ilustram as torres ic\u00f3nicas do monumento, destacando as suas caracter\u00edsticas c\u00fapulas em forma de flor. O revestimento \u00e9 decorado com padr\u00f5es de mosaico que recordam a obra de Antoni Gaud\u00ed, um dos arquitetos mais influentes da hist\u00f3ria.<\/p>\n<p>Com um acabamento elegante e uma tampa de a\u00e7o, esta garrafa \u00e9 perfeita para manter as suas bebidas frias, fundindo funcionalidade com uma arte visual cativante. A liga\u00e7\u00e3o cultural desta recorda\u00e7\u00e3o reside na sua representa\u00e7\u00e3o da Sagrada Fam\u00edlia, Patrim\u00f3nio da Humanidade e um s\u00edmbolo indiscut\u00edvel de Barcelona. Ideal para turistas que procuram recorda\u00e7\u00f5es aut\u00eanticas, esta garrafa n\u00e3o \u00e9 apenas um artigo pr\u00e1tico, mas tamb\u00e9m uma representa\u00e7\u00e3o significativa do legado arquitet\u00f3nico da cidade. Na Ol\u00e9 Mosaic, oferecemos esta garrafa da Sagrada Fam\u00edlia como parte da nossa gama de recorda\u00e7\u00f5es aut\u00eanticas, perfeitas para lojas de presentes tur\u00edsticos que procuram produtos de qualidade que reflitam a riqueza cultural de Espanha.<\/p>\n","protected":false},"excerpt":{"rendered":"<p>Garrafa de a\u00e7o inoxid\u00e1vel de 500 ml, decorada com uma vista panor\u00e2mica vibrante da Sagrada Fam\u00edlia de Barcelona. O design, com cores brilhantes e padr\u00f5es de mosaico, real\u00e7a as torres ic\u00f3nicas do monumento, com as suas caracter\u00edsticas c\u00fapulas em forma de flor. Com um acabamento elegante e uma tampa de a\u00e7o, \u00e9 ideal para manter as suas bebidas frias, fundindo funcionalidade e arte inspirada na arquitetura modernista de Antoni Gaud\u00ed.<\/p>\n","protected":false},"featured_media":9783,"template":"","meta":{"_acf_changed":false},"product_brand":[],"product_cat":[786],"product_tag":[],"class_list":{"0":"post-37704","1":"product","2":"type-product","3":"status-publish","4":"has-post-thumbnail","6":"product_cat-garrafas-inox","7":"pa_ciudad-barcelona","8":"pa_motivo-panoramas","9":"pa_pais-espana","11":"first","12":"instock","13":"shipping-taxable","14":"product-type-simple"},"acf":[],"_links":{"self":[{"href":"https:\/\/olemosaic.orbitalia.org\/pt-pt\/wp-json\/wp\/v2\/product\/37704","targetHints":{"allow":["GET"]}}],"collection":[{"href":"https:\/\/olemosaic.orbitalia.org\/pt-pt\/wp-json\/wp\/v2\/product"}],"about":[{"href":"https:\/\/olemosaic.orbitalia.org\/pt-pt\/wp-json\/wp\/v2\/types\/product"}],"wp:featuredmedia":[{"embeddable":true,"href":"https:\/\/olemosaic.orbitalia.org\/pt-pt\/wp-json\/wp\/v2\/media\/9783"}],"wp:attachment":[{"href":"https:\/\/olemosaic.orbitalia.org\/pt-pt\/wp-json\/wp\/v2\/media?parent=37704"}],"wp:term":[{"taxonomy":"product_brand","embeddable":true,"href":"https:\/\/olemosaic.orbitalia.org\/pt-pt\/wp-json\/wp\/v2\/product_brand?post=37704"},{"taxonomy":"product_cat","embeddable":true,"href":"https:\/\/olemosaic.orbitalia.org\/pt-pt\/wp-json\/wp\/v2\/product_cat?post=37704"},{"taxonomy":"product_tag","embeddable":true,"href":"https:\/\/olemosaic.orbitalia.org\/pt-pt\/wp-json\/wp\/v2\/product_tag?post=37704"}],"curies":[{"name":"wp","href":"https:\/\/api.w.org\/{rel}","templated":true}]}}