{"id":37702,"date":"2025-02-20T23:27:50","date_gmt":"2025-02-20T22:27:50","guid":{"rendered":"https:\/\/olemosaic.orbitalia.org\/producto\/botella-inox-500-ml-forjas-azul\/"},"modified":"2025-07-25T18:56:49","modified_gmt":"2025-07-25T16:56:49","slug":"garrafa-aco-inoxidavel-500-ml-forjas-azul","status":"publish","type":"product","link":"https:\/\/olemosaic.orbitalia.org\/pt-pt\/produto\/garrafa-aco-inoxidavel-500-ml-forjas-azul\/","title":{"rendered":"Garrafa de a\u00e7o inoxid\u00e1vel 500 ml. Forjas. Azul"},"content":{"rendered":"<p>Garrafa de a\u00e7o inoxid\u00e1vel com design de forja em azul<\/p>\n<p>Esta elegante garrafa de a\u00e7o inoxid\u00e1vel de 500 ml \u00e9 o presente perfeito para quem aprecia estilo e funcionalidade, evocando a rica heran\u00e7a cultural de Espanha com o seu cativante design azul. O seu acabamento mate, al\u00e9m de proporcionar um toque moderno, garante resist\u00eancia e facilita a limpeza, tornando-a uma escolha ideal para o uso di\u00e1rio ou para as suas aventuras na natureza. A garrafa \u00e9 decorada com um intrincado motivo de forja branco na parte inferior, uma homenagem \u00e0 magn\u00edfica tradi\u00e7\u00e3o da ferraria em v\u00e1rias regi\u00f5es de Espanha. Este detalhe art\u00edstico, que recorda as grades e varandas ornamentadas das cidades espanholas, destaca-se visualmente e confere um car\u00e1cter distintivo ao produto. Capaz de manter as suas bebidas frias ou quentes, esta garrafa \u00e9 o equil\u00edbrio perfeito entre estilo e praticidade. \u00c9 uma recorda\u00e7\u00e3o que n\u00e3o s\u00f3 cumpre uma fun\u00e7\u00e3o utilit\u00e1ria, mas tamb\u00e9m representa o orgulho cultural das tradi\u00e7\u00f5es espanholas. Na Ol\u00e9 Mosaic, oferecemos esta garrafa como uma das nossas op\u00e7\u00f5es exclusivas de recorda\u00e7\u00f5es, ideal para neg\u00f3cios que procuram produtos aut\u00eanticos e representativos de Espanha. Como grossistas de garrafas, garantimos qualidade e uma liga\u00e7\u00e3o cultural em cada pe\u00e7a.<\/p>\n","protected":false},"excerpt":{"rendered":"<p>Garrafa de a\u00e7o inoxid\u00e1vel de 500 ml com um elegante design azul, decorada com um intrincado motivo de forja branco. O seu acabamento mate, al\u00e9m de moderno, \u00e9 resistente e f\u00e1cil de limpar. Ideal para manter as suas bebidas frias ou quentes, esta garrafa combina funcionalidade com um estilo distintivo que evoca a rica heran\u00e7a cultural de Espanha, perfeita para o acompanhar em qualquer aventura.<\/p>\n","protected":false},"featured_media":13015,"template":"","meta":{"_acf_changed":false},"product_brand":[],"product_cat":[786],"product_tag":[],"class_list":{"0":"post-37702","1":"product","2":"type-product","3":"status-publish","4":"has-post-thumbnail","6":"product_cat-garrafas-inox","7":"pa_motivo-forjas","9":"first","10":"instock","11":"shipping-taxable","12":"product-type-simple"},"acf":[],"_links":{"self":[{"href":"https:\/\/olemosaic.orbitalia.org\/pt-pt\/wp-json\/wp\/v2\/product\/37702","targetHints":{"allow":["GET"]}}],"collection":[{"href":"https:\/\/olemosaic.orbitalia.org\/pt-pt\/wp-json\/wp\/v2\/product"}],"about":[{"href":"https:\/\/olemosaic.orbitalia.org\/pt-pt\/wp-json\/wp\/v2\/types\/product"}],"wp:featuredmedia":[{"embeddable":true,"href":"https:\/\/olemosaic.orbitalia.org\/pt-pt\/wp-json\/wp\/v2\/media\/13015"}],"wp:attachment":[{"href":"https:\/\/olemosaic.orbitalia.org\/pt-pt\/wp-json\/wp\/v2\/media?parent=37702"}],"wp:term":[{"taxonomy":"product_brand","embeddable":true,"href":"https:\/\/olemosaic.orbitalia.org\/pt-pt\/wp-json\/wp\/v2\/product_brand?post=37702"},{"taxonomy":"product_cat","embeddable":true,"href":"https:\/\/olemosaic.orbitalia.org\/pt-pt\/wp-json\/wp\/v2\/product_cat?post=37702"},{"taxonomy":"product_tag","embeddable":true,"href":"https:\/\/olemosaic.orbitalia.org\/pt-pt\/wp-json\/wp\/v2\/product_tag?post=37702"}],"curies":[{"name":"wp","href":"https:\/\/api.w.org\/{rel}","templated":true}]}}