{"id":37700,"date":"2025-02-20T23:27:50","date_gmt":"2025-02-20T22:27:50","guid":{"rendered":"https:\/\/olemosaic.orbitalia.org\/producto\/4-bols-de-coco-de-13-x-6-cm-arcos\/"},"modified":"2025-07-25T18:46:28","modified_gmt":"2025-07-25T16:46:28","slug":"4-tacas-de-coco-13-x-6-cm-arcos","status":"publish","type":"product","link":"https:\/\/olemosaic.orbitalia.org\/pt-pt\/produto\/4-tacas-de-coco-13-x-6-cm-arcos\/","title":{"rendered":"4 Ta\u00e7as de Coco 13 x 6 cm. Arcos."},"content":{"rendered":"<p>Ta\u00e7as de coco decoradas num conjunto de quatro unidades<\/p>\n<p>Apresentamos o nosso requintado conjunto de quatro ta\u00e7as de coco de 13 x 6 cm, ideais para dar um toque de estilo e autenticidade a qualquer mesa. Cada ta\u00e7a, meticulosamente fabricada \u00e0 m\u00e3o uma a uma a partir de coco, apresenta um intrincado design floral interior em tons vibrantes como azul, f\u00facsia, dourado e bordeaux. Elegantes motivos de arcos tamb\u00e9m decoram o exterior, fundindo tradi\u00e7\u00e3o e modernidade numa pe\u00e7a artesanal que n\u00e3o \u00e9 apenas funcional, mas tamb\u00e9m uma obra de arte.<\/p>\n<p>Estas ta\u00e7as s\u00e3o perfeitas para servir tapas com eleg\u00e2ncia ou como elementos decorativos \u00fanicos que real\u00e7am a est\u00e9tica da sua casa. A combina\u00e7\u00e3o de cores brilhantes e o acabamento brilhante garante que captam a aten\u00e7\u00e3o de todos. Al\u00e9m disso, cada uma destas ta\u00e7as \u00e9 um exemplo do artesanato regional, refletindo a rica heran\u00e7a cultural que caracteriza Espanha. Ao escolher estas recorda\u00e7\u00f5es, os turistas n\u00e3o levam apenas para casa um objeto \u00fatil, mas tamb\u00e9m um peda\u00e7o de hist\u00f3ria que evoca a ess\u00eancia vibrante da vida espanhola.<\/p>\n<p>Na Ol\u00e9 Mosaic, como grossistas de recorda\u00e7\u00f5es, oferecemos este conjunto de ta\u00e7as de coco a lojas de presentes tur\u00edsticos que procuram qualidade e autenticidade nos seus produtos. Este conjunto encantador \u00e9 uma excelente escolha para quem deseja oferecer aos seus clientes uma mem\u00f3ria representativa da sua experi\u00eancia em Espanha.<\/p>\n","protected":false},"excerpt":{"rendered":"<p>Ta\u00e7as de coco de 13 x 6 cm, um conjunto de quatro unidades decoradas com elegantes motivos de arcos em tons vibrantes. Cada ta\u00e7a, feita de material de coco, apresenta um design interior floral que se destaca pelos seus detalhes coloridos em azul, f\u00facsia, dourado e bordeaux. Perfeitas para servir tapas ou como pe\u00e7as decorativas, estas ta\u00e7as s\u00e3o um reflexo da arte artesanal e conferem um toque estilizado a qualquer mesa.<\/p>\n","protected":false},"featured_media":5789,"template":"","meta":{"_acf_changed":false},"product_brand":[],"product_cat":[513],"product_tag":[],"class_list":{"0":"post-37700","1":"product","2":"type-product","3":"status-publish","4":"has-post-thumbnail","6":"product_cat-bols","7":"pa_motivo-ladrilho","9":"first","10":"instock","11":"shipping-taxable","12":"product-type-simple"},"acf":[],"_links":{"self":[{"href":"https:\/\/olemosaic.orbitalia.org\/pt-pt\/wp-json\/wp\/v2\/product\/37700","targetHints":{"allow":["GET"]}}],"collection":[{"href":"https:\/\/olemosaic.orbitalia.org\/pt-pt\/wp-json\/wp\/v2\/product"}],"about":[{"href":"https:\/\/olemosaic.orbitalia.org\/pt-pt\/wp-json\/wp\/v2\/types\/product"}],"wp:featuredmedia":[{"embeddable":true,"href":"https:\/\/olemosaic.orbitalia.org\/pt-pt\/wp-json\/wp\/v2\/media\/5789"}],"wp:attachment":[{"href":"https:\/\/olemosaic.orbitalia.org\/pt-pt\/wp-json\/wp\/v2\/media?parent=37700"}],"wp:term":[{"taxonomy":"product_brand","embeddable":true,"href":"https:\/\/olemosaic.orbitalia.org\/pt-pt\/wp-json\/wp\/v2\/product_brand?post=37700"},{"taxonomy":"product_cat","embeddable":true,"href":"https:\/\/olemosaic.orbitalia.org\/pt-pt\/wp-json\/wp\/v2\/product_cat?post=37700"},{"taxonomy":"product_tag","embeddable":true,"href":"https:\/\/olemosaic.orbitalia.org\/pt-pt\/wp-json\/wp\/v2\/product_tag?post=37700"}],"curies":[{"name":"wp","href":"https:\/\/api.w.org\/{rel}","templated":true}]}}