{"id":37690,"date":"2025-02-20T23:27:49","date_gmt":"2025-02-20T22:27:49","guid":{"rendered":"https:\/\/olemosaic.orbitalia.org\/producto\/bol-de-coco-fucsia-salamandra-tenerife\/"},"modified":"2025-07-25T18:48:07","modified_gmt":"2025-07-25T16:48:07","slug":"taca-coco-fucsia-salamandra-tenerife","status":"publish","type":"product","link":"https:\/\/olemosaic.orbitalia.org\/pt-pt\/produto\/taca-coco-fucsia-salamandra-tenerife\/","title":{"rendered":"Ta\u00e7a de Coco F\u00facsia. Salamandra. Tenerife. F\u00facsia."},"content":{"rendered":"<p>Ta\u00e7a de coco f\u00facsia decorada com uma salamandra de Tenerife<\/p>\n<p>Esta vibrante ta\u00e7a de coco f\u00facsia \u00e9 uma pe\u00e7a \u00fanica que capta a ess\u00eancia da exuberante cultura can\u00e1ria, especificamente de Tenerife. Com um acabamento brilhante numa cor f\u00facsia eletrizante, esta ta\u00e7a n\u00e3o \u00e9 apenas um elemento decorativo, mas tamb\u00e9m uma lembran\u00e7a da atmosfera colorida e calorosa que caracteriza as Ilhas Can\u00e1rias. No centro da ta\u00e7a, destaca-se uma requintada salamandra pintada em tons dourados sobre um fundo art\u00edstico, simbolizando a fauna exclusiva da regi\u00e3o. Al\u00e9m disso, a ta\u00e7a apresenta um delicado padr\u00e3o de mosaico nas bordas, que acrescenta um toque de eleg\u00e2ncia e autenticidade, tornando-a uma recorda\u00e7\u00e3o ideal.<\/p>\n<p>Esta ta\u00e7a \u00e9 uma excelente representa\u00e7\u00e3o do legado artesanal de Tenerife, bem como da sua rica biodiversidade. Ao incluir a inscri\u00e7\u00e3o &#8220;TENERIFE&#8221;, reafirma-se o seu valor como uma mem\u00f3ria significativa que liga o visitante \u00e0 beleza natural e cultural da ilha. Os turistas que procuram recorda\u00e7\u00f5es aut\u00eanticas encontrar\u00e3o nesta ta\u00e7a de coco uma excelente adi\u00e7\u00e3o para a sua casa, trazendo um toque can\u00e1rio \u00e0 sua decora\u00e7\u00e3o. Na Ol\u00e9 Mosaic, especializamo-nos na distribui\u00e7\u00e3o de recorda\u00e7\u00f5es por grosso, e esta ta\u00e7a de coco f\u00facsia \u00e9 uma escolha perfeita para lojas de presentes tur\u00edsticos que desejam oferecer produtos \u00fanicos, aut\u00eanticos e culturalmente relevantes.<\/p>\n","protected":false},"excerpt":{"rendered":"<p>Ta\u00e7a de coco f\u00facsia decorada com uma salamandra, uma alus\u00e3o \u00e0 vibrante cultura de Tenerife. Esta ta\u00e7a \u00fanica, feita de coco, apresenta um acabamento f\u00facsia brilhante e \u00e9 adornada com um mosaico que real\u00e7a o seu design art\u00edstico. No centro, destaca-se uma salamandra dourada sobre um fundo colorido, acompanhada pela inscri\u00e7\u00e3o &#8220;TENERIFE&#8221;. Um acess\u00f3rio ideal para dar um toque can\u00e1rio \u00e0 sua casa.<\/p>\n","protected":false},"featured_media":11794,"template":"","meta":{"_acf_changed":false},"product_brand":[],"product_cat":[513],"product_tag":[516],"class_list":{"0":"post-37690","1":"product","2":"type-product","3":"status-publish","4":"has-post-thumbnail","6":"product_cat-bols","7":"product_tag-animais","8":"pa_ciudad-tenerife","9":"pa_motivo-salamandras","10":"pa_pais-espana","12":"first","13":"instock","14":"shipping-taxable","15":"product-type-simple"},"acf":[],"_links":{"self":[{"href":"https:\/\/olemosaic.orbitalia.org\/pt-pt\/wp-json\/wp\/v2\/product\/37690","targetHints":{"allow":["GET"]}}],"collection":[{"href":"https:\/\/olemosaic.orbitalia.org\/pt-pt\/wp-json\/wp\/v2\/product"}],"about":[{"href":"https:\/\/olemosaic.orbitalia.org\/pt-pt\/wp-json\/wp\/v2\/types\/product"}],"wp:featuredmedia":[{"embeddable":true,"href":"https:\/\/olemosaic.orbitalia.org\/pt-pt\/wp-json\/wp\/v2\/media\/11794"}],"wp:attachment":[{"href":"https:\/\/olemosaic.orbitalia.org\/pt-pt\/wp-json\/wp\/v2\/media?parent=37690"}],"wp:term":[{"taxonomy":"product_brand","embeddable":true,"href":"https:\/\/olemosaic.orbitalia.org\/pt-pt\/wp-json\/wp\/v2\/product_brand?post=37690"},{"taxonomy":"product_cat","embeddable":true,"href":"https:\/\/olemosaic.orbitalia.org\/pt-pt\/wp-json\/wp\/v2\/product_cat?post=37690"},{"taxonomy":"product_tag","embeddable":true,"href":"https:\/\/olemosaic.orbitalia.org\/pt-pt\/wp-json\/wp\/v2\/product_tag?post=37690"}],"curies":[{"name":"wp","href":"https:\/\/api.w.org\/{rel}","templated":true}]}}