{"id":37689,"date":"2025-02-20T23:27:47","date_gmt":"2025-02-20T22:27:47","guid":{"rendered":"https:\/\/olemosaic.orbitalia.org\/producto\/elefante-figura-de-resina-de-11-cm-pintada-a-mano\/"},"modified":"2025-07-25T18:33:58","modified_gmt":"2025-07-25T16:33:58","slug":"elefante-figura-mosaico-11-cm-pintada-a-mao","status":"publish","type":"product","link":"https:\/\/olemosaic.orbitalia.org\/pt-pt\/produto\/elefante-figura-mosaico-11-cm-pintada-a-mao\/","title":{"rendered":"Elefante. Figura de Mosaico de 11 cm."},"content":{"rendered":"<p>Descubra esta magn\u00edfica figura de elefante feita de resina, que se destaca pelo seu design vibrante de mosaico e simbolismo cultural. Com uma altura de 11 cm, esta pe\u00e7a parece ser pintada \u00e0 m\u00e3o com uma vasta gama de cores, incluindo tons vivos de azul, vermelho, verde e amarelo, criando um contraste visual cativante. O elefante, com a tromba levantada, representa a boa sorte e a alegria, sendo um s\u00edmbolo internacional de prosperidade.<\/p>\n<p>Os detalhes meticulosamente pintados na figura conferem um toque de autenticidade e relev\u00e2ncia cultural, refletindo a riqueza da arte popular que caracteriza muitas regi\u00f5es de Espanha e Portugal. Cada elefante torna-se uma recorda\u00e7\u00e3o ideal e atraente, perfeita para os turistas que procuram uma mem\u00f3ria aut\u00eantica e significativa da sua viagem.<\/p>\n<p>Na Ol\u00e9 Mosaic, como distribuidores de recorda\u00e7\u00f5es por grosso, oferecemos esta bela figura de elefante, que n\u00e3o \u00e9 apenas um belo objeto decorativo, mas tamb\u00e9m um lembrete evocativo da diversidade e beleza do patrim\u00f3nio cultural. Este elefante de mosaico \u00e9 uma excelente escolha para lojas de presentes tur\u00edsticos que desejam oferecer produtos que se conectem emocionalmente com os visitantes. Traz um toque de alegria e cor a qualquer espa\u00e7o, tornando-se um presente ador\u00e1vel e significativo.<\/p>\n","protected":false},"excerpt":{"rendered":"<p>Figura de elefante, 11 cm, design artesanal, pintada \u00e0 m\u00e3o, com um design vibrante de mosaico. Esta pe\u00e7a art\u00edstica apresenta uma vasta gama de cores, com tons de azul, vermelho, verde e amarelo que criam um contraste muito atraente. O elefante, com a tromba levantada, simboliza a boa sorte e a alegria. O seu acabamento brilhante e os detalhes meticulosamente pintados tornam-na uma recorda\u00e7\u00e3o ideal que capta a ess\u00eancia da arte popular.<\/p>\n","protected":false},"featured_media":13784,"template":"","meta":{"_acf_changed":false},"product_brand":[],"product_cat":[552],"product_tag":[516],"class_list":{"0":"post-37689","1":"product","2":"type-product","3":"status-publish","4":"has-post-thumbnail","6":"product_cat-numeros","7":"product_tag-animais","8":"pa_motivo-elefantes","10":"first","11":"instock","12":"shipping-taxable","13":"product-type-simple"},"acf":[],"_links":{"self":[{"href":"https:\/\/olemosaic.orbitalia.org\/pt-pt\/wp-json\/wp\/v2\/product\/37689","targetHints":{"allow":["GET"]}}],"collection":[{"href":"https:\/\/olemosaic.orbitalia.org\/pt-pt\/wp-json\/wp\/v2\/product"}],"about":[{"href":"https:\/\/olemosaic.orbitalia.org\/pt-pt\/wp-json\/wp\/v2\/types\/product"}],"wp:featuredmedia":[{"embeddable":true,"href":"https:\/\/olemosaic.orbitalia.org\/pt-pt\/wp-json\/wp\/v2\/media\/13784"}],"wp:attachment":[{"href":"https:\/\/olemosaic.orbitalia.org\/pt-pt\/wp-json\/wp\/v2\/media?parent=37689"}],"wp:term":[{"taxonomy":"product_brand","embeddable":true,"href":"https:\/\/olemosaic.orbitalia.org\/pt-pt\/wp-json\/wp\/v2\/product_brand?post=37689"},{"taxonomy":"product_cat","embeddable":true,"href":"https:\/\/olemosaic.orbitalia.org\/pt-pt\/wp-json\/wp\/v2\/product_cat?post=37689"},{"taxonomy":"product_tag","embeddable":true,"href":"https:\/\/olemosaic.orbitalia.org\/pt-pt\/wp-json\/wp\/v2\/product_tag?post=37689"}],"curies":[{"name":"wp","href":"https:\/\/api.w.org\/{rel}","templated":true}]}}