{"id":37688,"date":"2025-02-20T22:27:48","date_gmt":"2025-02-20T22:27:48","guid":{"rendered":"https:\/\/olemosaic.orbitalia.org\/producto\/taza-de-ceramica-camino-de-santiago-beige\/"},"modified":"2025-07-25T18:43:24","modified_gmt":"2025-07-25T16:43:24","slug":"caneca-ceramica-caminho-de-santiago-bege","status":"publish","type":"product","link":"https:\/\/olemosaic.orbitalia.org\/pt-pt\/produto\/caneca-ceramica-caminho-de-santiago-bege\/","title":{"rendered":"Caneca de cer\u00e2mica. Caminho de Santiago. Bege."},"content":{"rendered":"<p>Descubra a nossa encantadora caneca de cer\u00e2mica decorada com motivos do Caminho de Santiago! Uma recorda\u00e7\u00e3o ideal para os amantes da cultura e do turismo. Esta caneca, com um elegante acabamento bege, apresenta ilustra\u00e7\u00f5es vibrantes que captam a ess\u00eancia da famosa rota de peregrina\u00e7\u00e3o. De um lado, um peregrino vestido com trajes coloridos caminha com o seu cajado, simbolizando o esp\u00edrito viajante daqueles que percorrem este caminho hist\u00f3rico. No verso, a impressionante Catedral de Santiago de Compostela ergue-se majestosamente, destacando a sua arquitetura emblem\u00e1tica com detalhes e texturas vivas que evocam a sua grandeza. Complementando o design, o texto vermelho indicando \u201cCAMINO DE SANTIAGO\u201d confere um toque distintivo e reconhec\u00edvel.<\/p>\n<p>O interior da caneca est\u00e1 dispon\u00edvel em v\u00e1rios tons, enquanto a asa, acentuada com uma cor vibrante, proporciona um contraste atraente e um toque original. Esta caneca n\u00e3o s\u00f3 lhe permite desfrutar da sua bebida favorita, como tamb\u00e9m oferece a oportunidade de recordar as suas viagens ao longo do Caminho de Santiago. \u00c9 a recorda\u00e7\u00e3o perfeita que combina funcionalidade e beleza, ideal para lojas de presentes tur\u00edsticos que procuram oferecer produtos aut\u00eanticos e cheios de significado cultural.<\/p>\n<p>Na Ol\u00e9 Mosaic, somos especialistas na distribui\u00e7\u00e3o de recorda\u00e7\u00f5es por grosso, garantindo autenticidade e qualidade em cada pe\u00e7a. A nossa caneca do Caminho de Santiago \u00e9 uma excelente escolha para quem procura captar a ess\u00eancia desta rota emblem\u00e1tica numa lembran\u00e7a que perdurar\u00e1 no tempo.<\/p>\n","protected":false},"excerpt":{"rendered":"<p>Caneca de cer\u00e2mica decorada com motivos do Caminho de Santiago, ideal para amantes da cultura e do turismo. O design apresenta ilustra\u00e7\u00f5es vibrantes de um peregrino e da famosa Catedral de Santiago, complementadas pelo texto vermelho indicando &#8220;CAMINO DE SANTIAGO&#8221;. O seu interior em tons variados e a asa, acentuada com uma cor distintiva, conferem-lhe um toque original e atraente. Perfeita para desfrutar da sua bebida favorita enquanto recorda a sua viagem.<\/p>\n","protected":false},"featured_media":6943,"template":"","meta":{"_acf_changed":false},"product_brand":[],"product_cat":[833],"product_tag":[515],"class_list":{"0":"post-37688","1":"product","2":"type-product","3":"status-publish","4":"has-post-thumbnail","6":"product_cat-canecas","7":"product_tag-ceramica","8":"pa_motivo-caminho-de-santiago","10":"first","11":"instock","12":"shipping-taxable","13":"product-type-simple"},"acf":[],"_links":{"self":[{"href":"https:\/\/olemosaic.orbitalia.org\/pt-pt\/wp-json\/wp\/v2\/product\/37688","targetHints":{"allow":["GET"]}}],"collection":[{"href":"https:\/\/olemosaic.orbitalia.org\/pt-pt\/wp-json\/wp\/v2\/product"}],"about":[{"href":"https:\/\/olemosaic.orbitalia.org\/pt-pt\/wp-json\/wp\/v2\/types\/product"}],"wp:featuredmedia":[{"embeddable":true,"href":"https:\/\/olemosaic.orbitalia.org\/pt-pt\/wp-json\/wp\/v2\/media\/6943"}],"wp:attachment":[{"href":"https:\/\/olemosaic.orbitalia.org\/pt-pt\/wp-json\/wp\/v2\/media?parent=37688"}],"wp:term":[{"taxonomy":"product_brand","embeddable":true,"href":"https:\/\/olemosaic.orbitalia.org\/pt-pt\/wp-json\/wp\/v2\/product_brand?post=37688"},{"taxonomy":"product_cat","embeddable":true,"href":"https:\/\/olemosaic.orbitalia.org\/pt-pt\/wp-json\/wp\/v2\/product_cat?post=37688"},{"taxonomy":"product_tag","embeddable":true,"href":"https:\/\/olemosaic.orbitalia.org\/pt-pt\/wp-json\/wp\/v2\/product_tag?post=37688"}],"curies":[{"name":"wp","href":"https:\/\/api.w.org\/{rel}","templated":true}]}}