{"id":37680,"date":"2025-02-20T23:27:49","date_gmt":"2025-02-20T22:27:49","guid":{"rendered":"https:\/\/olemosaic.orbitalia.org\/producto\/aceitera-de-ceramica-santiago-calca-blanco\/"},"modified":"2025-07-25T18:38:03","modified_gmt":"2025-07-25T16:38:03","slug":"galheteiro-ceramica-santiago-decalque-branco","status":"publish","type":"product","link":"https:\/\/olemosaic.orbitalia.org\/pt-pt\/produto\/galheteiro-ceramica-santiago-decalque-branco\/","title":{"rendered":"Galheteiro de Cer\u00e2mica. Santiago. Decalque. Branco"},"content":{"rendered":"<p>Galheteiro de Cer\u00e2mica do Caminho de Santiago<\/p>\n<p>Descubra este requintado galheteiro de cer\u00e2mica com efeito pintado \u00e0 m\u00e3o, uma homenagem aut\u00eantica ao lend\u00e1rio Caminho de Santiago. Este recipiente elegante, com um acabamento branco radiante, destaca-se pelos seus vibrantes motivos iconogr\u00e1ficos, incluindo a famosa concha de Santiago, personagens vestidos com trajes tradicionais e a imponente Catedral de Santiago de Compostela. Os tons brilhantes de laranja, vermelho e amarelo n\u00e3o s\u00f3 alegram a sua apar\u00eancia, como tamb\u00e9m simbolizam a rica cultura e devo\u00e7\u00e3o que permeiam esta antiga peregrina\u00e7\u00e3o.<\/p>\n<p>O galheteiro apresenta um design funcional que inclui um dispensador pr\u00e1tico, perfeito para servir azeite em qualquer mesa, seja numa celebra\u00e7\u00e3o especial ou numa reuni\u00e3o familiar. O acabamento craquelado proporciona uma textura \u00fanica que real\u00e7a a sua est\u00e9tica e o torna um objeto decorativo t\u00e3o impressionante quanto \u00fatil.<\/p>\n<p>Esta lembran\u00e7a n\u00e3o representa apenas um elemento distintivo do folclore galego, mas \u00e9 tamb\u00e9m uma excelente recorda\u00e7\u00e3o da experi\u00eancia espiritual e cultural que o Caminho de Santiago representa. Com cada utiliza\u00e7\u00e3o, este galheteiro evoca as paisagens e tradi\u00e7\u00f5es da Galiza, tornando-se o presente perfeito para turistas que desejam levar para casa um peda\u00e7o da cultura espanhola. Na Ol\u00e9 Mosaic, como distribuidores de lembran\u00e7as por grosso, oferecemos produtos que capturam a ess\u00eancia dos destinos mais ic\u00f3nicos de Espanha, garantindo autenticidade e qualidade em cada uma das nossas pe\u00e7as.<\/p>\n","protected":false},"excerpt":{"rendered":"<p>Galheteiro de cer\u00e2mica de design artesanal, pintado \u00e0 m\u00e3o, inspirado no famoso Caminho de Santiago. Este elegante recipiente branco apresenta um design vibrante com motivos ic\u00f3nicos como a concha, s\u00edmbolo do caminho, figuras vestidas com trajes tradicionais e a Catedral de Santiago de Compostela, tudo em tons brilhantes de laranja, vermelho e amarelo. Com um acabamento craquelado que real\u00e7a a sua est\u00e9tica, \u00e9 um complemento ideal para qualquer mesa e adiciona um toque de cultura e tradi\u00e7\u00e3o \u00e0 sua cozinha.<\/p>\n","protected":false},"featured_media":9931,"template":"","meta":{"_acf_changed":false},"product_brand":[],"product_cat":[783],"product_tag":[515],"class_list":{"0":"post-37680","1":"product","2":"type-product","3":"status-publish","4":"has-post-thumbnail","6":"product_cat-galheteiros","7":"product_tag-ceramica","8":"pa_ciudad-santiago","9":"pa_pais-espana","11":"first","12":"instock","13":"shipping-taxable","14":"product-type-simple"},"acf":[],"_links":{"self":[{"href":"https:\/\/olemosaic.orbitalia.org\/pt-pt\/wp-json\/wp\/v2\/product\/37680","targetHints":{"allow":["GET"]}}],"collection":[{"href":"https:\/\/olemosaic.orbitalia.org\/pt-pt\/wp-json\/wp\/v2\/product"}],"about":[{"href":"https:\/\/olemosaic.orbitalia.org\/pt-pt\/wp-json\/wp\/v2\/types\/product"}],"wp:featuredmedia":[{"embeddable":true,"href":"https:\/\/olemosaic.orbitalia.org\/pt-pt\/wp-json\/wp\/v2\/media\/9931"}],"wp:attachment":[{"href":"https:\/\/olemosaic.orbitalia.org\/pt-pt\/wp-json\/wp\/v2\/media?parent=37680"}],"wp:term":[{"taxonomy":"product_brand","embeddable":true,"href":"https:\/\/olemosaic.orbitalia.org\/pt-pt\/wp-json\/wp\/v2\/product_brand?post=37680"},{"taxonomy":"product_cat","embeddable":true,"href":"https:\/\/olemosaic.orbitalia.org\/pt-pt\/wp-json\/wp\/v2\/product_cat?post=37680"},{"taxonomy":"product_tag","embeddable":true,"href":"https:\/\/olemosaic.orbitalia.org\/pt-pt\/wp-json\/wp\/v2\/product_tag?post=37680"}],"curies":[{"name":"wp","href":"https:\/\/api.w.org\/{rel}","templated":true}]}}