{"id":37679,"date":"2025-02-20T23:27:47","date_gmt":"2025-02-20T22:27:47","guid":{"rendered":"https:\/\/olemosaic.orbitalia.org\/producto\/bol-de-coco-fucsia-flamenco\/"},"modified":"2025-07-25T18:46:45","modified_gmt":"2025-07-25T16:46:45","slug":"taca-coco-fucsia-flamingo-coracoes","status":"publish","type":"product","link":"https:\/\/olemosaic.orbitalia.org\/pt-pt\/produto\/taca-coco-fucsia-flamingo-coracoes\/","title":{"rendered":"Ta\u00e7a de Coco F\u00facsia. Flamingo e Cora\u00e7\u00f5es"},"content":{"rendered":"<p>Descubra a vibrante ta\u00e7a de coco f\u00facsia decorada com flamingos e cora\u00e7\u00f5es, uma pe\u00e7a \u00fanica que adiciona um toque alegre e moderno a qualquer espa\u00e7o! Esta ta\u00e7a, meticulosamente fabricada \u00e0 m\u00e3o, apresenta um acabamento f\u00facsia deslumbrante que capta o olhar e atrai a aten\u00e7\u00e3o em qualquer ambiente. No interior, dois flamingos cor-de-rosa entrela\u00e7am-se num cora\u00e7\u00e3o delicado, simbolizando amizade e liga\u00e7\u00e3o, enquanto uma borda adornada com cora\u00e7\u00f5es mais pequenos refor\u00e7a o seu car\u00e1ter l\u00fadico e rom\u00e2ntico.<\/p>\n<p>O uso do coco como material de base traz autenticidade e um estilo natural ao design, representando um artesanato tradicional passado de gera\u00e7\u00e3o em gera\u00e7\u00e3o em v\u00e1rias culturas. Esta ta\u00e7a n\u00e3o \u00e9 apenas ideal para servir snacks ou exibir pequenas decora\u00e7\u00f5es, mas tamb\u00e9m funciona como um elemento decorativo em prateleiras, mesas e cantos especiais da sua casa.<\/p>\n<p>Na Ol\u00e9 Mosaic, especializamo-nos na distribui\u00e7\u00e3o por grosso de lembran\u00e7as que capturam a ess\u00eancia da cultura e da arte popular, e esta ta\u00e7a de coco \u00e9 um exemplo perfeito. Mergulhe no calor e na cor oferecidos por esta lembran\u00e7a, perfeita para turistas que procuram recordar a sua visita com um objeto aut\u00eantico e significativo. Como grossistas de produtos artesanais, garantimos qualidade e design em cada uma das nossas pe\u00e7as, tornando esta ta\u00e7a uma excelente escolha para lojas de presentes tur\u00edsticos.<\/p>\n","protected":false},"excerpt":{"rendered":"<p>Ta\u00e7a de coco f\u00facsia decorada com um design vibrante de flamingo e cora\u00e7\u00f5es, perfeita para adicionar um toque alegre a qualquer espa\u00e7o. Esta ta\u00e7a feita \u00e0 m\u00e3o apresenta uma cor f\u00facsia brilhante que destaca o seu acabamento liso e brilhante. No interior, dois flamingos cor-de-rosa entrela\u00e7am-se para formar um cora\u00e7\u00e3o delicado, enquanto uma borda com cora\u00e7\u00f5es mais pequenos adiciona um toque divertido. Ideal para decora\u00e7\u00e3o ou como pe\u00e7a funcional em casa.<\/p>\n","protected":false},"featured_media":13461,"template":"","meta":{"_acf_changed":false},"product_brand":[],"product_cat":[513],"product_tag":[516],"class_list":{"0":"post-37679","1":"product","2":"type-product","3":"status-publish","4":"has-post-thumbnail","6":"product_cat-bols","7":"product_tag-animais","8":"pa_motivo-flamingos","10":"first","11":"instock","12":"shipping-taxable","13":"product-type-simple"},"acf":[],"_links":{"self":[{"href":"https:\/\/olemosaic.orbitalia.org\/pt-pt\/wp-json\/wp\/v2\/product\/37679","targetHints":{"allow":["GET"]}}],"collection":[{"href":"https:\/\/olemosaic.orbitalia.org\/pt-pt\/wp-json\/wp\/v2\/product"}],"about":[{"href":"https:\/\/olemosaic.orbitalia.org\/pt-pt\/wp-json\/wp\/v2\/types\/product"}],"wp:featuredmedia":[{"embeddable":true,"href":"https:\/\/olemosaic.orbitalia.org\/pt-pt\/wp-json\/wp\/v2\/media\/13461"}],"wp:attachment":[{"href":"https:\/\/olemosaic.orbitalia.org\/pt-pt\/wp-json\/wp\/v2\/media?parent=37679"}],"wp:term":[{"taxonomy":"product_brand","embeddable":true,"href":"https:\/\/olemosaic.orbitalia.org\/pt-pt\/wp-json\/wp\/v2\/product_brand?post=37679"},{"taxonomy":"product_cat","embeddable":true,"href":"https:\/\/olemosaic.orbitalia.org\/pt-pt\/wp-json\/wp\/v2\/product_cat?post=37679"},{"taxonomy":"product_tag","embeddable":true,"href":"https:\/\/olemosaic.orbitalia.org\/pt-pt\/wp-json\/wp\/v2\/product_tag?post=37679"}],"curies":[{"name":"wp","href":"https:\/\/api.w.org\/{rel}","templated":true}]}}