{"id":37675,"date":"2025-02-20T23:27:49","date_gmt":"2025-02-20T22:27:49","guid":{"rendered":"https:\/\/olemosaic.orbitalia.org\/producto\/toro-figura-de-resina-de-24-cm-pintada-a-mano\/"},"modified":"2025-07-25T19:58:37","modified_gmt":"2025-07-25T17:58:37","slug":"touro-figura-mosaico-24-cm-resina-pintada-mao","status":"publish","type":"product","link":"https:\/\/olemosaic.orbitalia.org\/pt-pt\/produto\/touro-figura-mosaico-24-cm-resina-pintada-mao\/","title":{"rendered":"Touro. Figura de Mosaico de 24 cm. Mosaico."},"content":{"rendered":"<p>Apresentamos a figura de touro em resina de 24 cm com efeito pintado \u00e0 m\u00e3o! Esta recorda\u00e7\u00e3o cativante capta a ess\u00eancia vibrante do folclore espanhol, simbolizando a for\u00e7a e a tradi\u00e7\u00e3o que definem a cultura de Espanha. Cada figura \u00e9 trabalhada artesanalmente, destacando um impressionante design de mosaico que exibe uma paleta de cores intensas como o vermelho, o amarelo e o preto. Estes tons n\u00e3o s\u00f3 conferem um ar alegre e marcante, como tamb\u00e9m refletem o esp\u00edrito festivo caracter\u00edstico das celebra\u00e7\u00f5es espanholas.<\/p>\n<p>A aten\u00e7\u00e3o aos detalhes em cada fragmento de cor torna esta figura de touro um objeto de decora\u00e7\u00e3o excecional, ideal para quem procura uma recorda\u00e7\u00e3o aut\u00eantica da sua visita a Espanha. Este touro n\u00e3o \u00e9 apenas um objeto decorativo, mas um s\u00edmbolo que evoca a tradi\u00e7\u00e3o da tauromaquia, profundamente enraizada na hist\u00f3ria cultural espanhola. A rica heran\u00e7a das touradas, que fazem parte do patrim\u00f3nio espanhol, reflete-se nesta engenhosa representa\u00e7\u00e3o art\u00edstica.<\/p>\n<p>Na Ol\u00e9 Mosaic, somos a sua melhor escolha como distribuidor de recorda\u00e7\u00f5es t\u00edpicas, oferecendo artigos \u00fanicos que celebram a cultura espanhola. Este touro de resina, com o seu design colorido e artesanato excecional, \u00e9 uma excelente escolha para lojas de presentes tur\u00edsticos que necessitam de recorda\u00e7\u00f5es aut\u00eanticas que realcem a rica heran\u00e7a de Espanha.<\/p>\n","protected":false},"excerpt":{"rendered":"<p>Figura de touro de 24 cm, design artesanal, pintada \u00e0 m\u00e3o, com um design de mosaico vibrante que capta a ess\u00eancia do folclore espanhol. Esta pe\u00e7a representa um s\u00edmbolo de for\u00e7a e tradi\u00e7\u00e3o, com cores intensas como o vermelho, o amarelo e o preto, conferindo-lhe uma apar\u00eancia marcante e alegre. Ideal como decora\u00e7\u00e3o ou recorda\u00e7\u00e3o, esta figura destaca-se pelo seu artesanato \u00fanico e detalhe cuidadoso em cada fragmento de cor.<\/p>\n","protected":false},"featured_media":6147,"template":"","meta":{"_acf_changed":false},"product_brand":[],"product_cat":[552],"product_tag":[516],"class_list":{"0":"post-37675","1":"product","2":"type-product","3":"status-publish","4":"has-post-thumbnail","6":"product_cat-numeros","7":"product_tag-animais","8":"pa_motivo-touros","10":"first","11":"instock","12":"shipping-taxable","13":"product-type-simple"},"acf":[],"_links":{"self":[{"href":"https:\/\/olemosaic.orbitalia.org\/pt-pt\/wp-json\/wp\/v2\/product\/37675","targetHints":{"allow":["GET"]}}],"collection":[{"href":"https:\/\/olemosaic.orbitalia.org\/pt-pt\/wp-json\/wp\/v2\/product"}],"about":[{"href":"https:\/\/olemosaic.orbitalia.org\/pt-pt\/wp-json\/wp\/v2\/types\/product"}],"wp:featuredmedia":[{"embeddable":true,"href":"https:\/\/olemosaic.orbitalia.org\/pt-pt\/wp-json\/wp\/v2\/media\/6147"}],"wp:attachment":[{"href":"https:\/\/olemosaic.orbitalia.org\/pt-pt\/wp-json\/wp\/v2\/media?parent=37675"}],"wp:term":[{"taxonomy":"product_brand","embeddable":true,"href":"https:\/\/olemosaic.orbitalia.org\/pt-pt\/wp-json\/wp\/v2\/product_brand?post=37675"},{"taxonomy":"product_cat","embeddable":true,"href":"https:\/\/olemosaic.orbitalia.org\/pt-pt\/wp-json\/wp\/v2\/product_cat?post=37675"},{"taxonomy":"product_tag","embeddable":true,"href":"https:\/\/olemosaic.orbitalia.org\/pt-pt\/wp-json\/wp\/v2\/product_tag?post=37675"}],"curies":[{"name":"wp","href":"https:\/\/api.w.org\/{rel}","templated":true}]}}