{"id":37669,"date":"2025-02-20T23:31:55","date_gmt":"2025-02-20T22:31:55","guid":{"rendered":"https:\/\/olemosaic.orbitalia.org\/producto\/aimant-en-ceramique-barcelone-bleu\/"},"modified":"2025-02-20T23:31:55","modified_gmt":"2025-02-20T22:31:55","slug":"iman-ceramica-barcelona-azul-2","status":"publish","type":"product","link":"https:\/\/olemosaic.orbitalia.org\/pt-pt\/produto\/iman-ceramica-barcelona-azul-2\/","title":{"rendered":"\u00cdman de cer\u00e2mica. Barcelona. Azul."},"content":{"rendered":"<p>Este colorido \u00edman de cer\u00e2mica, que representa de forma v\u00edvida Barcelona, \u00e9 uma recorda\u00e7\u00e3o indispens\u00e1vel para todos os amantes da arquitetura e da cultura catal\u00e3s. Apresenta uma ilustra\u00e7\u00e3o detalhada da famosa Sagrada Fam\u00edlia, que se ergue majestosamente no centro, rodeada por outros monumentos emblem\u00e1ticos da cidade, como o Parque G\u00fcell e a Casa Batll\u00f3. A base \u00e9 adornada com um fundo de mosaico azul vivo, evocando os azulejos carater\u00edsticos de Gaud\u00ed que fazem de Barcelona um destino \u00fanico. Os detalhes pict\u00f3ricos pintados \u00e0 m\u00e3o s\u00e3o real\u00e7ados em tons marcantes de vermelho, verde e amarelo, real\u00e7ando o estilo arquitet\u00f3nico modernista que define a cidade.   <\/p>\n<p>Com a palavra &#8220;Barcelona&#8221; gravada no topo, este \u00edman n\u00e3o tem apenas uma fun\u00e7\u00e3o decorativa, \u00e9 tamb\u00e9m uma forma perfeita de levar um peda\u00e7o da capital catal\u00e3 para casa. Esta recorda\u00e7\u00e3o \u00e9 ideal para os turistas que desejam conservar uma lembran\u00e7a aut\u00eantica de Barcelona, simbolizando a rica hist\u00f3ria e a est\u00e9tica inovadora da cidade. <\/p>\n<p>Na Ol\u00e9 Mosaic, dedicamo-nos \u00e0 distribui\u00e7\u00e3o de recorda\u00e7\u00f5es por grosso que captam a ess\u00eancia cultural de Espanha. Este \u00edman \u00e9 uma excelente op\u00e7\u00e3o para as lojas de presentes tur\u00edsticos que procuram produtos que combinem qualidade e autenticidade, transformando cada compra numa experi\u00eancia cultural inesquec\u00edvel para os seus clientes. <\/p>\n","protected":false},"excerpt":{"rendered":"<p>\u00cdman de cer\u00e2mica colorido com uma representa\u00e7\u00e3o vibrante de Barcelona. Este \u00edman atraente representa a emblem\u00e1tica Sagrada Fam\u00edlia e outros locais da cidade, sobre um fundo de mosaico azul vivo. Os detalhes pict\u00f3ricos pintados \u00e0 m\u00e3o sobressaem, com vermelhos, verdes e amarelos marcantes que evocam o estilo arquitet\u00f3nico modernista. Com a palavra &#8220;Barcelona&#8221; gravada no topo, trata-se de uma excelente recorda\u00e7\u00e3o da capital catal\u00e3 e de uma adi\u00e7\u00e3o ideal a qualquer espa\u00e7o.   <\/p>\n","protected":false},"featured_media":12103,"template":"","meta":{"_acf_changed":false},"product_brand":[],"product_cat":[699],"product_tag":[515],"class_list":{"0":"post-37669","1":"product","2":"type-product","3":"status-publish","4":"has-post-thumbnail","6":"product_cat-imanes","7":"product_tag-ceramica","8":"pa_ciudad-barcelona","9":"pa_pais-espana","11":"first","12":"instock","13":"shipping-taxable","14":"product-type-simple"},"acf":[],"_links":{"self":[{"href":"https:\/\/olemosaic.orbitalia.org\/pt-pt\/wp-json\/wp\/v2\/product\/37669","targetHints":{"allow":["GET"]}}],"collection":[{"href":"https:\/\/olemosaic.orbitalia.org\/pt-pt\/wp-json\/wp\/v2\/product"}],"about":[{"href":"https:\/\/olemosaic.orbitalia.org\/pt-pt\/wp-json\/wp\/v2\/types\/product"}],"wp:featuredmedia":[{"embeddable":true,"href":"https:\/\/olemosaic.orbitalia.org\/pt-pt\/wp-json\/wp\/v2\/media\/12103"}],"wp:attachment":[{"href":"https:\/\/olemosaic.orbitalia.org\/pt-pt\/wp-json\/wp\/v2\/media?parent=37669"}],"wp:term":[{"taxonomy":"product_brand","embeddable":true,"href":"https:\/\/olemosaic.orbitalia.org\/pt-pt\/wp-json\/wp\/v2\/product_brand?post=37669"},{"taxonomy":"product_cat","embeddable":true,"href":"https:\/\/olemosaic.orbitalia.org\/pt-pt\/wp-json\/wp\/v2\/product_cat?post=37669"},{"taxonomy":"product_tag","embeddable":true,"href":"https:\/\/olemosaic.orbitalia.org\/pt-pt\/wp-json\/wp\/v2\/product_tag?post=37669"}],"curies":[{"name":"wp","href":"https:\/\/api.w.org\/{rel}","templated":true}]}}