{"id":37667,"date":"2025-02-20T23:31:54","date_gmt":"2025-02-20T22:31:54","guid":{"rendered":"https:\/\/olemosaic.orbitalia.org\/producto\/ceramic-ladle-panoramic-barcelona-beige\/"},"modified":"2025-11-21T13:18:39","modified_gmt":"2025-11-21T12:18:39","slug":"concha-ceramica-panoramica-barcelona-bege","status":"publish","type":"product","link":"https:\/\/olemosaic.orbitalia.org\/pt-pt\/produto\/concha-ceramica-panoramica-barcelona-bege\/","title":{"rendered":"Concha de cer\u00e2mica. Panor\u00e2mica. Barcelona. Bege"},"content":{"rendered":"<p>Esta concha de cer\u00e2mica \u00fanica apresenta um belo panorama de Barcelona, ideal para amantes da gastronomia e da cultura. Com uma base branca que real\u00e7a o seu design pintado \u00e0 m\u00e3o, a concha presta homenagem \u00e0 ic\u00f3nica Sagrada Fam\u00edlia, exibindo a sua majestade em tons vibrantes de bege e vermelho. A ilustra\u00e7\u00e3o capta o esplendor do monumento modernista, rodeado por mosaicos coloridos que evocam o estilo carater\u00edstico do arquiteto Antoni Gaud\u00ed, famoso pela sua contribui\u00e7\u00e3o \u00fanica para a paisagem arquitet\u00f3nica da cidade.  <\/p>\n<p>A borda vermelha da concha n\u00e3o s\u00f3 acrescenta um toque distintivo, como tamb\u00e9m complementa as cores vibrantes da ilustra\u00e7\u00e3o, transformando este utens\u00edlio numa pe\u00e7a de arte culin\u00e1ria. Ideal tanto para usar na cozinha como para embelezar qualquer canto da sua casa, esta concha torna-se uma recorda\u00e7\u00e3o representativa de Barcelona de que se lembrar\u00e1 sempre que a utilizar. <\/p>\n<p>Na Ol\u00e9 Mosaic, oferecemos esta concha como parte da nossa sele\u00e7\u00e3o de recorda\u00e7\u00f5es aut\u00eanticas que refletem a riqueza cultural e art\u00edstica de Barcelona. \u00c9 uma escolha perfeita para lojas de presentes tur\u00edsticos que procuram produtos distintivos e de qualidade, dando aos turistas um pedacinho da cidade para levarem para casa. <\/p>\n","protected":false},"excerpt":{"rendered":"<p>Concha de cer\u00e2mica com um belo panorama de Barcelona em tons de bege e vermelho. Esta elegante concha apresenta uma ilustra\u00e7\u00e3o detalhada da ic\u00f3nica Sagrada Fam\u00edlia, rodeada por mosaicos coloridos que evocam o estilo modernista da cidade. A borda vermelha acrescenta um toque distintivo, enquanto a base branca real\u00e7a as cores vibrantes do design artesanal pintado \u00e0 m\u00e3o. Ideal para usar na cozinha ou para decorar qualquer canto.   <\/p>\n","protected":false},"featured_media":7002,"template":"","meta":{"_acf_changed":false},"product_brand":[],"product_cat":[804],"product_tag":[515],"class_list":{"0":"post-37667","1":"product","2":"type-product","3":"status-publish","4":"has-post-thumbnail","6":"product_cat-conchas","7":"product_tag-ceramica","8":"pa_ciudad-barcelona","9":"pa_motivo-panoramas","10":"pa_pais-espana","12":"first","13":"instock","14":"shipping-taxable","15":"product-type-simple"},"acf":[],"_links":{"self":[{"href":"https:\/\/olemosaic.orbitalia.org\/pt-pt\/wp-json\/wp\/v2\/product\/37667","targetHints":{"allow":["GET"]}}],"collection":[{"href":"https:\/\/olemosaic.orbitalia.org\/pt-pt\/wp-json\/wp\/v2\/product"}],"about":[{"href":"https:\/\/olemosaic.orbitalia.org\/pt-pt\/wp-json\/wp\/v2\/types\/product"}],"wp:featuredmedia":[{"embeddable":true,"href":"https:\/\/olemosaic.orbitalia.org\/pt-pt\/wp-json\/wp\/v2\/media\/7002"}],"wp:attachment":[{"href":"https:\/\/olemosaic.orbitalia.org\/pt-pt\/wp-json\/wp\/v2\/media?parent=37667"}],"wp:term":[{"taxonomy":"product_brand","embeddable":true,"href":"https:\/\/olemosaic.orbitalia.org\/pt-pt\/wp-json\/wp\/v2\/product_brand?post=37667"},{"taxonomy":"product_cat","embeddable":true,"href":"https:\/\/olemosaic.orbitalia.org\/pt-pt\/wp-json\/wp\/v2\/product_cat?post=37667"},{"taxonomy":"product_tag","embeddable":true,"href":"https:\/\/olemosaic.orbitalia.org\/pt-pt\/wp-json\/wp\/v2\/product_tag?post=37667"}],"curies":[{"name":"wp","href":"https:\/\/api.w.org\/{rel}","templated":true}]}}