{"id":37663,"date":"2025-02-20T23:38:36","date_gmt":"2025-02-20T22:38:36","guid":{"rendered":"https:\/\/olemosaic.orbitalia.org\/producto\/bol-de-coco-azul-camino-de-santiago-3\/"},"modified":"2025-07-25T20:15:50","modified_gmt":"2025-07-25T18:15:50","slug":"taca-de-coco-azul-caminho-de-santiago-3","status":"publish","type":"product","link":"https:\/\/olemosaic.orbitalia.org\/pt-pt\/produto\/taca-de-coco-azul-caminho-de-santiago-3\/","title":{"rendered":"Ta\u00e7a de coco azul. Caminho de Santiago. Detalhes em branco."},"content":{"rendered":"<p>Esta ta\u00e7a de coco azul, decorada com belos motivos do Caminho de Santiago, \u00e9 um artigo artesanal \u00fanico que capta a ess\u00eancia desta emblem\u00e1tica rota de peregrina\u00e7\u00e3o. Fabricada em coco, apresenta um design pintado \u00e0 m\u00e3o com cora\u00e7\u00f5es coloridos em redor da ic\u00f3nica concha jacobeia, s\u00edmbolo que tem guiado peregrinos durante s\u00e9culos. A base da ta\u00e7a tem um acabamento elegante em branco e azul, criando um contraste vibrante que real\u00e7a a rica decora\u00e7\u00e3o e o artesanato do produto.<\/p>\n<p>A concha, situada no centro da ta\u00e7a juntamente com a inscri\u00e7\u00e3o &#8220;CAMINHO DE SANTIAGO&#8221;, n\u00e3o \u00e9 apenas um atrativo visual, mas tamb\u00e9m evoca o profundo significado espiritual desta hist\u00f3rica travessia, onde cada caminho conta uma hist\u00f3ria de fe e busca pessoal. Al\u00e9m disso, os cora\u00e7\u00f5es de diferentes cores que bordam a ta\u00e7a simbolizam a alegria e a diversidade de quem empreende esta viagem.<\/p>\n<p>Esta ta\u00e7a \u00e9 uma excelente op\u00e7\u00e3o para quem procura souvenirs aut\u00eanticos e representativos da cultura espanhola. Na Ol\u00e9 Mosaic, como distribuidores de lembran\u00e7as por grosso, oferecemos produtos que celebram as tradi\u00e7\u00f5es culturais atrav\u00e9s de artigos como esta ta\u00e7a de coco, ideal para lojas de presentes tur\u00edsticos que desejem oferecer aos seus clientes uma recorda\u00e7\u00e3o significativa da sua visita ao Caminho de Santiago. Sem d\u00favida, \u00e9 um presente perfeito que une a beleza do design com a riqueza da tradi\u00e7\u00e3o.<\/p>\n","protected":false},"excerpt":{"rendered":"<p>Ta\u00e7a de coco azul decorada com belos motivos do Caminho de Santiago. Esta atraente ta\u00e7a, elaborada em coco, apresenta um design artesanal, pintado \u00e0 m\u00e3o, com cora\u00e7\u00f5es coloridos e o distintivo s\u00edmbolo da concha, que evoca a tradi\u00e7\u00e3o dos peregrinos. A base da pe\u00e7a destaca-se com um acabamento branco e azul que contrasta com a vibrante decora\u00e7\u00e3o, tornando-a uma elegante recorda\u00e7\u00e3o que capta a ess\u00eancia da viagem espiritual.<\/p>\n","protected":false},"featured_media":10319,"template":"","meta":{"_acf_changed":false},"product_brand":[],"product_cat":[513],"product_tag":[],"class_list":{"0":"post-37663","1":"product","2":"type-product","3":"status-publish","4":"has-post-thumbnail","6":"product_cat-bols","7":"pa_ciudad-santiago","8":"pa_motivo-caminho-de-santiago","9":"pa_pais-espana","11":"first","12":"instock","13":"shipping-taxable","14":"product-type-simple"},"acf":[],"_links":{"self":[{"href":"https:\/\/olemosaic.orbitalia.org\/pt-pt\/wp-json\/wp\/v2\/product\/37663","targetHints":{"allow":["GET"]}}],"collection":[{"href":"https:\/\/olemosaic.orbitalia.org\/pt-pt\/wp-json\/wp\/v2\/product"}],"about":[{"href":"https:\/\/olemosaic.orbitalia.org\/pt-pt\/wp-json\/wp\/v2\/types\/product"}],"wp:featuredmedia":[{"embeddable":true,"href":"https:\/\/olemosaic.orbitalia.org\/pt-pt\/wp-json\/wp\/v2\/media\/10319"}],"wp:attachment":[{"href":"https:\/\/olemosaic.orbitalia.org\/pt-pt\/wp-json\/wp\/v2\/media?parent=37663"}],"wp:term":[{"taxonomy":"product_brand","embeddable":true,"href":"https:\/\/olemosaic.orbitalia.org\/pt-pt\/wp-json\/wp\/v2\/product_brand?post=37663"},{"taxonomy":"product_cat","embeddable":true,"href":"https:\/\/olemosaic.orbitalia.org\/pt-pt\/wp-json\/wp\/v2\/product_cat?post=37663"},{"taxonomy":"product_tag","embeddable":true,"href":"https:\/\/olemosaic.orbitalia.org\/pt-pt\/wp-json\/wp\/v2\/product_tag?post=37663"}],"curies":[{"name":"wp","href":"https:\/\/api.w.org\/{rel}","templated":true}]}}