{"id":37658,"date":"2025-02-20T22:38:36","date_gmt":"2025-02-20T22:38:36","guid":{"rendered":"https:\/\/olemosaic.orbitalia.org\/producto\/vaso-de-chupito-de-ceramica-toros-madrid-blanco\/"},"modified":"2025-07-25T19:22:22","modified_gmt":"2025-07-25T17:22:22","slug":"copo-de-shot-de-ceramica-touros-madrid-branco","status":"publish","type":"product","link":"https:\/\/olemosaic.orbitalia.org\/pt-pt\/produto\/copo-de-shot-de-ceramica-touros-madrid-branco\/","title":{"rendered":"Copo de shot de cer\u00e2mica. Touros. Madrid. Branco."},"content":{"rendered":"<p>Este copo de shot de cer\u00e2mica, decorado com um design vibrante de touros, \u00e9 uma aut\u00eantica recorda\u00e7\u00e3o de Madrid que capta a ess\u00eancia do folclore espanhol. Com um acabamento branco que real\u00e7a a sua eleg\u00e2ncia, este copo apresenta um interior cor-de-laranja, proporcionando um contraste chamativo que sublinha o seu design festivo. Exteriormente, a cer\u00e2mica mostra uma ilustra\u00e7\u00e3o colorida de mosaico que inclui a emblem\u00e1tica representa\u00e7\u00e3o de touros, um s\u00edmbolo profundamente enraizado na cultura madrilena, juntamente com um sol radiante e belas rosas, criando uma atmosfera vibrante e cheia de vida. As palavras &#8220;MADRID&#8221; est\u00e3o integradas no design, refor\u00e7ando a sua liga\u00e7\u00e3o com a cidade.<\/p>\n<p>Este copo, que combina funcionalidade e arte, \u00e9 perfeito para desfrutar das suas bebidas favoritas e, ao mesmo tempo, como objeto decorativo que presta homenagem \u00e0s tradi\u00e7\u00f5es espanholas. A sua autenticidade e o cuidado nos detalhes tornam-no uma recorda\u00e7\u00e3o representativa de Madrid, ideal para turistas que procuram recorda\u00e7\u00f5es aut\u00eanticas com valor cultural. Na Ol\u00e9 Mosaic, como grossistas de artigos de cer\u00e2mica e recorda\u00e7\u00f5es t\u00edpicas, oferecemos produtos que n\u00e3o s\u00f3 s\u00e3o visualmente atraentes, como tamb\u00e9m est\u00e3o imbu\u00eddos de uma rica heran\u00e7a cultural. Este copo \u00e9 uma excelente op\u00e7\u00e3o para lojas de presentes tur\u00edsticos que desejem oferecer aos seus clientes um pedacinho da cultura espanhola.<\/p>\n","protected":false},"excerpt":{"rendered":"<p>Copo de shot de cer\u00e2mica decorado com um design vibrante de touros, s\u00edmbolo do folclore espanhol, inspirado em Madrid. O copo apresenta um acabamento branco com o interior cor-de-laranja, e o seu exterior destaca uma ilustra\u00e7\u00e3o colorida em mosaico, com um sol radiante, rosas e a palavra &#8220;MADRID&#8221;. Perfeito para desfrutar das suas bebidas, este copo combina funcionalidade e arte numa requintada representa\u00e7\u00e3o cultural.<\/p>\n","protected":false},"featured_media":8588,"template":"","meta":{"_acf_changed":false},"product_brand":[],"product_cat":[815],"product_tag":[516,515],"class_list":{"0":"post-37658","1":"product","2":"type-product","3":"status-publish","4":"has-post-thumbnail","6":"product_cat-copos-de-shot","7":"product_tag-animais","8":"product_tag-ceramica","9":"pa_ciudad-madrid","10":"pa_motivo-touros","11":"pa_pais-espana","13":"first","14":"instock","15":"shipping-taxable","16":"product-type-simple"},"acf":[],"_links":{"self":[{"href":"https:\/\/olemosaic.orbitalia.org\/pt-pt\/wp-json\/wp\/v2\/product\/37658","targetHints":{"allow":["GET"]}}],"collection":[{"href":"https:\/\/olemosaic.orbitalia.org\/pt-pt\/wp-json\/wp\/v2\/product"}],"about":[{"href":"https:\/\/olemosaic.orbitalia.org\/pt-pt\/wp-json\/wp\/v2\/types\/product"}],"wp:featuredmedia":[{"embeddable":true,"href":"https:\/\/olemosaic.orbitalia.org\/pt-pt\/wp-json\/wp\/v2\/media\/8588"}],"wp:attachment":[{"href":"https:\/\/olemosaic.orbitalia.org\/pt-pt\/wp-json\/wp\/v2\/media?parent=37658"}],"wp:term":[{"taxonomy":"product_brand","embeddable":true,"href":"https:\/\/olemosaic.orbitalia.org\/pt-pt\/wp-json\/wp\/v2\/product_brand?post=37658"},{"taxonomy":"product_cat","embeddable":true,"href":"https:\/\/olemosaic.orbitalia.org\/pt-pt\/wp-json\/wp\/v2\/product_cat?post=37658"},{"taxonomy":"product_tag","embeddable":true,"href":"https:\/\/olemosaic.orbitalia.org\/pt-pt\/wp-json\/wp\/v2\/product_tag?post=37658"}],"curies":[{"name":"wp","href":"https:\/\/api.w.org\/{rel}","templated":true}]}}