{"id":37656,"date":"2025-02-20T23:38:35","date_gmt":"2025-02-20T22:38:35","guid":{"rendered":"https:\/\/olemosaic.orbitalia.org\/producto\/plato-de-ceramica-de-20-cm-toros-blanco-2\/"},"modified":"2025-07-25T19:27:07","modified_gmt":"2025-07-25T17:27:07","slug":"prato-de-ceramica-de-20-cm-touros-branco-2","status":"publish","type":"product","link":"https:\/\/olemosaic.orbitalia.org\/pt-pt\/produto\/prato-de-ceramica-de-20-cm-touros-branco-2\/","title":{"rendered":"Prato de cer\u00e2mica de 20 cm. Touros. Espanha. Branco."},"content":{"rendered":"<p>Este espetacular prato de cer\u00e2mica de 20 cm \u00e9 uma vibrante homenagem \u00e0 cultura espanhola, decorado com um design chamativo de touros que capta a ess\u00eancia do folclore espanhol. A pe\u00e7a apresenta um colorido estilo mosaico, onde os touros se destacam em ricos tons vermelhos e verdes, rodeados por uma paisagem de folhas e flores, tudo sobre um fundo branco radiante que real\u00e7a a beleza das ilustra\u00e7\u00f5es. A inscri\u00e7\u00e3o &#8220;ESPANHA&#8221; situa-se elegantemente na parte superior, adicionando um toque de autenticidade que o torna uma recorda\u00e7\u00e3o ideal de Espanha.<\/p>\n<p>A cer\u00e2mica destaca-se n\u00e3o s\u00f3 pelo seu design apelativo, mas tamb\u00e9m pelo seu acabamento brilhante que reflete a luz, real\u00e7ando ainda mais os detalhes art\u00edsticos da obra. Os touros, s\u00edmbolos da tradi\u00e7\u00e3o taurom\u00e1quica e do esp\u00edrito indom\u00e1vel de Espanha, erguem-se como \u00edcones de orgulho nacional, fazendo deste prato uma recorda\u00e7\u00e3o representativa que levar\u00e1 um peda\u00e7o da cultura espanhola a qualquer lar.<\/p>\n<p>A Ol\u00e9 Mosaic orgulha-se de oferecer recorda\u00e7\u00f5es de cer\u00e2mica aut\u00eantica, ideais para lojas de presentes tur\u00edsticos que procuram artigos de qualidade e relev\u00e2ncia cultural. Este prato de touros \u00e9 uma excelente op\u00e7\u00e3o para turistas que desejam levar um peda\u00e7o da tradi\u00e7\u00e3o espanhola, garantindo que a sua viagem a Espanha se veja refletida em cada momento.<\/p>\n","protected":false},"excerpt":{"rendered":"<p>Prato de cer\u00e2mica de 20 cm, decorado com um design vibrante de touros que simbolizam a cultura espanhola. Este prato apresenta um estilo mosaico em tons vermelhos, verdes e azuis, rodeado de folhas e flores, sobre um fundo branco. Com a inscri\u00e7\u00e3o &#8220;ESPANHA&#8221;, a sua superf\u00edcie brilhante e detalhada capta a ess\u00eancia do folclore espanhol, tornando-o uma recorda\u00e7\u00e3o atraente e ideal para qualquer amante da tradi\u00e7\u00e3o espanhola.<\/p>\n","protected":false},"featured_media":8562,"template":"","meta":{"_acf_changed":false},"product_brand":[],"product_cat":[629],"product_tag":[516,515],"class_list":{"0":"post-37656","1":"product","2":"type-product","3":"status-publish","4":"has-post-thumbnail","6":"product_cat-pratos-decorativos","7":"product_tag-animais","8":"product_tag-ceramica","9":"pa_motivo-touros","11":"first","12":"instock","13":"shipping-taxable","14":"product-type-simple"},"acf":[],"_links":{"self":[{"href":"https:\/\/olemosaic.orbitalia.org\/pt-pt\/wp-json\/wp\/v2\/product\/37656","targetHints":{"allow":["GET"]}}],"collection":[{"href":"https:\/\/olemosaic.orbitalia.org\/pt-pt\/wp-json\/wp\/v2\/product"}],"about":[{"href":"https:\/\/olemosaic.orbitalia.org\/pt-pt\/wp-json\/wp\/v2\/types\/product"}],"wp:featuredmedia":[{"embeddable":true,"href":"https:\/\/olemosaic.orbitalia.org\/pt-pt\/wp-json\/wp\/v2\/media\/8562"}],"wp:attachment":[{"href":"https:\/\/olemosaic.orbitalia.org\/pt-pt\/wp-json\/wp\/v2\/media?parent=37656"}],"wp:term":[{"taxonomy":"product_brand","embeddable":true,"href":"https:\/\/olemosaic.orbitalia.org\/pt-pt\/wp-json\/wp\/v2\/product_brand?post=37656"},{"taxonomy":"product_cat","embeddable":true,"href":"https:\/\/olemosaic.orbitalia.org\/pt-pt\/wp-json\/wp\/v2\/product_cat?post=37656"},{"taxonomy":"product_tag","embeddable":true,"href":"https:\/\/olemosaic.orbitalia.org\/pt-pt\/wp-json\/wp\/v2\/product_tag?post=37656"}],"curies":[{"name":"wp","href":"https:\/\/api.w.org\/{rel}","templated":true}]}}