{"id":37655,"date":"2025-02-20T23:38:35","date_gmt":"2025-02-20T22:38:35","guid":{"rendered":"https:\/\/olemosaic.orbitalia.org\/producto\/vaso-de-chupito-de-vidrio-glaceado-toro-2\/"},"modified":"2025-07-25T18:56:13","modified_gmt":"2025-07-25T16:56:13","slug":"copo-de-shot-de-vidro-fosco-touro-2","status":"publish","type":"product","link":"https:\/\/olemosaic.orbitalia.org\/pt-pt\/produto\/copo-de-shot-de-vidro-fosco-touro-2\/","title":{"rendered":"Copo de shot de vidro fosco. Touro. Motivo floral."},"content":{"rendered":"<p>Este copo de shot de vidro fosco, decorado com um vibrante touro, \u00e9 uma aut\u00eantica homenagem \u00e0 tradi\u00e7\u00e3o taurom\u00e1quica espanhola. A pe\u00e7a destaca-se pelo seu design cativante: um touro, s\u00edmbolo de for\u00e7a e valentia, apresenta-se num estilo mosaico inovador, elaborado com uma paleta de cores brilhantes que inclui tonalidades verdes, azuis e vermelhas. Este touro din\u00e2mico ergue-se sobre um fundo que simula a areia da pra\u00e7a, complementado por delicados motivos florais em verde e vermelho que emolduram a cena com um toque de frescura e eleg\u00e2ncia.<\/p>\n<p>O acabamento fosco do copo n\u00e3o s\u00f3 lhe confere um aspeto contempor\u00e2neo, como tamb\u00e9m real\u00e7a o seu brilho e textura, tornando-o um objeto apetec\u00edvel tanto para colecionadores como para turistas. Este recipiente funcional \u00e9 ideal para desfrutar das suas bebidas favoritas e, ao mesmo tempo, uma recorda\u00e7\u00e3o \u00fanica que encapsula a ess\u00eancia cultural de Espanha.<\/p>\n<p>Na Ol\u00e9 Mosaic, especializamo-nos na distribui\u00e7\u00e3o de recorda\u00e7\u00f5es por grosso que celebram a rica heran\u00e7a cultural espanhola. Este copo de shot de touro \u00e9 uma excelente op\u00e7\u00e3o para lojas de presentes tur\u00edsticos que procuram produtos aut\u00eanticos e de qualidade. Oferecemos copos de shot decorativos perfeitos para quem deseja levar um peda\u00e7o de Espanha na sua viagem.<\/p>\n","protected":false},"excerpt":{"rendered":"<p>Copo de shot de vidro fosco decorado com um vibrante touro em estilo mosaico, que evoca a tradi\u00e7\u00e3o taurom\u00e1quica de Espanha. Este atraente copo apresenta uma paleta de cores brilhantes, com um touro que exibe tonalidades verdes, azuis e vermelhas sobre um fundo que simula areia, rodeado de delicados motivos florais em verde e vermelho. O seu acabamento fosco confere-lhe um toque elegante e contempor\u00e2neo, perfeito para colecionadores ou como recorda\u00e7\u00e3o \u00fanica.<\/p>\n","protected":false},"featured_media":8806,"template":"","meta":{"_acf_changed":false},"product_brand":[],"product_cat":[815],"product_tag":[516],"class_list":{"0":"post-37655","1":"product","2":"type-product","3":"status-publish","4":"has-post-thumbnail","6":"product_cat-copos-de-shot","7":"product_tag-animais","8":"pa_motivo-touros","10":"first","11":"instock","12":"shipping-taxable","13":"product-type-simple"},"acf":[],"_links":{"self":[{"href":"https:\/\/olemosaic.orbitalia.org\/pt-pt\/wp-json\/wp\/v2\/product\/37655","targetHints":{"allow":["GET"]}}],"collection":[{"href":"https:\/\/olemosaic.orbitalia.org\/pt-pt\/wp-json\/wp\/v2\/product"}],"about":[{"href":"https:\/\/olemosaic.orbitalia.org\/pt-pt\/wp-json\/wp\/v2\/types\/product"}],"wp:featuredmedia":[{"embeddable":true,"href":"https:\/\/olemosaic.orbitalia.org\/pt-pt\/wp-json\/wp\/v2\/media\/8806"}],"wp:attachment":[{"href":"https:\/\/olemosaic.orbitalia.org\/pt-pt\/wp-json\/wp\/v2\/media?parent=37655"}],"wp:term":[{"taxonomy":"product_brand","embeddable":true,"href":"https:\/\/olemosaic.orbitalia.org\/pt-pt\/wp-json\/wp\/v2\/product_brand?post=37655"},{"taxonomy":"product_cat","embeddable":true,"href":"https:\/\/olemosaic.orbitalia.org\/pt-pt\/wp-json\/wp\/v2\/product_cat?post=37655"},{"taxonomy":"product_tag","embeddable":true,"href":"https:\/\/olemosaic.orbitalia.org\/pt-pt\/wp-json\/wp\/v2\/product_tag?post=37655"}],"curies":[{"name":"wp","href":"https:\/\/api.w.org\/{rel}","templated":true}]}}