{"id":37654,"date":"2025-02-20T23:38:35","date_gmt":"2025-02-20T22:38:35","guid":{"rendered":"https:\/\/olemosaic.orbitalia.org\/producto\/vaso-de-chupito-de-vidrio-toro-2\/"},"modified":"2025-07-25T18:57:00","modified_gmt":"2025-07-25T16:57:00","slug":"copo-de-shot-de-vidro-touro-2","status":"publish","type":"product","link":"https:\/\/olemosaic.orbitalia.org\/pt-pt\/produto\/copo-de-shot-de-vidro-touro-2\/","title":{"rendered":"Copo de shot de vidro. Touro. Detalhes florais"},"content":{"rendered":"<p>Este copo de shot de vidro, decorado com motivos taurom\u00e1quicos, \u00e9 uma express\u00e3o vibrante da rica tradi\u00e7\u00e3o cultural espanhola. Cada pe\u00e7a apresenta um design \u00fanico, onde touros estilizados, em cores chamativas como o verde, o vermelho e o azul, se integram artisticamente com elegantes detalhes florais. As ilustra\u00e7\u00f5es dos touros s\u00e3o inspiradas na emblem\u00e1tica representa\u00e7\u00e3o do toureio, uma arte que desperta paix\u00e3o em muitas regi\u00f5es de Espanha. A base do copo destaca um padr\u00e3o de fragmentos vermelhos, evocando a intensidade das festividades e celebra\u00e7\u00f5es t\u00edpicas.<\/p>\n<p>Este copo n\u00e3o \u00e9 apenas um acess\u00f3rio funcional para desfrutar de bebidas t\u00edpicas, mas tamb\u00e9m um souvenir que simboliza o car\u00e1ter festivo e a identidade cultural de Espanha. Ideal para celebrar em qualquer evento, o seu design colorido e alegre confere um toque de autenticidade e folclore, tornando-o uma recorda\u00e7\u00e3o perfeita para turistas que procuram levar consigo uma parte da cultura espanhola.<\/p>\n<p>Na Ol\u00e9 Mosaic, como grossista de souvenirs, oferecemos este copo de shot como uma excelente op\u00e7\u00e3o para lojas de presentes tur\u00edsticos. Os souvenirs taurom\u00e1quicos, como este copo, capturam a ess\u00eancia das tradi\u00e7\u00f5es locais e s\u00e3o um reflexo aut\u00eantico das festas espanholas, garantindo uma experi\u00eancia cultural rica e significativa para quem os adquire.<\/p>\n","protected":false},"excerpt":{"rendered":"<p>Copo de shot de vidro decorado com vibrantes motivos de touros, que representam a rica tradi\u00e7\u00e3o cultural espanhola. Cada copo apresenta um design \u00fanico, com touros em cores chamativas como verde, vermelho e azul, rodeados de elegantes detalhes florais. A base mostra um padr\u00e3o de fragmentos vermelhos que evoca a paix\u00e3o das festividades. Este copo \u00e9 ideal para desfrutar de bebidas t\u00edpicas em festas e celebra\u00e7\u00f5es, com um toque art\u00edstico e folcl\u00f3rico.<\/p>\n","protected":false},"featured_media":8805,"template":"","meta":{"_acf_changed":false},"product_brand":[],"product_cat":[815],"product_tag":[516],"class_list":{"0":"post-37654","1":"product","2":"type-product","3":"status-publish","4":"has-post-thumbnail","6":"product_cat-copos-de-shot","7":"product_tag-animais","8":"pa_motivo-touros","10":"first","11":"instock","12":"shipping-taxable","13":"product-type-simple"},"acf":[],"_links":{"self":[{"href":"https:\/\/olemosaic.orbitalia.org\/pt-pt\/wp-json\/wp\/v2\/product\/37654","targetHints":{"allow":["GET"]}}],"collection":[{"href":"https:\/\/olemosaic.orbitalia.org\/pt-pt\/wp-json\/wp\/v2\/product"}],"about":[{"href":"https:\/\/olemosaic.orbitalia.org\/pt-pt\/wp-json\/wp\/v2\/types\/product"}],"wp:featuredmedia":[{"embeddable":true,"href":"https:\/\/olemosaic.orbitalia.org\/pt-pt\/wp-json\/wp\/v2\/media\/8805"}],"wp:attachment":[{"href":"https:\/\/olemosaic.orbitalia.org\/pt-pt\/wp-json\/wp\/v2\/media?parent=37654"}],"wp:term":[{"taxonomy":"product_brand","embeddable":true,"href":"https:\/\/olemosaic.orbitalia.org\/pt-pt\/wp-json\/wp\/v2\/product_brand?post=37654"},{"taxonomy":"product_cat","embeddable":true,"href":"https:\/\/olemosaic.orbitalia.org\/pt-pt\/wp-json\/wp\/v2\/product_cat?post=37654"},{"taxonomy":"product_tag","embeddable":true,"href":"https:\/\/olemosaic.orbitalia.org\/pt-pt\/wp-json\/wp\/v2\/product_tag?post=37654"}],"curies":[{"name":"wp","href":"https:\/\/api.w.org\/{rel}","templated":true}]}}