{"id":37652,"date":"2025-02-20T22:38:34","date_gmt":"2025-02-20T22:38:34","guid":{"rendered":"https:\/\/olemosaic.orbitalia.org\/producto\/vaso-de-ceramica-sardinas-blanco\/"},"modified":"2025-07-25T18:46:09","modified_gmt":"2025-07-25T16:46:09","slug":"copo-de-ceramica-sardinhas-branco","status":"publish","type":"product","link":"https:\/\/olemosaic.orbitalia.org\/pt-pt\/produto\/copo-de-ceramica-sardinhas-branco\/","title":{"rendered":"Copo de cer\u00e2mica. Sardinhas. Branco."},"content":{"rendered":"<p>Este copo de cer\u00e2mica, decorado com sardinhas chamativas, \u00e9 uma pe\u00e7a vibrante que adiciona cor e cultura a qualquer casa. O design apresenta sardinhas numa paleta de cores vivas, com tons fascinantes de azul, verde, amarelo, vermelho e laranja, que contrastam maravilhosamente com um fundo de azulejos brancos e azuis, evocando a riqueza do estilo tradicional portugu\u00eas. A tampa turquesa n\u00e3o s\u00f3 \u00e9 funcional, como tamb\u00e9m complementa o design, permitindo desfrutar das suas bebidas favoritas sem derrames, enquanto celebra a aut\u00eantica heran\u00e7a mar\u00edtima da regi\u00e3o.<\/p>\n<p>Este copo \u00e9 mais do que um simples objeto decorativo; \u00e9 uma recorda\u00e7\u00e3o representativa da cultura costeira de Portugal, onde as sardinhas s\u00e3o um s\u00edmbolo de festividades e gastronomia. Tanto para o dia a dia como para ocasi\u00f5es especiais, o seu design alegre e colorido torna-o um souvenir ideal para turistas que procuram uma liga\u00e7\u00e3o aut\u00eantica com a tradi\u00e7\u00e3o portuguesa.<\/p>\n<p>Na Ol\u00e9 Mosaic especializamo-nos na distribui\u00e7\u00e3o de souvenirs por grosso, oferecendo produtos aut\u00eanticos e de qualidade. Este copo de cer\u00e2mica decorado com sardinhas \u00e9 uma excelente op\u00e7\u00e3o para lojas de presentes tur\u00edsticos que desejem contar com artigos \u00fanicos e culturais que reflitam a ess\u00eancia de Portugal. Como grossista de cer\u00e2mica, garantimos autenticidade e um design atraente em cada pe\u00e7a.<\/p>\n","protected":false},"excerpt":{"rendered":"<p>Copo de cer\u00e2mica decorado com sardinhas chamativas, ideal para adicionar um toque de cor e cultura a qualquer casa. Apresenta um design vibrante com sardinhas em tons azuis, verdes, amarelos, vermelhos e laranjas, sobre um fundo de azulejos brancos e azuis que evoca o estilo tradicional de Portugal. A sua tampa turquesa confere funcionalidade, tornando-o uma op\u00e7\u00e3o pr\u00e1tica para desfrutar das suas bebidas favoritas enquanto celebra a rica heran\u00e7a mar\u00edtima da regi\u00e3o.<\/p>\n","protected":false},"featured_media":9050,"template":"","meta":{"_acf_changed":false},"product_brand":[],"product_cat":[828],"product_tag":[516,515],"class_list":{"0":"post-37652","1":"product","2":"type-product","3":"status-publish","4":"has-post-thumbnail","6":"product_cat-copos","7":"product_tag-animais","8":"product_tag-ceramica","9":"pa_motivo-sardinhas","11":"first","12":"instock","13":"shipping-taxable","14":"product-type-simple"},"acf":[],"_links":{"self":[{"href":"https:\/\/olemosaic.orbitalia.org\/pt-pt\/wp-json\/wp\/v2\/product\/37652","targetHints":{"allow":["GET"]}}],"collection":[{"href":"https:\/\/olemosaic.orbitalia.org\/pt-pt\/wp-json\/wp\/v2\/product"}],"about":[{"href":"https:\/\/olemosaic.orbitalia.org\/pt-pt\/wp-json\/wp\/v2\/types\/product"}],"wp:featuredmedia":[{"embeddable":true,"href":"https:\/\/olemosaic.orbitalia.org\/pt-pt\/wp-json\/wp\/v2\/media\/9050"}],"wp:attachment":[{"href":"https:\/\/olemosaic.orbitalia.org\/pt-pt\/wp-json\/wp\/v2\/media?parent=37652"}],"wp:term":[{"taxonomy":"product_brand","embeddable":true,"href":"https:\/\/olemosaic.orbitalia.org\/pt-pt\/wp-json\/wp\/v2\/product_brand?post=37652"},{"taxonomy":"product_cat","embeddable":true,"href":"https:\/\/olemosaic.orbitalia.org\/pt-pt\/wp-json\/wp\/v2\/product_cat?post=37652"},{"taxonomy":"product_tag","embeddable":true,"href":"https:\/\/olemosaic.orbitalia.org\/pt-pt\/wp-json\/wp\/v2\/product_tag?post=37652"}],"curies":[{"name":"wp","href":"https:\/\/api.w.org\/{rel}","templated":true}]}}